{"id":447417,"date":"2022-01-21T15:46:33","date_gmt":"2022-01-21T15:46:33","guid":{"rendered":"https:\/\/hlncaxea.a2hosted.com\/?post_type=product&#038;p=447417"},"modified":"2025-08-27T16:10:32","modified_gmt":"2025-08-27T16:10:32","slug":"e27-smart-led-lamp-flexible-filament-bright-st64-220-240v-49w-280lm-1800krgb-e27","status":"publish","type":"product","link":"https:\/\/ledshoponline.be\/fr\/shop\/producten\/led-lampen\/led-filament-lampen\/e27-smart-led-lamp-flexible-filament-helder-st64-220-240v-49w-280lm-1800krgb-e27\/","title":{"rendered":"Ampoule LED E27 Smart Filament Flexible Lumineux ST64 220-240V 4.9W 280lm 1800K+RGB E27"},"content":{"rendered":"<p>Contr\u00f4lable avec un smartphone et une t\u00e9l\u00e9commande.<\/p>\n<p><iframe title=\"Calex Smart Clear Rustic ST64 - D\u00e9monstration du produit\" width=\"500\" height=\"281\" src=\"https:\/\/www.youtube.com\/embed\/rlu1GDDsJ3E?feature=oembed\" frameborder=\"0\" allow=\"accelerometer; autoplay; clipboard-write; encrypted-media; gyroscope; picture-in-picture; web-share\" referrerpolicy=\"strict-origin-when-cross-origin\" allowfullscreen><\/iframe><\/p>","protected":false},"excerpt":{"rendered":"<p>Magnifique ampoule LED ST64 en lumi\u00e8re blanche chaude RVB. Contr\u00f4lable avec un smartphone.<br \/>\nCr\u00e9er toutes les couleurs.<\/p>","protected":false},"featured_media":447418,"comment_status":"closed","ping_status":"closed","template":"","meta":{"_seopress_robots_primary_cat":"none","_seopress_titles_title":"","_seopress_titles_desc":"","_seopress_robots_index":""},"product_brand":[],"product_cat":[268,111,20],"product_tag":[793,180,794,198],"class_list":{"0":"post-447417","1":"product","2":"type-product","3":"status-publish","4":"has-post-thumbnail","6":"product_cat-led-filament-lampen","7":"product_cat-led-lamp-e27","8":"product_cat-led-lampen","9":"product_tag-2000k","10":"product_tag-dimbaar","11":"product_tag-e27-filament","12":"product_tag-segula","14":"first","15":"instock","16":"taxable","17":"shipping-taxable","18":"purchasable","19":"product-type-simple"},"_links":{"self":[{"href":"https:\/\/ledshoponline.be\/fr\/wp-json\/wp\/v2\/product\/447417","targetHints":{"allow":["GET"]}}],"collection":[{"href":"https:\/\/ledshoponline.be\/fr\/wp-json\/wp\/v2\/product"}],"about":[{"href":"https:\/\/ledshoponline.be\/fr\/wp-json\/wp\/v2\/types\/product"}],"replies":[{"embeddable":true,"href":"https:\/\/ledshoponline.be\/fr\/wp-json\/wp\/v2\/comments?post=447417"}],"version-history":[{"count":1,"href":"https:\/\/ledshoponline.be\/fr\/wp-json\/wp\/v2\/product\/447417\/revisions"}],"predecessor-version":[{"id":616623,"href":"https:\/\/ledshoponline.be\/fr\/wp-json\/wp\/v2\/product\/447417\/revisions\/616623"}],"wp:featuredmedia":[{"embeddable":true,"href":"https:\/\/ledshoponline.be\/fr\/wp-json\/wp\/v2\/media\/447418"}],"wp:attachment":[{"href":"https:\/\/ledshoponline.be\/fr\/wp-json\/wp\/v2\/media?parent=447417"}],"wp:term":[{"taxonomy":"product_brand","embeddable":true,"href":"https:\/\/ledshoponline.be\/fr\/wp-json\/wp\/v2\/product_brand?post=447417"},{"taxonomy":"product_cat","embeddable":true,"href":"https:\/\/ledshoponline.be\/fr\/wp-json\/wp\/v2\/product_cat?post=447417"},{"taxonomy":"product_tag","embeddable":true,"href":"https:\/\/ledshoponline.be\/fr\/wp-json\/wp\/v2\/product_tag?post=447417"}],"curies":[{"name":"wp","href":"https:\/\/api.w.org\/{rel}","templated":true}]}}