{"id":446555,"date":"2021-12-02T18:26:29","date_gmt":"2021-12-02T18:26:29","guid":{"rendered":"https:\/\/hlncaxea.a2hosted.com\/?post_type=product&#038;p=446555"},"modified":"2025-03-09T19:44:30","modified_gmt":"2025-03-09T19:44:30","slug":"gu10-led-spot-55w-2000-2700k-dimmable-variatone-2","status":"publish","type":"product","link":"https:\/\/ledshoponline.be\/fr\/shop\/producten\/led-spots\/led-spot-gu10-230v\/gu10-led-spot-55w-2000-2700k-dimbaar-variatone\/","title":{"rendered":"Spot LED GU10 5,5W - 2200-3000k dimmable DimTone"},"content":{"rendered":"<p>Cette s\u00e9rie porte les sources lumineuses multifonctionnelles \u00e0 un tout autre niveau. Les lampes peuvent \u00eatre facilement r\u00e9gl\u00e9es, passant d'une lumi\u00e8re vive, presque blanche, pour des usages fonctionnels, \u00e0 une lumi\u00e8re plus chaude, ambiante, pour des d\u00eeners aux chandelles dans un cadre plus chaleureux.<br \/>\nGr\u00e2ce \u00e0 son angle de rayonnement \u00e9troit, cette lampe est id\u00e9ale pour l'\u00e9clairage d'accentuation. De la lumi\u00e8re des bougies (2200 K) \u00e0 la lumi\u00e8re chaude et intense (3000 K) !<\/p>","protected":false},"excerpt":{"rendered":"<p>Deze serie brengt multifunctionele lichtbronnen naar een heel nieuw niveau. De lampen kunnen eenvoudig worden gedimd van helder, bijna wit,<\/p>","protected":false},"featured_media":446556,"comment_status":"closed","ping_status":"closed","template":"","meta":{"_seopress_robots_primary_cat":"","_seopress_titles_title":"","_seopress_titles_desc":"","_seopress_robots_index":""},"product_brand":[],"product_cat":[133,132,19],"product_tag":[937,180,938,939],"class_list":{"0":"post-446555","1":"product","2":"type-product","3":"status-publish","4":"has-post-thumbnail","6":"product_cat-led-spot-gu10-230v","7":"product_cat-led-spots","8":"product_cat-producten","9":"product_tag-2700k-led-spot","10":"product_tag-dimbaar","11":"product_tag-gu10-led-spoty","12":"product_tag-yarled-spot","14":"first","15":"instock","16":"sale","17":"taxable","18":"shipping-taxable","19":"purchasable","20":"product-type-simple"},"_links":{"self":[{"href":"https:\/\/ledshoponline.be\/fr\/wp-json\/wp\/v2\/product\/446555","targetHints":{"allow":["GET"]}}],"collection":[{"href":"https:\/\/ledshoponline.be\/fr\/wp-json\/wp\/v2\/product"}],"about":[{"href":"https:\/\/ledshoponline.be\/fr\/wp-json\/wp\/v2\/types\/product"}],"replies":[{"embeddable":true,"href":"https:\/\/ledshoponline.be\/fr\/wp-json\/wp\/v2\/comments?post=446555"}],"version-history":[{"count":0,"href":"https:\/\/ledshoponline.be\/fr\/wp-json\/wp\/v2\/product\/446555\/revisions"}],"wp:featuredmedia":[{"embeddable":true,"href":"https:\/\/ledshoponline.be\/fr\/wp-json\/wp\/v2\/media\/446556"}],"wp:attachment":[{"href":"https:\/\/ledshoponline.be\/fr\/wp-json\/wp\/v2\/media?parent=446555"}],"wp:term":[{"taxonomy":"product_brand","embeddable":true,"href":"https:\/\/ledshoponline.be\/fr\/wp-json\/wp\/v2\/product_brand?post=446555"},{"taxonomy":"product_cat","embeddable":true,"href":"https:\/\/ledshoponline.be\/fr\/wp-json\/wp\/v2\/product_cat?post=446555"},{"taxonomy":"product_tag","embeddable":true,"href":"https:\/\/ledshoponline.be\/fr\/wp-json\/wp\/v2\/product_tag?post=446555"}],"curies":[{"name":"wp","href":"https:\/\/api.w.org\/{rel}","templated":true}]}}