{"id":446355,"date":"2021-11-23T19:40:19","date_gmt":"2021-11-23T19:40:19","guid":{"rendered":"https:\/\/hlncaxea.a2hosted.com\/?post_type=product&#038;p=446355"},"modified":"2025-09-12T17:03:20","modified_gmt":"2025-09-12T17:03:20","slug":"lampadaire-intelligent-rgb-digital-warm-white-12w-500lm-3000k-avec-telecommande","status":"publish","type":"product","link":"https:\/\/ledshoponline.be\/fr\/shop\/producten\/armaturen\/buitenverlichting\/smart-vloerlamp-rgb-digital-warm-wit-12w-500lm-3000k-inclusief-remote\/","title":{"rendered":"Lampadaire intelligent RGB digital + blanc chaud 12W 500lm 3000K avec t\u00e9l\u00e9commande"},"content":{"rendered":"<p>Placez cet \u00e9l\u00e9gant lampadaire intelligent avec bo\u00eetier noir n'importe o\u00f9 dans votre maison. Il est parfait pour un \u00e9clairage d'appoint derri\u00e8re votre canap\u00e9 ou dans les coins de votre maison. Choisissez parmi plus de 100 options de couleurs ou une lumi\u00e8re blanche r\u00e9glable pour une ambiance optimale.<\/p>\n<p>Ce lampadaire mesure 146 mm de haut et 23,5 mm de large.<\/p>\n<p>Avantages :<\/p>\n<p>- Installation facile gr\u00e2ce \u00e0 l'application gratuite Calex<\/p>\n<p>- Profitez de plus de 100 options de couleurs et d'une lumi\u00e8re blanche r\u00e9glable<\/p>\n<p>- Diminution directe de l'intensit\u00e9 lumineuse<\/p>\n<p>- Fonctionne avec Google Home, Amazon Alexa et Siri<\/p>\n<p>&nbsp;<\/p>\n<h3>Plus d'informations sur son fonctionnement :<\/h3>\n<p><a href=\"https:\/\/www.youtube.com\/watch?v=6DzEVYLn_Ec\">https:\/\/www.youtube.com\/watch?v=6DzEVYLn_Ec<\/a><\/p>","protected":false},"excerpt":{"rendered":"<p>Plaats deze stijlvolle slimme vloerlamp met zwarte behuizing waar je maar wil in huis. Hij is perfect geschikt als accentverlichting<\/p>","protected":false},"featured_media":446356,"comment_status":"closed","ping_status":"closed","template":"","meta":{"_seopress_robots_primary_cat":"none","_seopress_titles_title":"","_seopress_titles_desc":"","_seopress_robots_index":""},"product_brand":[],"product_cat":[87,90,20,19,514,153],"product_tag":[230,929],"class_list":{"0":"post-446355","1":"product","2":"type-product","3":"status-publish","4":"has-post-thumbnail","6":"product_cat-armaturen","7":"product_cat-buitenverlichting","8":"product_cat-led-lampen","9":"product_cat-producten","10":"product_cat-smart-home","11":"product_cat-vloer-tafellampen","12":"product_tag-230v-ledstrip","13":"product_tag-led-slang","15":"first","16":"instock","17":"sale","18":"taxable","19":"shipping-taxable","20":"purchasable","21":"product-type-simple"},"_links":{"self":[{"href":"https:\/\/ledshoponline.be\/fr\/wp-json\/wp\/v2\/product\/446355","targetHints":{"allow":["GET"]}}],"collection":[{"href":"https:\/\/ledshoponline.be\/fr\/wp-json\/wp\/v2\/product"}],"about":[{"href":"https:\/\/ledshoponline.be\/fr\/wp-json\/wp\/v2\/types\/product"}],"replies":[{"embeddable":true,"href":"https:\/\/ledshoponline.be\/fr\/wp-json\/wp\/v2\/comments?post=446355"}],"version-history":[{"count":1,"href":"https:\/\/ledshoponline.be\/fr\/wp-json\/wp\/v2\/product\/446355\/revisions"}],"predecessor-version":[{"id":555155,"href":"https:\/\/ledshoponline.be\/fr\/wp-json\/wp\/v2\/product\/446355\/revisions\/555155"}],"wp:featuredmedia":[{"embeddable":true,"href":"https:\/\/ledshoponline.be\/fr\/wp-json\/wp\/v2\/media\/446356"}],"wp:attachment":[{"href":"https:\/\/ledshoponline.be\/fr\/wp-json\/wp\/v2\/media?parent=446355"}],"wp:term":[{"taxonomy":"product_brand","embeddable":true,"href":"https:\/\/ledshoponline.be\/fr\/wp-json\/wp\/v2\/product_brand?post=446355"},{"taxonomy":"product_cat","embeddable":true,"href":"https:\/\/ledshoponline.be\/fr\/wp-json\/wp\/v2\/product_cat?post=446355"},{"taxonomy":"product_tag","embeddable":true,"href":"https:\/\/ledshoponline.be\/fr\/wp-json\/wp\/v2\/product_tag?post=446355"}],"curies":[{"name":"wp","href":"https:\/\/api.w.org\/{rel}","templated":true}]}}