{"id":446256,"date":"2021-11-16T16:35:03","date_gmt":"2021-11-16T16:35:03","guid":{"rendered":"https:\/\/hlncaxea.a2hosted.com\/?post_type=product&#038;p=446256"},"modified":"2025-03-09T19:44:28","modified_gmt":"2025-03-09T19:44:28","slug":"passerelle-maillee-bluetooth-smart-outdoor-link","status":"publish","type":"product","link":"https:\/\/ledshoponline.be\/fr\/shop\/producten\/armaturen\/buitenverlichting\/smart-outdoor-link-bluetooth-mesh-gateway\/","title":{"rendered":"Passerelle Bluetooth Mesh Smart Outdoor Link"},"content":{"rendered":"<p>Rendre votre jardin intelligent n'a jamais \u00e9t\u00e9 aussi facile qu'avec la collection Calex Smart Outdoor. Le Calex Link capte la connexion WiFi locale (2,4 GHz) et la distribue via Bluetooth Mesh \u00e0 au moins un appareil Calex Outdoor dans le jardin. Les appareils Calex se connectent les uns aux autres et diffusent la connexion forte tant qu'ils restent \u00e0 port\u00e9e les uns des autres. Ainsi, vous augmentez consid\u00e9rablement la port\u00e9e de votre jardin sans compromettre la connexion. Enti\u00e8rement int\u00e9gr\u00e9 \u00e0 l'application intelligente Calex, le Calex Link fonctionne aussi facilement via Amazon Alexa, Google Home et Apple's Siri.<\/p>\n<p>&nbsp;<\/p>\n<p><iframe title=\"CALEX Smart Outdoor Link Gateway - Comment \u00e7a marche ?\" width=\"500\" height=\"281\" src=\"https:\/\/www.youtube.com\/embed\/NYGCJN5lAEE?feature=oembed\" frameborder=\"0\" allow=\"accelerometer; autoplay; clipboard-write; encrypted-media; gyroscope; picture-in-picture; web-share\" referrerpolicy=\"strict-origin-when-cross-origin\" allowfullscreen><\/iframe><\/p>","protected":false},"excerpt":{"rendered":"<p>Je tuin smart maken was nog nooit zo eenvoudig als met de Calex Smart Outdoor collectie. De Calex Link pikt<\/p>","protected":false},"featured_media":446257,"comment_status":"closed","ping_status":"closed","template":"","meta":{"_seopress_robots_primary_cat":"","_seopress_titles_title":"","_seopress_titles_desc":"","_seopress_robots_index":""},"product_brand":[],"product_cat":[87,90,889,243,242,19,514],"product_tag":[612,613,690],"class_list":{"0":"post-446256","1":"product","2":"type-product","3":"status-publish","4":"has-post-thumbnail","6":"product_cat-armaturen","7":"product_cat-buitenverlichting","8":"product_cat-camerabewaking","9":"product_cat-led-schijnwerpers","10":"product_cat-pro-led-verlichting","11":"product_cat-producten","12":"product_cat-smart-home","13":"product_tag-bouwlamp-led","14":"product_tag-breesstraler","15":"product_tag-led-schijnwerper","17":"first","18":"instock","19":"taxable","20":"shipping-taxable","21":"purchasable","22":"product-type-simple"},"_links":{"self":[{"href":"https:\/\/ledshoponline.be\/fr\/wp-json\/wp\/v2\/product\/446256","targetHints":{"allow":["GET"]}}],"collection":[{"href":"https:\/\/ledshoponline.be\/fr\/wp-json\/wp\/v2\/product"}],"about":[{"href":"https:\/\/ledshoponline.be\/fr\/wp-json\/wp\/v2\/types\/product"}],"replies":[{"embeddable":true,"href":"https:\/\/ledshoponline.be\/fr\/wp-json\/wp\/v2\/comments?post=446256"}],"version-history":[{"count":0,"href":"https:\/\/ledshoponline.be\/fr\/wp-json\/wp\/v2\/product\/446256\/revisions"}],"wp:featuredmedia":[{"embeddable":true,"href":"https:\/\/ledshoponline.be\/fr\/wp-json\/wp\/v2\/media\/446257"}],"wp:attachment":[{"href":"https:\/\/ledshoponline.be\/fr\/wp-json\/wp\/v2\/media?parent=446256"}],"wp:term":[{"taxonomy":"product_brand","embeddable":true,"href":"https:\/\/ledshoponline.be\/fr\/wp-json\/wp\/v2\/product_brand?post=446256"},{"taxonomy":"product_cat","embeddable":true,"href":"https:\/\/ledshoponline.be\/fr\/wp-json\/wp\/v2\/product_cat?post=446256"},{"taxonomy":"product_tag","embeddable":true,"href":"https:\/\/ledshoponline.be\/fr\/wp-json\/wp\/v2\/product_tag?post=446256"}],"curies":[{"name":"wp","href":"https:\/\/api.w.org\/{rel}","templated":true}]}}