{"id":446186,"date":"2021-11-11T09:02:19","date_gmt":"2021-11-11T09:02:19","guid":{"rendered":"https:\/\/hlncaxea.a2hosted.com\/?post_type=product&#038;p=446186"},"modified":"2025-03-09T19:44:27","modified_gmt":"2025-03-09T19:44:27","slug":"lumieres-de-noel-intelligentes-rgb-200-leds-25-metres-pour-linterieur-et-lexterieur","status":"publish","type":"product","link":"https:\/\/ledshoponline.be\/fr\/shop\/producten\/armaturen\/buitenverlichting\/smart-kerstverlichting-rgb-200-leds-25-meter-voor-binnen-buiten-gebruik\/","title":{"rendered":"Lumi\u00e8res de No\u00ebl intelligentes - RGB - 200 LED - 25 m\u00e8tres - Pour l'int\u00e9rieur et l'ext\u00e9rieur"},"content":{"rendered":"<p>Cette lumi\u00e8re de No\u00ebl intelligente avec fonction RVB (multicolore) mesure 25 m\u00e8tres de long, comporte 200 LED intelligentes et est parfaite pour d\u00e9corer votre arbre de No\u00ebl. Passez facilement d'une couleur \u00e0 l'autre. Vous avez le choix entre plus de 100 options. Vous contr\u00f4lez cette guirlande lumineuse intelligente par wifi avec l'appli gratuite Calex ou la t\u00e9l\u00e9commande Calex, m\u00eame lorsque vous n'\u00eates pas \u00e0 la maison. R\u00e9glez des minuteries en fonction de vos activit\u00e9s quotidiennes et programmez des sc\u00e8nes en fonction de votre humeur. Ce produit fonctionne facilement via Amazon Alexa, Google Home et Siri d'Apple.<\/p>\n<p>Cette bande LED convient \u00e0 une utilisation int\u00e9rieure et ext\u00e9rieure.<\/p>","protected":false},"excerpt":{"rendered":"<p>Deze slimme kerstverlichting met RGB (multicolor) functie is 25 meter lang, heeft 200 slimme leds en is perfect geschikt om<\/p>","protected":false},"featured_media":446187,"comment_status":"closed","ping_status":"closed","template":"","meta":{"_seopress_robots_primary_cat":"","_seopress_titles_title":"","_seopress_titles_desc":"","_seopress_robots_index":""},"product_brand":[],"product_cat":[90,19,514],"product_tag":[230,929],"class_list":{"0":"post-446186","1":"product","2":"type-product","3":"status-publish","4":"has-post-thumbnail","6":"product_cat-buitenverlichting","7":"product_cat-producten","8":"product_cat-smart-home","9":"product_tag-230v-ledstrip","10":"product_tag-led-slang","12":"first","13":"outofstock","14":"sale","15":"taxable","16":"shipping-taxable","17":"purchasable","18":"product-type-simple"},"_links":{"self":[{"href":"https:\/\/ledshoponline.be\/fr\/wp-json\/wp\/v2\/product\/446186","targetHints":{"allow":["GET"]}}],"collection":[{"href":"https:\/\/ledshoponline.be\/fr\/wp-json\/wp\/v2\/product"}],"about":[{"href":"https:\/\/ledshoponline.be\/fr\/wp-json\/wp\/v2\/types\/product"}],"replies":[{"embeddable":true,"href":"https:\/\/ledshoponline.be\/fr\/wp-json\/wp\/v2\/comments?post=446186"}],"version-history":[{"count":0,"href":"https:\/\/ledshoponline.be\/fr\/wp-json\/wp\/v2\/product\/446186\/revisions"}],"wp:featuredmedia":[{"embeddable":true,"href":"https:\/\/ledshoponline.be\/fr\/wp-json\/wp\/v2\/media\/446187"}],"wp:attachment":[{"href":"https:\/\/ledshoponline.be\/fr\/wp-json\/wp\/v2\/media?parent=446186"}],"wp:term":[{"taxonomy":"product_brand","embeddable":true,"href":"https:\/\/ledshoponline.be\/fr\/wp-json\/wp\/v2\/product_brand?post=446186"},{"taxonomy":"product_cat","embeddable":true,"href":"https:\/\/ledshoponline.be\/fr\/wp-json\/wp\/v2\/product_cat?post=446186"},{"taxonomy":"product_tag","embeddable":true,"href":"https:\/\/ledshoponline.be\/fr\/wp-json\/wp\/v2\/product_tag?post=446186"}],"curies":[{"name":"wp","href":"https:\/\/api.w.org\/{rel}","templated":true}]}}