{"id":445564,"date":"2021-08-30T07:09:46","date_gmt":"2021-08-30T07:09:46","guid":{"rendered":"https:\/\/hlncaxea.a2hosted.com\/?post_type=product&#038;p=445564"},"modified":"2026-02-01T18:31:18","modified_gmt":"2026-02-01T18:31:18","slug":"bande-led-cob-24v-5m-blanc-chaud-2700k-8w-m-2","status":"publish","type":"product","link":"https:\/\/ledshoponline.be\/fr\/shop\/producten\/led-strips\/led-strips-24v\/led-cob-strip-24v-5m-warm-wit-2700k-8w-m\/","title":{"rendered":"Bande LED COB 24v 5m Blanc chaud | 10w\/m"},"content":{"rendered":"","protected":false},"excerpt":{"rendered":"<p>Nouveau ! Bande de LED COB avec une lumi\u00e8re uniform\u00e9ment dispers\u00e9e. Dans un beau blanc chaud <strong>+-3000k.<\/strong><\/p>\n<p>Couper par 5 cm.<br \/>\nOption Trafo : <a href=\"https:\/\/ledshoponline.be\/fr\/boutique-2\/produits-2\/accessoires-2\/trafos-a-led-12v-24v-2\/alimentation-led-ip67-meanwell-24v-60w-2\/\">Transformateur 24v 60w<\/a><\/p>","protected":false},"featured_media":445565,"comment_status":"closed","ping_status":"closed","template":"","meta":{"_seopress_robots_primary_cat":"none","_seopress_titles_title":"","_seopress_titles_desc":"","_seopress_robots_index":""},"product_brand":[],"product_cat":[40,422,19],"product_tag":[45,293,314],"class_list":{"0":"post-445564","1":"product","2":"type-product","3":"status-publish","4":"has-post-thumbnail","6":"product_cat-led-strips","7":"product_cat-led-strips-24v","8":"product_cat-producten","9":"product_tag-12v","10":"product_tag-led-strip","11":"product_tag-warm-wit","13":"first","14":"instock","15":"sale","16":"taxable","17":"shipping-taxable","18":"purchasable","19":"product-type-simple"},"_links":{"self":[{"href":"https:\/\/ledshoponline.be\/fr\/wp-json\/wp\/v2\/product\/445564","targetHints":{"allow":["GET"]}}],"collection":[{"href":"https:\/\/ledshoponline.be\/fr\/wp-json\/wp\/v2\/product"}],"about":[{"href":"https:\/\/ledshoponline.be\/fr\/wp-json\/wp\/v2\/types\/product"}],"replies":[{"embeddable":true,"href":"https:\/\/ledshoponline.be\/fr\/wp-json\/wp\/v2\/comments?post=445564"}],"version-history":[{"count":2,"href":"https:\/\/ledshoponline.be\/fr\/wp-json\/wp\/v2\/product\/445564\/revisions"}],"predecessor-version":[{"id":680282,"href":"https:\/\/ledshoponline.be\/fr\/wp-json\/wp\/v2\/product\/445564\/revisions\/680282"}],"wp:featuredmedia":[{"embeddable":true,"href":"https:\/\/ledshoponline.be\/fr\/wp-json\/wp\/v2\/media\/445565"}],"wp:attachment":[{"href":"https:\/\/ledshoponline.be\/fr\/wp-json\/wp\/v2\/media?parent=445564"}],"wp:term":[{"taxonomy":"product_brand","embeddable":true,"href":"https:\/\/ledshoponline.be\/fr\/wp-json\/wp\/v2\/product_brand?post=445564"},{"taxonomy":"product_cat","embeddable":true,"href":"https:\/\/ledshoponline.be\/fr\/wp-json\/wp\/v2\/product_cat?post=445564"},{"taxonomy":"product_tag","embeddable":true,"href":"https:\/\/ledshoponline.be\/fr\/wp-json\/wp\/v2\/product_tag?post=445564"}],"curies":[{"name":"wp","href":"https:\/\/api.w.org\/{rel}","templated":true}]}}