{"id":445481,"date":"2021-08-18T09:12:18","date_gmt":"2021-08-18T09:12:18","guid":{"rendered":"https:\/\/hlncaxea.a2hosted.com\/?post_type=product&#038;p=445481"},"modified":"2025-09-03T14:49:23","modified_gmt":"2025-09-03T14:49:23","slug":"projecteur-exterieur-intelligent-24w-3000k-6500k-avec-detecteur-de-mouvement","status":"publish","type":"product","link":"https:\/\/ledshoponline.be\/fr\/shop\/producten\/armaturen\/buitenverlichting\/smart-outdoor-schijnwerper-24w-3000k-6500k-met-bewegingssensor\/","title":{"rendered":"Projecteur ext\u00e9rieur intelligent 24W 3000K-6500K avec d\u00e9tecteur de mouvement"},"content":{"rendered":"<p>Un spot LED intelligent que vous pouvez faire passer du blanc chaud \u00e0 la lumi\u00e8re du jour. Vous pouvez \u00e9galement faire varier l'intensit\u00e9 du radiateur \u00e0 l'aide de l'application.<\/p>\r\n\r\n\r\n\r\n<p>Spot LED de s\u00e9curit\u00e9 sans cadre avec capteur. Contr\u00f4lable avec l'application de 3000-6500K<\/p>\r\n\r\n\r\n\r\n<p>Ce faisceau large de s\u00e9curit\u00e9 intelligent pour l'ext\u00e9rieur est parfait pour \u00e9clairer efficacement de grandes zones. Pensez au jardin, \u00e0 l'all\u00e9e, au chemin ou \u00e0 la remise. Le d\u00e9tecteur de mouvement int\u00e9gr\u00e9 garantit que lorsqu'il d\u00e9tecte un mouvement, la lampe s'allume. Connectez cette lampe \u00e0 la passerelle Bluetooth Mesh Calex Link et contr\u00f4lez-la \u00e0 distance via l'application gratuite Calex, d\u00e9terminez la luminosit\u00e9 et la temp\u00e9rature de couleur et d\u00e9finissez des minuteries et des sc\u00e9narios pour un confort optimal. La lampe de s\u00e9curit\u00e9 intelligente sans cadre avec un cadre noir a un indice de protection IP44, r\u00e9sistant aux \u00e9claboussures, donc id\u00e9al pour une utilisation en ext\u00e9rieur. Le support de montage pratique peut \u00eatre install\u00e9 dans un coin ou sur une surface droite.<\/p>\r\n\r\n\r\n\r\n<p>Enti\u00e8rement int\u00e9gr\u00e9e \u00e0 l'application Calex Smart, la Calex Smart Framelight avec d\u00e9tecteur de mouvement fonctionne \u00e9galement facilement via Amazon Alexa, Google Home et Apple 's Siri.<\/p>\r\n\r\n\r\n\r\n<p><strong>Ne fonctionne qu'en combinaison avec <a href=\"https:\/\/ledshoponline.be\/fr\/boutique-2\/produits-2\/pro-led-lighting-2\/spots-led-2\/passerelle-maillee-bluetooth-smart-outdoor-link\/\">Passerelle Bluetooth Mesh Smart Outdoor Link<\/a><\/strong><\/p>","protected":false},"excerpt":{"rendered":"<p><strong>Fiche produit<\/strong> <strong><a href=\"https:\/\/eprel.ec.europa.eu\/informationsheet\/Fiche_602744_NL.pdf\">FR<\/a>\u00a0|\u00a0<a href=\"https:\/\/eprel.ec.europa.eu\/informationsheet\/Fiche_602744_FR.pdf\">FR\u00a0<\/a>|\u00a0<a href=\"https:\/\/eprel.ec.europa.eu\/informationsheet\/Fiche_602744_EN.pdf\">ET\u00a0<\/a>|\u00a0<a href=\"https:\/\/eprel.ec.europa.eu\/informationsheet\/Fiche_602744_DE.pdf\">LE<\/a><\/strong><\/p>","protected":false},"featured_media":445482,"comment_status":"closed","ping_status":"closed","template":"","meta":{"_seopress_robots_primary_cat":"none","_seopress_titles_title":"","_seopress_titles_desc":"","_seopress_robots_index":""},"product_brand":[],"product_cat":[87,90,889,243,242,19,514],"product_tag":[612,613,690],"class_list":{"0":"post-445481","1":"product","2":"type-product","3":"status-publish","4":"has-post-thumbnail","6":"product_cat-armaturen","7":"product_cat-buitenverlichting","8":"product_cat-camerabewaking","9":"product_cat-led-schijnwerpers","10":"product_cat-pro-led-verlichting","11":"product_cat-producten","12":"product_cat-smart-home","13":"product_tag-bouwlamp-led","14":"product_tag-breesstraler","15":"product_tag-led-schijnwerper","17":"first","18":"instock","19":"sale","20":"taxable","21":"shipping-taxable","22":"purchasable","23":"product-type-simple"},"_links":{"self":[{"href":"https:\/\/ledshoponline.be\/fr\/wp-json\/wp\/v2\/product\/445481","targetHints":{"allow":["GET"]}}],"collection":[{"href":"https:\/\/ledshoponline.be\/fr\/wp-json\/wp\/v2\/product"}],"about":[{"href":"https:\/\/ledshoponline.be\/fr\/wp-json\/wp\/v2\/types\/product"}],"replies":[{"embeddable":true,"href":"https:\/\/ledshoponline.be\/fr\/wp-json\/wp\/v2\/comments?post=445481"}],"version-history":[{"count":1,"href":"https:\/\/ledshoponline.be\/fr\/wp-json\/wp\/v2\/product\/445481\/revisions"}],"predecessor-version":[{"id":619011,"href":"https:\/\/ledshoponline.be\/fr\/wp-json\/wp\/v2\/product\/445481\/revisions\/619011"}],"wp:featuredmedia":[{"embeddable":true,"href":"https:\/\/ledshoponline.be\/fr\/wp-json\/wp\/v2\/media\/445482"}],"wp:attachment":[{"href":"https:\/\/ledshoponline.be\/fr\/wp-json\/wp\/v2\/media?parent=445481"}],"wp:term":[{"taxonomy":"product_brand","embeddable":true,"href":"https:\/\/ledshoponline.be\/fr\/wp-json\/wp\/v2\/product_brand?post=445481"},{"taxonomy":"product_cat","embeddable":true,"href":"https:\/\/ledshoponline.be\/fr\/wp-json\/wp\/v2\/product_cat?post=445481"},{"taxonomy":"product_tag","embeddable":true,"href":"https:\/\/ledshoponline.be\/fr\/wp-json\/wp\/v2\/product_tag?post=445481"}],"curies":[{"name":"wp","href":"https:\/\/api.w.org\/{rel}","templated":true}]}}