{"id":445451,"date":"2021-08-18T07:13:29","date_gmt":"2021-08-18T07:13:29","guid":{"rendered":"https:\/\/hlncaxea.a2hosted.com\/?post_type=product&#038;p=445451"},"modified":"2025-03-09T19:44:24","modified_gmt":"2025-03-09T19:44:24","slug":"smart-outdoor-neon-led-strip-rgb-white-5m-ip67-set-2","status":"publish","type":"product","link":"https:\/\/ledshoponline.be\/fr\/shop\/producten\/armaturen\/buitenverlichting\/smart-outdoor-neon-ledstrip-rgb-wit-5m-ip67-set\/","title":{"rendered":"Bande LED N\u00e9on intelligente pour l'ext\u00e9rieur RGB + Blanc 5M IP67 set"},"content":{"rendered":"<p>Cette bande LED ext\u00e9rieure intelligente de 5 m\u00e8tres transforme votre jardin en un espace atmosph\u00e9rique.<\/p>\n\n\n\n<p>Illuminez votre jardin avec une lumi\u00e8re blanche pour les longues soir\u00e9es (d'\u00e9t\u00e9) ou choisissez parmi plus de 100 options de couleurs pour vous adapter \u00e0 votre humeur. D\u00e9couvrez un syst\u00e8me intelligent enti\u00e8rement int\u00e9gr\u00e9 bas\u00e9 sur le protocole Bluetooth Mesh.<\/p>\n\n\n\n<p>Cette bande LED ext\u00e9rieure intelligente mesure 5 m\u00e8tres de long.<\/p>\n\n\n\n<p>Quelle que soit la taille de votre jardin ou le nombre d'articles plac\u00e9s, ces produits peuvent tous \u00eatre connect\u00e9s et g\u00e9r\u00e9s \u00e0 partir de la m\u00eame application gratuite Calex que vous utilisez pour les produits Calex Smart existants.<\/p>\n\n\n\n<p>- Installation facile gr\u00e2ce \u00e0 l'application gratuite Calex<br>- Profitez de plus de 100 options de couleurs et d'une lumi\u00e8re blanche de 3000K<br>- Fonctionne avec Google Home, Amazon Alexa et Siri<\/p>\n\n\n\n<p>&nbsp;<\/p>\n\n\n\n<h3 class=\"wp-block-heading\">Plus d'informations sur son fonctionnement :<\/h3>\n\n\n<p><iframe title=\"CALEX Smart Outdoor Ledstrip 5M - Vid\u00e9o d&#039;installation\" width=\"500\" height=\"281\" src=\"https:\/\/www.youtube.com\/embed\/RxXIDfNboTw?start=8&#038;feature=oembed\" frameborder=\"0\" allow=\"accelerometer; autoplay; clipboard-write; encrypted-media; gyroscope; picture-in-picture; web-share\" referrerpolicy=\"strict-origin-when-cross-origin\" allowfullscreen><\/iframe><\/p>","protected":false},"excerpt":{"rendered":"<p><strong>Fiche produit<br \/>\n<\/strong><strong><a href=\"https:\/\/eprel.ec.europa.eu\/informationsheet\/Fiche_696628_NL.pdf\">FR<\/a>\u00a0|\u00a0<a href=\"https:\/\/eprel.ec.europa.eu\/informationsheet\/Fiche_696628_FR.pdf\">FR\u00a0<\/a>|\u00a0<a href=\"https:\/\/eprel.ec.europa.eu\/informationsheet\/Fiche_696628_EN.pdf\">ET\u00a0<\/a>|\u00a0<a href=\"https:\/\/eprel.ec.europa.eu\/informationsheet\/Fiche_696628_DE.pdf\">LE<\/a><\/strong><\/p>","protected":false},"featured_media":445452,"comment_status":"closed","ping_status":"closed","template":"","meta":{"_seopress_robots_primary_cat":"","_seopress_titles_title":"","_seopress_titles_desc":"","_seopress_robots_index":""},"product_brand":[],"product_cat":[90,40,229,422,19,514],"product_tag":[230,929],"class_list":{"0":"post-445451","1":"product","2":"type-product","3":"status-publish","4":"has-post-thumbnail","6":"product_cat-buitenverlichting","7":"product_cat-led-strips","8":"product_cat-led-strips-230v","9":"product_cat-led-strips-24v","10":"product_cat-producten","11":"product_cat-smart-home","12":"product_tag-230v-ledstrip","13":"product_tag-led-slang","15":"first","16":"instock","17":"taxable","18":"shipping-taxable","19":"purchasable","20":"product-type-simple"},"_links":{"self":[{"href":"https:\/\/ledshoponline.be\/fr\/wp-json\/wp\/v2\/product\/445451","targetHints":{"allow":["GET"]}}],"collection":[{"href":"https:\/\/ledshoponline.be\/fr\/wp-json\/wp\/v2\/product"}],"about":[{"href":"https:\/\/ledshoponline.be\/fr\/wp-json\/wp\/v2\/types\/product"}],"replies":[{"embeddable":true,"href":"https:\/\/ledshoponline.be\/fr\/wp-json\/wp\/v2\/comments?post=445451"}],"version-history":[{"count":0,"href":"https:\/\/ledshoponline.be\/fr\/wp-json\/wp\/v2\/product\/445451\/revisions"}],"wp:featuredmedia":[{"embeddable":true,"href":"https:\/\/ledshoponline.be\/fr\/wp-json\/wp\/v2\/media\/445452"}],"wp:attachment":[{"href":"https:\/\/ledshoponline.be\/fr\/wp-json\/wp\/v2\/media?parent=445451"}],"wp:term":[{"taxonomy":"product_brand","embeddable":true,"href":"https:\/\/ledshoponline.be\/fr\/wp-json\/wp\/v2\/product_brand?post=445451"},{"taxonomy":"product_cat","embeddable":true,"href":"https:\/\/ledshoponline.be\/fr\/wp-json\/wp\/v2\/product_cat?post=445451"},{"taxonomy":"product_tag","embeddable":true,"href":"https:\/\/ledshoponline.be\/fr\/wp-json\/wp\/v2\/product_tag?post=445451"}],"curies":[{"name":"wp","href":"https:\/\/api.w.org\/{rel}","templated":true}]}}