{"id":445024,"date":"2021-07-05T15:42:38","date_gmt":"2021-07-05T15:42:38","guid":{"rendered":"https:\/\/hlncaxea.a2hosted.com\/?post_type=product&#038;p=445024"},"modified":"2025-03-09T19:44:22","modified_gmt":"2025-03-09T19:44:22","slug":"guirlande-lumineuse-solaire-20-couleurs-lumieres-led-multi-couleurs-58-metres-ip44","status":"publish","type":"product","link":"https:\/\/ledshoponline.be\/fr\/shop\/producten\/armaturen\/plafondlampen\/solar-lichtsnoer-led-lampjes-slinger-20-kleuren-led-lampen-multi-color-58-meter-ip44\/","title":{"rendered":"Guirlande lumineuse solaire - Guirlande de lumi\u00e8res LED - 20 ampoules LED de couleur - Multi couleur - 5,8 m\u00e8tres - IP44"},"content":{"rendered":"<p>Pour un \u00e9clairage d'ambiance dans votre jardin, Aigostar est la bonne adresse. Notre s\u00e9rie de guirlandes lumineuses LED rend votre jardin attrayant et confortable.<\/p>\n<p>Ce mod\u00e8le mesure 5,8 m\u00e8tres de long, mais peut tout de m\u00eame fournir un \u00e9clairage d'ambiance \u00e0 une grande surface. Outre son indice de protection IP44, ce mod\u00e8le est \u00e9galement \u00e9quip\u00e9 d'un panneau solaire qui absorbe l'\u00e9nergie solaire pendant la journ\u00e9e lorsqu'il fait soleil. Cela permet d'obtenir un \u00e9clairage plus agr\u00e9able le soir (max. 8 heures).<\/p>","protected":false},"excerpt":{"rendered":"<p><b>Les 20 ampoules LED sont incluses !<\/b><\/p>\n<ul>\n<li style=\"list-style-type: none;\">\n<ul>\n<li>Longueur du c\u00e2ble d'alimentation : 5,8 m\u00e8tres.<\/li>\n<li>Puissance par ampoule : 0,6 W (ambiante)<\/li>\n<li>Couleur claire : couleur, rouge clair, vert clair, jaune clair et rose clair<\/li>\n<li>Nombre de lampes : 20 pi\u00e8ces<\/li>\n<li>Distance entre les lampes : 0,5 m\u00e8tre.<\/li>\n<li>Alimentation : panneau solaire LED (lumi\u00e8re du soleil)<\/li>\n<li>Indice IP : IP44 (r\u00e9sistant aux \u00e9claboussures)<\/li>\n<li>Garantie : 1 an<\/li>\n<li>Poin\u00e7ons : CE, RoHS<\/li>\n<\/ul>\n<\/li>\n<\/ul>","protected":false},"featured_media":445025,"comment_status":"closed","ping_status":"closed","template":"","meta":{"_seopress_robots_primary_cat":"","_seopress_titles_title":"","_seopress_titles_desc":"","_seopress_robots_index":""},"product_brand":[],"product_cat":[87,20,165,19],"product_tag":[],"class_list":{"0":"post-445024","1":"product","2":"type-product","3":"status-publish","4":"has-post-thumbnail","6":"product_cat-armaturen","7":"product_cat-led-lampen","8":"product_cat-plafondlampen","9":"product_cat-producten","11":"first","12":"outofstock","13":"taxable","14":"shipping-taxable","15":"purchasable","16":"product-type-simple"},"_links":{"self":[{"href":"https:\/\/ledshoponline.be\/fr\/wp-json\/wp\/v2\/product\/445024","targetHints":{"allow":["GET"]}}],"collection":[{"href":"https:\/\/ledshoponline.be\/fr\/wp-json\/wp\/v2\/product"}],"about":[{"href":"https:\/\/ledshoponline.be\/fr\/wp-json\/wp\/v2\/types\/product"}],"replies":[{"embeddable":true,"href":"https:\/\/ledshoponline.be\/fr\/wp-json\/wp\/v2\/comments?post=445024"}],"version-history":[{"count":0,"href":"https:\/\/ledshoponline.be\/fr\/wp-json\/wp\/v2\/product\/445024\/revisions"}],"wp:featuredmedia":[{"embeddable":true,"href":"https:\/\/ledshoponline.be\/fr\/wp-json\/wp\/v2\/media\/445025"}],"wp:attachment":[{"href":"https:\/\/ledshoponline.be\/fr\/wp-json\/wp\/v2\/media?parent=445024"}],"wp:term":[{"taxonomy":"product_brand","embeddable":true,"href":"https:\/\/ledshoponline.be\/fr\/wp-json\/wp\/v2\/product_brand?post=445024"},{"taxonomy":"product_cat","embeddable":true,"href":"https:\/\/ledshoponline.be\/fr\/wp-json\/wp\/v2\/product_cat?post=445024"},{"taxonomy":"product_tag","embeddable":true,"href":"https:\/\/ledshoponline.be\/fr\/wp-json\/wp\/v2\/product_tag?post=445024"}],"curies":[{"name":"wp","href":"https:\/\/api.w.org\/{rel}","templated":true}]}}