{"id":444941,"date":"2021-06-27T19:51:40","date_gmt":"2021-06-27T19:51:40","guid":{"rendered":"https:\/\/hlncaxea.a2hosted.com\/?post_type=product&#038;p=444941"},"modified":"2025-03-09T19:44:21","modified_gmt":"2025-03-09T19:44:21","slug":"plafonnier-led-intelligent-wifi-dimmable-18w-rond-o340mm-rgb-3000k-6500k","status":"publish","type":"product","link":"https:\/\/ledshoponline.be\/fr\/shop\/producten\/armaturen\/plafondlampen\/smart-led-plafondlamp-wifi-dimbaar-18w-rond-o340mm-rgb-3000k-6500k\/","title":{"rendered":"Plafonnier LED intelligent | Wifi dimmable | 18w Rond \u00d8340mm | RGB+ 3000K - 6500K"},"content":{"rendered":"<p>Avec ce plafonnier WiFi intelligent, vous avez le choix entre de nombreuses options.\u00a0<strong>diff\u00e9rentes couleurs.<\/strong>\u00a0De\u00a0<strong>RGB pour une lumi\u00e8re blanche chaude ou froide.<\/strong>\u00a0Cela vous permet de r\u00e9gler la couleur de la lumi\u00e8re \u00e0 votre convenance. Vous pouvez le contr\u00f4ler enti\u00e8rement \u00e0 l'aide de votre t\u00e9l\u00e9phone portable. Cela implique un signal WiFi 2,4 GHz dans votre maison. Vous pouvez alors contr\u00f4ler plusieurs appareils \u00e0 l'aide de la fonction<strong>\u00a0Application Aigosmart<\/strong>\u00a0l'\u00e9tablissement de liens. De cette mani\u00e8re, vous pouvez\u00a0<strong>dans le monde entier<\/strong>\u00a0contr\u00f4ler vos appareils \u00e0 la maison en un rien de temps. Vous pouvez r\u00e9gler les lumi\u00e8res ou d'autres appareils intelligents \u00e0 votre guise. Par exemple, vous pouvez r\u00e9gler les lumi\u00e8res ou d'autres appareils intelligents \u00e0 votre guise.\u00a0<strong>les horaires, etc.\u00a0<\/strong>Les possibilit\u00e9s sont infinies.<\/p>\n<p>Si vous utilisez Philips HUE, Sonos sound, etc. vous pouvez les utiliser simultan\u00e9ment dans le\u00a0<strong>Application Google Home.<\/strong>\u00a0En outre\u00a0<strong>tout contr\u00f4ler par la voix<\/strong>\u00a0avec un assistant Google ou Amazon Alexa.<\/p>\n<p>Vous souhaitez cr\u00e9er une atmosph\u00e8re parfaite dans votre salon, votre d\u00e9barras, votre chambre \u00e0 coucher, etc. C'est le plafonnier LED WiFi qu'il vous faut !<\/p>\n<ul>\n<li>Puissance : 18 watts<\/li>\n<li><strong>Diam\u00e8tre : \u00d8340 mm<\/strong><\/li>\n<li><strong>Lumen : 1300 lm<\/strong><\/li>\n<li>Couleur de la lumi\u00e8re : RGB + 3000K - 4000K - 6000K<strong>\u00a0(CCT - r\u00e9glable)<\/strong><\/li>\n<li>Tension : 220-240V<\/li>\n<li>Indice de protection : IP22<\/li>\n<li>Dur\u00e9e de combustion : 25 000 heures<\/li>\n<li><strong>Garantie : 2 ans.<\/strong><\/li>\n<li><strong>Absence totale de scintillement<\/strong><\/li>\n<li>Signal WiFi : 2.4Ghz<\/li>\n<li>Android et IOS<\/li>\n<\/ul>","protected":false},"excerpt":{"rendered":"<p>Met deze slimme WiFi plafondlamp product heeft u keuze uit veel\u00a0verschillende kleuren.\u00a0Van\u00a0RGB naar warm of koud wit licht.\u00a0Zo kunt u<\/p>","protected":false},"featured_media":444942,"comment_status":"closed","ping_status":"closed","template":"","meta":{"_seopress_robots_primary_cat":"","_seopress_titles_title":"","_seopress_titles_desc":"","_seopress_robots_index":""},"product_brand":[],"product_cat":[87,165,19,109],"product_tag":[],"class_list":{"0":"post-444941","1":"product","2":"type-product","3":"status-publish","4":"has-post-thumbnail","6":"product_cat-armaturen","7":"product_cat-plafondlampen","8":"product_cat-producten","9":"product_cat-wandlampen","11":"first","12":"outofstock","13":"taxable","14":"shipping-taxable","15":"purchasable","16":"product-type-simple"},"_links":{"self":[{"href":"https:\/\/ledshoponline.be\/fr\/wp-json\/wp\/v2\/product\/444941","targetHints":{"allow":["GET"]}}],"collection":[{"href":"https:\/\/ledshoponline.be\/fr\/wp-json\/wp\/v2\/product"}],"about":[{"href":"https:\/\/ledshoponline.be\/fr\/wp-json\/wp\/v2\/types\/product"}],"replies":[{"embeddable":true,"href":"https:\/\/ledshoponline.be\/fr\/wp-json\/wp\/v2\/comments?post=444941"}],"version-history":[{"count":0,"href":"https:\/\/ledshoponline.be\/fr\/wp-json\/wp\/v2\/product\/444941\/revisions"}],"wp:featuredmedia":[{"embeddable":true,"href":"https:\/\/ledshoponline.be\/fr\/wp-json\/wp\/v2\/media\/444942"}],"wp:attachment":[{"href":"https:\/\/ledshoponline.be\/fr\/wp-json\/wp\/v2\/media?parent=444941"}],"wp:term":[{"taxonomy":"product_brand","embeddable":true,"href":"https:\/\/ledshoponline.be\/fr\/wp-json\/wp\/v2\/product_brand?post=444941"},{"taxonomy":"product_cat","embeddable":true,"href":"https:\/\/ledshoponline.be\/fr\/wp-json\/wp\/v2\/product_cat?post=444941"},{"taxonomy":"product_tag","embeddable":true,"href":"https:\/\/ledshoponline.be\/fr\/wp-json\/wp\/v2\/product_tag?post=444941"}],"curies":[{"name":"wp","href":"https:\/\/api.w.org\/{rel}","templated":true}]}}