{"id":444857,"date":"2021-06-18T18:01:32","date_gmt":"2021-06-18T18:01:32","guid":{"rendered":"https:\/\/hlncaxea.a2hosted.com\/?post_type=product&#038;p=444857"},"modified":"2025-10-16T15:02:02","modified_gmt":"2025-10-16T15:02:02","slug":"sonnette-video-intelligente-wifi-ou-filaire-2k-ir-chime","status":"publish","type":"product","link":"https:\/\/ledshoponline.be\/fr\/shop\/producten\/gereedschap\/led-werklamp-zaklamp\/smart-video-deurbel-wifi-of-bedraad-2k-ir-chime\/","title":{"rendered":"Sonnette vid\u00e9o intelligente Wifi ou filaire 2K IR + carillon"},"content":{"rendered":"<h1 data-start=\"92\" data-end=\"153\">Calex Smart Doorbell Wired 4MP - Voir, entendre et r\u00e9pondre en 2K<\/h1>\r\n<p data-start=\"155\" data-end=\"467\">Apportez une s\u00e9curit\u00e9 intelligente \u00e0 votre porte d'entr\u00e9e. La Calex Smart Doorbell Wired 4MP offre une image 2K (2560\u00d71440) d'une nettet\u00e9 remarquable, une d\u00e9tection fiable et une communication instantan\u00e9e via un son bidirectionnel. Connectez-la en wifi ou en filaire, g\u00e9rez tout dans l'appli Calex et visualisez les images en direct en mode mains libres avec Google Assistant ou Amazon Alexa.<\/p>\r\n<h2 data-start=\"469\" data-end=\"489\">Pourquoi vous le voulez ?<\/h2>\r\n<ul data-start=\"490\" data-end=\"959\">\r\n<li data-start=\"490\" data-end=\"590\">\r\n<p data-start=\"492\" data-end=\"590\"><strong data-start=\"492\" data-end=\"525\">Image 2K d'une grande clart\u00e9 (4MP) :<\/strong> Reconna\u00eetre les visages, les livreurs de colis et les d\u00e9tails en un coup d'\u0153il.<\/p>\r\n<\/li>\r\n<li data-start=\"591\" data-end=\"692\">\r\n<p data-start=\"593\" data-end=\"692\"><strong data-start=\"593\" data-end=\"619\">S\u00e9curit\u00e9 jour et nuit :<\/strong> Vision nocturne infrarouge et <strong data-start=\"644\" data-end=\"673\">d\u00e9tection de mouvement jusqu'\u00e0 5 m<\/strong> - vous ne manquez rien.<\/p>\r\n<\/li>\r\n<li data-start=\"693\" data-end=\"784\">\r\n<p data-start=\"695\" data-end=\"784\"><strong data-start=\"695\" data-end=\"718\">R\u00e9pondez directement :<\/strong> Audio bidirectionnel pour parler aux visiteurs o\u00f9 que vous soyez.<\/p>\r\n<\/li>\r\n<li data-start=\"785\" data-end=\"873\">\r\n<p data-start=\"787\" data-end=\"873\"><strong data-start=\"787\" data-end=\"808\">Intelligent et flexible :<\/strong> Fonctionne avec <strong data-start=\"819\" data-end=\"839\">Assistant Google<\/strong>, <strong data-start=\"841\" data-end=\"857\">Amazon Alexa<\/strong> et <strong data-start=\"861\" data-end=\"870\">ONVIF<\/strong>.<\/p>\r\n<\/li>\r\n<li data-start=\"874\" data-end=\"959\">\r\n<p data-start=\"876\" data-end=\"959\"><strong data-start=\"876\" data-end=\"894\">R\u00e9sistant aux intemp\u00e9ries :<\/strong> <strong data-start=\"895\" data-end=\"913\">Bo\u00eetier IP54<\/strong> pour une performance fiable en toute saison.<\/p>\r\n<\/li>\r\n<\/ul>\r\n<h2 data-start=\"961\" data-end=\"986\">Caract\u00e9ristiques principales<\/h2>\r\n<ul data-start=\"987\" data-end=\"1629\">\r\n<li data-start=\"987\" data-end=\"1065\">\r\n<p data-start=\"989\" data-end=\"1065\"><strong data-start=\"989\" data-end=\"1031\">2K Ultra HD (2560\u00d71440) avec capteur 4MP<\/strong> pour des images nettes et fluides<\/p>\r\n<\/li>\r\n<li data-start=\"1066\" data-end=\"1133\">\r\n<p data-start=\"1068\" data-end=\"1133\"><strong data-start=\"1068\" data-end=\"1092\">Vision nocturne infrarouge<\/strong> pour un affichage clair dans l'obscurit\u00e9<\/p>\r\n<\/li>\r\n<li data-start=\"1134\" data-end=\"1192\">\r\n<p data-start=\"1136\" data-end=\"1192\"><strong data-start=\"1136\" data-end=\"1164\">D\u00e9tection de mouvement (\u00b15 m)<\/strong> avec des notifications push instantan\u00e9es<\/p>\r\n<\/li>\r\n<li data-start=\"1193\" data-end=\"1259\">\r\n<p data-start=\"1195\" data-end=\"1259\"><strong data-start=\"1195\" data-end=\"1212\">Audio bidirectionnel<\/strong> r\u00e9pondre ou renvoyer imm\u00e9diatement<\/p>\r\n<\/li>\r\n<li data-start=\"1260\" data-end=\"1323\">\r\n<p data-start=\"1262\" data-end=\"1323\"><strong data-start=\"1262\" data-end=\"1294\">38 m\u00e9lodies de gongs int\u00e9gr\u00e9es<\/strong> - choisissez votre sonnerie id\u00e9ale<\/p>\r\n<\/li>\r\n<li data-start=\"1324\" data-end=\"1381\">\r\n<p data-start=\"1326\" data-end=\"1381\"><strong data-start=\"1326\" data-end=\"1357\">Connexion Wi-Fi ou filaire<\/strong> pour un fonctionnement stable<\/p>\r\n<\/li>\r\n<li data-start=\"1382\" data-end=\"1462\">\r\n<p data-start=\"1384\" data-end=\"1462\"><strong data-start=\"1384\" data-end=\"1413\">Contr\u00f4le de l'application (application Calex)<\/strong>Vue en temps r\u00e9el, notifications, param\u00e8tres et mises \u00e0 jour<\/p>\r\n<\/li>\r\n<li data-start=\"1463\" data-end=\"1523\">\r\n<p data-start=\"1465\" data-end=\"1523\"><strong data-start=\"1465\" data-end=\"1484\">Commande vocale<\/strong> via Google Assistant et Amazon Alexa<\/p>\r\n<\/li>\r\n<li data-start=\"1524\" data-end=\"1593\">\r\n<p data-start=\"1526\" data-end=\"1593\"><strong data-start=\"1526\" data-end=\"1546\">Compatible ONVIF<\/strong> pour l'int\u00e9gration avec des NVR et d'autres syst\u00e8mes<\/p>\r\n<\/li>\r\n<li data-start=\"1594\" data-end=\"1629\">\r\n<p data-start=\"1596\" data-end=\"1629\"><strong data-start=\"1596\" data-end=\"1604\">IP54<\/strong>: \u00e9tanche \u00e0 la poussi\u00e8re et aux \u00e9claboussures<\/p>\r\n<\/li>\r\n<\/ul>\r\n<h2 data-start=\"1631\" data-end=\"1656\">Installation simple<\/h2>\r\n<p data-start=\"1657\" data-end=\"1838\">Tout ce dont vous avez besoin se trouve dans la bo\u00eete. Utilisez les <strong data-start=\"1721\" data-end=\"1735\">Adaptateur secteur<\/strong>, <strong data-start=\"1737\" data-end=\"1750\">C\u00e2ble de 4 m<\/strong> et <strong data-start=\"1754\" data-end=\"1768\">\u00e9querre de fixation<\/strong> pour un angle de vue id\u00e9al. Actif en quelques minutes - sans souci.<\/p>\r\n<h2 data-start=\"1840\" data-end=\"1861\">Ceci se trouve dans la bo\u00eete<\/h2>\r\n<ul data-start=\"1862\" data-end=\"2027\">\r\n<li data-start=\"1862\" data-end=\"1896\">\r\n<p data-start=\"1864\" data-end=\"1896\">Calex Sonnette de porte intelligente filaire 4MP<\/p>\r\n<\/li>\r\n<li data-start=\"1897\" data-end=\"1928\">\r\n<p data-start=\"1899\" data-end=\"1928\"><strong data-start=\"1899\" data-end=\"1926\">Gong (r\u00e9cepteur de sonnette)<\/strong><\/p>\r\n<\/li>\r\n<li data-start=\"1929\" data-end=\"1947\">\r\n<p data-start=\"1931\" data-end=\"1947\"><strong data-start=\"1931\" data-end=\"1945\">Adaptateur secteur<\/strong><\/p>\r\n<\/li>\r\n<li data-start=\"1948\" data-end=\"1973\">\r\n<p data-start=\"1950\" data-end=\"1973\"><strong data-start=\"1950\" data-end=\"1971\">C\u00e2ble de connexion de 4 m<\/strong><\/p>\r\n<\/li>\r\n<li data-start=\"1974\" data-end=\"2011\">\r\n<p data-start=\"1976\" data-end=\"2011\"><strong data-start=\"1976\" data-end=\"1990\">Support d'angle<\/strong> + mat\u00e9riau de montage<\/p>\r\n<\/li>\r\n<li data-start=\"2012\" data-end=\"2027\">\r\n<p data-start=\"2014\" data-end=\"2027\">Guide de d\u00e9marrage rapide<\/p>\r\n<\/li>\r\n<\/ul>\r\n<h2 data-start=\"2029\" data-end=\"2056\">Les sp\u00e9cifications en bref<\/h2>\r\n<ul data-start=\"2057\" data-end=\"2392\">\r\n<li data-start=\"2057\" data-end=\"2104\">\r\n<p data-start=\"2059\" data-end=\"2104\"><strong data-start=\"2059\" data-end=\"2073\">R\u00e9solution :<\/strong> 2K Ultra HD (2560\u00d71440), 4MP<\/p>\r\n<\/li>\r\n<li data-start=\"2105\" data-end=\"2126\">\r\n<p data-start=\"2107\" data-end=\"2126\"><strong data-start=\"2107\" data-end=\"2120\">Angle de vue :<\/strong> 80\u00b0<\/p>\r\n<\/li>\r\n<li data-start=\"2127\" data-end=\"2156\">\r\n<p data-start=\"2129\" data-end=\"2156\"><strong data-start=\"2129\" data-end=\"2144\">Vision nocturne :<\/strong> Infrarouge<\/p>\r\n<\/li>\r\n<li data-start=\"2157\" data-end=\"2201\">\r\n<p data-start=\"2159\" data-end=\"2201\"><strong data-start=\"2159\" data-end=\"2172\">D\u00e9tection :<\/strong> D\u00e9tection de mouvement jusqu'\u00e0 \u00b15 m<\/p>\r\n<\/li>\r\n<li data-start=\"2202\" data-end=\"2230\">\r\n<p data-start=\"2204\" data-end=\"2230\"><strong data-start=\"2204\" data-end=\"2214\">Audio :<\/strong> Audio bidirectionnel<\/p>\r\n<\/li>\r\n<li data-start=\"2231\" data-end=\"2268\">\r\n<p data-start=\"2233\" data-end=\"2268\"><strong data-start=\"2233\" data-end=\"2248\">Connexion :<\/strong> Wi-Fi ou filaire<\/p>\r\n<\/li>\r\n<li data-start=\"2269\" data-end=\"2335\">\r\n<p data-start=\"2271\" data-end=\"2335\"><strong data-start=\"2271\" data-end=\"2291\">Compatibilit\u00e9 :<\/strong> Google Assistant, Amazon Alexa, <strong data-start=\"2324\" data-end=\"2333\">ONVIF<\/strong><\/p>\r\n<\/li>\r\n<li data-start=\"2336\" data-end=\"2367\">\r\n<p data-start=\"2338\" data-end=\"2367\"><strong data-start=\"2338\" data-end=\"2360\">R\u00e9sistance aux intemp\u00e9ries :<\/strong> IP54<\/p>\r\n<\/li>\r\n<li data-start=\"2368\" data-end=\"2392\">\r\n<p data-start=\"2370\" data-end=\"2392\"><strong data-start=\"2370\" data-end=\"2389\">M\u00e9lodies de gongs :<\/strong> 38<\/p>\r\n<\/li>\r\n<\/ul>\r\n<p data-start=\"2394\" data-end=\"2500\" data-is-last-node=\"\" data-is-only-node=\"\"><strong data-start=\"2394\" data-end=\"2426\">Pr\u00eat pour la tranquillit\u00e9 d'esprit ?<\/strong><br data-start=\"2426\" data-end=\"2429\" \/>Placez-la d\u00e8s aujourd'hui et sachez toujours qui sonne - jour et nuit.<\/p>","protected":false},"excerpt":{"rendered":"<p>Calex Smart Doorbell Wired 4MP \u2013 Zie, hoor en reageer in 2K Breng slimme beveiliging naar je voordeur. De Calex<\/p>","protected":false},"featured_media":628183,"comment_status":"closed","ping_status":"closed","template":"","meta":{"_seopress_robots_primary_cat":"none","_seopress_titles_title":"","_seopress_titles_desc":"","_seopress_robots_index":""},"product_brand":[],"product_cat":[889,128,176,514],"product_tag":[],"class_list":{"0":"post-444857","1":"product","2":"type-product","3":"status-publish","4":"has-post-thumbnail","6":"product_cat-camerabewaking","7":"product_cat-gereedschap","8":"product_cat-led-werklamp-zaklamp","9":"product_cat-smart-home","11":"first","12":"instock","13":"sale","14":"taxable","15":"shipping-taxable","16":"purchasable","17":"product-type-simple"},"_links":{"self":[{"href":"https:\/\/ledshoponline.be\/fr\/wp-json\/wp\/v2\/product\/444857","targetHints":{"allow":["GET"]}}],"collection":[{"href":"https:\/\/ledshoponline.be\/fr\/wp-json\/wp\/v2\/product"}],"about":[{"href":"https:\/\/ledshoponline.be\/fr\/wp-json\/wp\/v2\/types\/product"}],"replies":[{"embeddable":true,"href":"https:\/\/ledshoponline.be\/fr\/wp-json\/wp\/v2\/comments?post=444857"}],"version-history":[{"count":3,"href":"https:\/\/ledshoponline.be\/fr\/wp-json\/wp\/v2\/product\/444857\/revisions"}],"predecessor-version":[{"id":628189,"href":"https:\/\/ledshoponline.be\/fr\/wp-json\/wp\/v2\/product\/444857\/revisions\/628189"}],"wp:featuredmedia":[{"embeddable":true,"href":"https:\/\/ledshoponline.be\/fr\/wp-json\/wp\/v2\/media\/628183"}],"wp:attachment":[{"href":"https:\/\/ledshoponline.be\/fr\/wp-json\/wp\/v2\/media?parent=444857"}],"wp:term":[{"taxonomy":"product_brand","embeddable":true,"href":"https:\/\/ledshoponline.be\/fr\/wp-json\/wp\/v2\/product_brand?post=444857"},{"taxonomy":"product_cat","embeddable":true,"href":"https:\/\/ledshoponline.be\/fr\/wp-json\/wp\/v2\/product_cat?post=444857"},{"taxonomy":"product_tag","embeddable":true,"href":"https:\/\/ledshoponline.be\/fr\/wp-json\/wp\/v2\/product_tag?post=444857"}],"curies":[{"name":"wp","href":"https:\/\/api.w.org\/{rel}","templated":true}]}}