{"id":444737,"date":"2021-06-06T20:23:32","date_gmt":"2021-06-06T20:23:32","guid":{"rendered":"https:\/\/hlncaxea.a2hosted.com\/?post_type=product&#038;p=444737"},"modified":"2025-08-24T10:03:16","modified_gmt":"2025-08-24T10:03:16","slug":"gu10-6w-glass-led-spotlight-2700k-dimmable","status":"publish","type":"product","link":"https:\/\/ledshoponline.be\/fr\/shop\/producten\/led-spots\/led-spot-gu10-230v\/gu10-6w-glas-led-spot-2700k-dimbaar\/","title":{"rendered":"Spot LED GU10 6W en verre 2700k dimmable"},"content":{"rendered":"<p>La nouvelle g\u00e9n\u00e9ration de spots \u00e0 LED ayant l'apparence d'un spot halog\u00e8ne contient une nouvelle puce SMD LED power d'Epistar avec une puissance lumineuse maximale. Comme les spots LED sont fabriqu\u00e9s en verre, nous pouvons les produire \u00e0 moindre co\u00fbt. La m\u00eame qualit\u00e9 \u00e0 un prix inf\u00e9rieur. Commandez maintenant et \u00e9conomisez sur votre consommation !<\/p>","protected":false},"excerpt":{"rendered":"<p>Spot LED GU10 en verre, dimmable, 6W sur 230v. Comme un halog\u00e8ne avec une belle lumi\u00e8re chaude 430Lm et remplace un spot halog\u00e8ne de 50W. Ceci \u00e0 un prix unique.<\/p>\n<p><strong>Fiche produit<\/strong><br \/>\n<strong><a href=\"https:\/\/eprel.ec.europa.eu\/fiches\/lightsources\/Fiche_625957_NL.pdf\">FR<\/a>\u00a0|\u00a0<a href=\"https:\/\/eprel.ec.europa.eu\/fiches\/lightsources\/Fiche_625957_FR.pdf\">FR\u00a0<\/a>|\u00a0<a href=\"https:\/\/eprel.ec.europa.eu\/fiches\/lightsources\/Fiche_625957_EN.pdf\">ET\u00a0<\/a>|\u00a0<a href=\"https:\/\/eprel.ec.europa.eu\/fiches\/lightsources\/Fiche_625957_DE.pdf\">LE<\/a><\/strong><\/p>","protected":false},"featured_media":444738,"comment_status":"closed","ping_status":"closed","template":"","meta":{"_seopress_robots_primary_cat":"none","_seopress_titles_title":"","_seopress_titles_desc":"","_seopress_robots_index":""},"product_brand":[],"product_cat":[133,132,19],"product_tag":[588,589,198,206],"class_list":{"0":"post-444737","1":"product","2":"type-product","3":"status-publish","4":"has-post-thumbnail","6":"product_cat-led-spot-gu10-230v","7":"product_cat-led-spots","8":"product_cat-producten","9":"product_tag-dimbare-led-spot-glas","10":"product_tag-led-spot-4w","11":"product_tag-segula","12":"product_tag-yarled","14":"first","15":"instock","16":"sale","17":"taxable","18":"shipping-taxable","19":"purchasable","20":"product-type-simple"},"_links":{"self":[{"href":"https:\/\/ledshoponline.be\/fr\/wp-json\/wp\/v2\/product\/444737","targetHints":{"allow":["GET"]}}],"collection":[{"href":"https:\/\/ledshoponline.be\/fr\/wp-json\/wp\/v2\/product"}],"about":[{"href":"https:\/\/ledshoponline.be\/fr\/wp-json\/wp\/v2\/types\/product"}],"replies":[{"embeddable":true,"href":"https:\/\/ledshoponline.be\/fr\/wp-json\/wp\/v2\/comments?post=444737"}],"version-history":[{"count":1,"href":"https:\/\/ledshoponline.be\/fr\/wp-json\/wp\/v2\/product\/444737\/revisions"}],"predecessor-version":[{"id":615227,"href":"https:\/\/ledshoponline.be\/fr\/wp-json\/wp\/v2\/product\/444737\/revisions\/615227"}],"wp:featuredmedia":[{"embeddable":true,"href":"https:\/\/ledshoponline.be\/fr\/wp-json\/wp\/v2\/media\/444738"}],"wp:attachment":[{"href":"https:\/\/ledshoponline.be\/fr\/wp-json\/wp\/v2\/media?parent=444737"}],"wp:term":[{"taxonomy":"product_brand","embeddable":true,"href":"https:\/\/ledshoponline.be\/fr\/wp-json\/wp\/v2\/product_brand?post=444737"},{"taxonomy":"product_cat","embeddable":true,"href":"https:\/\/ledshoponline.be\/fr\/wp-json\/wp\/v2\/product_cat?post=444737"},{"taxonomy":"product_tag","embeddable":true,"href":"https:\/\/ledshoponline.be\/fr\/wp-json\/wp\/v2\/product_tag?post=444737"}],"curies":[{"name":"wp","href":"https:\/\/api.w.org\/{rel}","templated":true}]}}