{"id":444602,"date":"2021-05-22T08:23:51","date_gmt":"2021-05-22T08:23:51","guid":{"rendered":"https:\/\/hlncaxea.a2hosted.com\/?post_type=product&#038;p=444602"},"modified":"2025-03-09T19:44:18","modified_gmt":"2025-03-09T19:44:18","slug":"support-declairage-annulaire-professionnel-pour-smartphone-3000k-6500k","status":"publish","type":"product","link":"https:\/\/ledshoponline.be\/fr\/shop\/producten\/gereedschap\/led-werklamp-zaklamp\/professionele-led-ring-light-statief-voor-smartphone-3000k-6500k\/","title":{"rendered":"Support d'\u00e9clairage annulaire LED professionnel pour smartphone 3000k-6500k"},"content":{"rendered":"<p>Si vous \u00eates \u00e0 la recherche d'une lampe annulaire LED professionnelle pour votre smartphone, ne cherchez pas plus loin que LEDshoponline.be.<\/p>\n<p>Cette lampe a un design professionnel avec un spectre lumineux r\u00e9glable de 3000-6500K.<br \/>\nLes tap tok et les vid\u00e9os YouTube auront un aspect professionnel. Convient \u00e9galement \u00e0 la photographie de produits.<\/p>\n<p><strong>Qu'obtenez-vous ?&nbsp;<\/strong><\/p>\n<ul>\n<li>T\u00e9l\u00e9commande avec Bluetooth.<\/li>\n<li>Microphone<\/li>\n<li>Tr\u00e9pied<\/li>\n<li>Lampe annulaire LED 10w 550Lm<\/li>\n<li>Support pour smartphone<\/li>\n<li>Contr\u00f4leur avec c\u00e2ble 3000k-6500k dimmer.<\/li>\n<\/ul>\n<p>&nbsp;<\/p>","protected":false},"excerpt":{"rendered":"<p>Si vous \u00eates \u00e0 la recherche d'une lampe annulaire LED professionnelle pour votre smartphone, ne cherchez pas plus loin.<\/p>","protected":false},"featured_media":444603,"comment_status":"closed","ping_status":"closed","template":"","meta":{"_seopress_robots_primary_cat":"","_seopress_titles_title":"","_seopress_titles_desc":"","_seopress_robots_index":""},"product_brand":[],"product_cat":[128,20,176,514],"product_tag":[],"class_list":{"0":"post-444602","1":"product","2":"type-product","3":"status-publish","4":"has-post-thumbnail","6":"product_cat-gereedschap","7":"product_cat-led-lampen","8":"product_cat-led-werklamp-zaklamp","9":"product_cat-smart-home","11":"first","12":"outofstock","13":"taxable","14":"shipping-taxable","15":"purchasable","16":"product-type-simple"},"_links":{"self":[{"href":"https:\/\/ledshoponline.be\/fr\/wp-json\/wp\/v2\/product\/444602","targetHints":{"allow":["GET"]}}],"collection":[{"href":"https:\/\/ledshoponline.be\/fr\/wp-json\/wp\/v2\/product"}],"about":[{"href":"https:\/\/ledshoponline.be\/fr\/wp-json\/wp\/v2\/types\/product"}],"replies":[{"embeddable":true,"href":"https:\/\/ledshoponline.be\/fr\/wp-json\/wp\/v2\/comments?post=444602"}],"version-history":[{"count":0,"href":"https:\/\/ledshoponline.be\/fr\/wp-json\/wp\/v2\/product\/444602\/revisions"}],"wp:featuredmedia":[{"embeddable":true,"href":"https:\/\/ledshoponline.be\/fr\/wp-json\/wp\/v2\/media\/444603"}],"wp:attachment":[{"href":"https:\/\/ledshoponline.be\/fr\/wp-json\/wp\/v2\/media?parent=444602"}],"wp:term":[{"taxonomy":"product_brand","embeddable":true,"href":"https:\/\/ledshoponline.be\/fr\/wp-json\/wp\/v2\/product_brand?post=444602"},{"taxonomy":"product_cat","embeddable":true,"href":"https:\/\/ledshoponline.be\/fr\/wp-json\/wp\/v2\/product_cat?post=444602"},{"taxonomy":"product_tag","embeddable":true,"href":"https:\/\/ledshoponline.be\/fr\/wp-json\/wp\/v2\/product_tag?post=444602"}],"curies":[{"name":"wp","href":"https:\/\/api.w.org\/{rel}","templated":true}]}}