{"id":444559,"date":"2021-05-19T19:02:40","date_gmt":"2021-05-19T19:02:40","guid":{"rendered":"https:\/\/hlncaxea.a2hosted.com\/?post_type=product&#038;p=444559"},"modified":"2025-03-09T19:44:17","modified_gmt":"2025-03-09T19:44:17","slug":"smart-rgbw-led-strip-5m","status":"publish","type":"product","link":"https:\/\/ledshoponline.be\/fr\/shop\/producten\/led-strips\/led-strips-12v\/smart-rgbw-led-strip-5m\/","title":{"rendered":"Smart RGBW Led strip 5M set 24W | Tuya Wifi"},"content":{"rendered":"<p>Illuminez n'importe quelle pi\u00e8ce ou surface avec cette bande lumineuse. Elle vous permet de d\u00e9finir l'ambiance exacte que vous souhaitez gr\u00e2ce \u00e0 la commande vocale ou \u00e0 l'application Calex. Lumi\u00e8re de travail brillante, lumi\u00e8re douillette tamis\u00e9e ou lumi\u00e8re de couleur RVB, cette bande peut tout faire.<\/p>\n<p>Remarque ! Cette bande LED intelligente fonctionne via wifi. Via la t\u00e9l\u00e9commande intelligente Calex et l'appli gratuite Calex, vous pouvez connecter ces lampes au wifi et les r\u00e9gler sur l'ambiance souhait\u00e9e.<\/p>\n<p>Ce kit comprend un bloc d'alimentation<\/p>\n<p><iframe title=\"CALEX SMART - Comment connecter vos ampoules LED Calex Smart\" width=\"500\" height=\"281\" src=\"https:\/\/www.youtube.com\/embed\/K8Aef_kqEIU?feature=oembed\" frameborder=\"0\" allow=\"accelerometer; autoplay; clipboard-write; encrypted-media; gyroscope; picture-in-picture; web-share\" referrerpolicy=\"strict-origin-when-cross-origin\" allowfullscreen><\/iframe><\/p>","protected":false},"excerpt":{"rendered":"<p><a href=\"https:\/\/eprel.ec.europa.eu\/informationsheet\/Fiche_560196_NL.pdf\"><strong>Fiche produit<\/strong><\/a><\/p>","protected":false},"featured_media":444560,"comment_status":"closed","ping_status":"closed","template":"","meta":{"_seopress_robots_primary_cat":"","_seopress_titles_title":"","_seopress_titles_desc":"","_seopress_robots_index":""},"product_brand":[],"product_cat":[40,91,514],"product_tag":[],"class_list":{"0":"post-444559","1":"product","2":"type-product","3":"status-publish","4":"has-post-thumbnail","6":"product_cat-led-strips","7":"product_cat-led-strips-12v","8":"product_cat-smart-home","10":"first","11":"instock","12":"sale","13":"taxable","14":"shipping-taxable","15":"purchasable","16":"product-type-simple"},"_links":{"self":[{"href":"https:\/\/ledshoponline.be\/fr\/wp-json\/wp\/v2\/product\/444559","targetHints":{"allow":["GET"]}}],"collection":[{"href":"https:\/\/ledshoponline.be\/fr\/wp-json\/wp\/v2\/product"}],"about":[{"href":"https:\/\/ledshoponline.be\/fr\/wp-json\/wp\/v2\/types\/product"}],"replies":[{"embeddable":true,"href":"https:\/\/ledshoponline.be\/fr\/wp-json\/wp\/v2\/comments?post=444559"}],"version-history":[{"count":0,"href":"https:\/\/ledshoponline.be\/fr\/wp-json\/wp\/v2\/product\/444559\/revisions"}],"wp:featuredmedia":[{"embeddable":true,"href":"https:\/\/ledshoponline.be\/fr\/wp-json\/wp\/v2\/media\/444560"}],"wp:attachment":[{"href":"https:\/\/ledshoponline.be\/fr\/wp-json\/wp\/v2\/media?parent=444559"}],"wp:term":[{"taxonomy":"product_brand","embeddable":true,"href":"https:\/\/ledshoponline.be\/fr\/wp-json\/wp\/v2\/product_brand?post=444559"},{"taxonomy":"product_cat","embeddable":true,"href":"https:\/\/ledshoponline.be\/fr\/wp-json\/wp\/v2\/product_cat?post=444559"},{"taxonomy":"product_tag","embeddable":true,"href":"https:\/\/ledshoponline.be\/fr\/wp-json\/wp\/v2\/product_tag?post=444559"}],"curies":[{"name":"wp","href":"https:\/\/api.w.org\/{rel}","templated":true}]}}