{"id":444550,"date":"2021-05-19T18:50:13","date_gmt":"2021-05-19T18:50:13","guid":{"rendered":"https:\/\/hlncaxea.a2hosted.com\/?post_type=product&#038;p=444550"},"modified":"2026-01-28T08:42:34","modified_gmt":"2026-01-28T08:42:34","slug":"diffuseur-de-parfum-intelligent-avec-fonction-lumineuse","status":"publish","type":"product","link":"https:\/\/ledshoponline.be\/fr\/shop\/producten\/smart-geurdiffuser-met-lichtfunctie\/","title":{"rendered":"Diffuseur de parfum intelligent avec fonction lumineuse"},"content":{"rendered":"<p>Remplissez le diffuseur avec quelques gouttes de votre huile parfum\u00e9e pr\u00e9f\u00e9r\u00e9e, contr\u00f4lez le diffuseur avec votre application Calex gratuite sur votre t\u00e9l\u00e9phone et profitez de sc\u00e9narios programmables. R\u00e9glez des minuteries et adaptez ainsi votre diffuseur \u00e0 vos besoins personnels et au rythme de votre journ\u00e9e. R\u00e9glez la couleur de la lumi\u00e8re en fonction de votre humeur et profitez de plus de 100 options de choix. Le diffuseur convient comme - Humidificateur - Purificateur d'air - Diffuseur de parfum - Source de lumi\u00e8re<\/p>\r\n\r\n\r\n\r\n<p><strong>Pourquoi acheter ce diffuseur d'ar\u00f4mes intelligent ?<\/strong><\/p>\r\n\r\n\r\n\r\n<p>\u2705 Contr\u00f4le facile avec le wifi du smartphone<br \/>\u2705 Contr\u00f4le via Google Home<br \/>\u2705 Lumi\u00e8re d'ambiance avec 100 options de couleurs<br \/>4-en-1 : Diffuseur d'ar\u00f4mes + Humidificateur - Purificateur d'air - Source lumineuse<br \/>\u2705 Silencieux (&lt;30dB)<br \/>\u2705 Boutons faciles \u00e0 enfoncer<br \/>\u2705 325ML<\/p>","protected":false},"excerpt":{"rendered":"<p>Ce diffuseur d'ar\u00f4mes intelligent 4-en-1 assure une excellente qualit\u00e9 de l'air, un parfum raffin\u00e9 et un \u00e9clairage d'ambiance dans votre maison. Ram\u00e8ne le calme et la d\u00e9tente \u00e0 un niveau sup\u00e9rieur.<\/p>","protected":false},"featured_media":444551,"comment_status":"closed","ping_status":"closed","template":"","meta":{"_seopress_robots_primary_cat":"none","_seopress_titles_title":"","_seopress_titles_desc":"","_seopress_robots_index":""},"product_brand":[],"product_cat":[19,514],"product_tag":[],"class_list":{"0":"post-444550","1":"product","2":"type-product","3":"status-publish","4":"has-post-thumbnail","6":"product_cat-producten","7":"product_cat-smart-home","9":"first","10":"instock","11":"sale","12":"taxable","13":"shipping-taxable","14":"purchasable","15":"product-type-simple"},"_links":{"self":[{"href":"https:\/\/ledshoponline.be\/fr\/wp-json\/wp\/v2\/product\/444550","targetHints":{"allow":["GET"]}}],"collection":[{"href":"https:\/\/ledshoponline.be\/fr\/wp-json\/wp\/v2\/product"}],"about":[{"href":"https:\/\/ledshoponline.be\/fr\/wp-json\/wp\/v2\/types\/product"}],"replies":[{"embeddable":true,"href":"https:\/\/ledshoponline.be\/fr\/wp-json\/wp\/v2\/comments?post=444550"}],"version-history":[{"count":1,"href":"https:\/\/ledshoponline.be\/fr\/wp-json\/wp\/v2\/product\/444550\/revisions"}],"predecessor-version":[{"id":668138,"href":"https:\/\/ledshoponline.be\/fr\/wp-json\/wp\/v2\/product\/444550\/revisions\/668138"}],"wp:featuredmedia":[{"embeddable":true,"href":"https:\/\/ledshoponline.be\/fr\/wp-json\/wp\/v2\/media\/444551"}],"wp:attachment":[{"href":"https:\/\/ledshoponline.be\/fr\/wp-json\/wp\/v2\/media?parent=444550"}],"wp:term":[{"taxonomy":"product_brand","embeddable":true,"href":"https:\/\/ledshoponline.be\/fr\/wp-json\/wp\/v2\/product_brand?post=444550"},{"taxonomy":"product_cat","embeddable":true,"href":"https:\/\/ledshoponline.be\/fr\/wp-json\/wp\/v2\/product_cat?post=444550"},{"taxonomy":"product_tag","embeddable":true,"href":"https:\/\/ledshoponline.be\/fr\/wp-json\/wp\/v2\/product_tag?post=444550"}],"curies":[{"name":"wp","href":"https:\/\/api.w.org\/{rel}","templated":true}]}}