{"id":444513,"date":"2021-05-16T08:50:13","date_gmt":"2021-05-16T08:50:13","guid":{"rendered":"https:\/\/hlncaxea.a2hosted.com\/?post_type=product&#038;p=444513"},"modified":"2025-03-09T19:44:14","modified_gmt":"2025-03-09T19:44:14","slug":"6w-smart-led-recessed-spot-230v-smart-wifi-cct-3000k-6500k-saw-size-o105mm-2","status":"publish","type":"product","link":"https:\/\/ledshoponline.be\/fr\/shop\/producten\/armaturen\/inbouwspots\/6w-smart-led-inbouwspot-230v-slim-wifi-cct-3000k-6500k-zaagmaat-o105mm\/","title":{"rendered":"Spot encastr\u00e9 Smart LED 6W 230V smart Wifi CCT 3000k-6500k | Taille de coupe \u00d8105mm"},"content":{"rendered":"<p>Luminaire encastr\u00e9 \u00e0 LED au design intelligent. Le downlight LED se contr\u00f4le facilement avec votre smartphone pour changer la couleur de la lumi\u00e8re du blanc chaud 3000k \u00e0 la lumi\u00e8re du jour 6500k et tout ce qu'il y a entre les deux....  Parfait pour la maison et le bureau. Le verre diffuseur assure une lumi\u00e8re non \u00e9blouissante<br>\n<strong>\u00d8115 x H32mm | Scie encastr\u00e9e \u00d8100-110mm | Fonctionne sans transformateur sur 230v<\/strong><\/p>\n\n\n\n<p><strong>Que recevrez-vous avec cet article ?<\/strong><br>\n- 1x LED Downlight panneau rond \u00d8115 Blanc chaud 6W slim<\/p>","protected":false},"excerpt":{"rendered":"<p>Le downlight Smart LED est une solution id\u00e9ale pour obtenir une lumi\u00e8re blanche chaude ou une lumi\u00e8re du jour \u00e9nergique. Il est parfait pour une utilisation au bureau ou \u00e0 la maison.<br \/>\nFacilement contr\u00f4lable avec votre smartphone et des commandes vocales telles qu'Alexa et Google Assistant.<\/p>","protected":false},"featured_media":438726,"comment_status":"closed","ping_status":"closed","template":"","meta":{"_seopress_robots_primary_cat":"","_seopress_titles_title":"","_seopress_titles_desc":"","_seopress_robots_index":""},"product_brand":[],"product_cat":[87,88,455,132,19,514],"product_tag":[571,253],"class_list":{"0":"post-444513","1":"product","2":"type-product","3":"status-publish","4":"has-post-thumbnail","6":"product_cat-armaturen","7":"product_cat-inbouwspots","8":"product_cat-led-downlights","9":"product_cat-led-spots","10":"product_cat-producten","11":"product_cat-smart-home","12":"product_tag-led-downlight","13":"product_tag-led-spot","15":"first","16":"instock","17":"sale","18":"taxable","19":"shipping-taxable","20":"purchasable","21":"product-type-simple"},"_links":{"self":[{"href":"https:\/\/ledshoponline.be\/fr\/wp-json\/wp\/v2\/product\/444513","targetHints":{"allow":["GET"]}}],"collection":[{"href":"https:\/\/ledshoponline.be\/fr\/wp-json\/wp\/v2\/product"}],"about":[{"href":"https:\/\/ledshoponline.be\/fr\/wp-json\/wp\/v2\/types\/product"}],"replies":[{"embeddable":true,"href":"https:\/\/ledshoponline.be\/fr\/wp-json\/wp\/v2\/comments?post=444513"}],"version-history":[{"count":0,"href":"https:\/\/ledshoponline.be\/fr\/wp-json\/wp\/v2\/product\/444513\/revisions"}],"wp:featuredmedia":[{"embeddable":true,"href":"https:\/\/ledshoponline.be\/fr\/wp-json\/wp\/v2\/media\/438726"}],"wp:attachment":[{"href":"https:\/\/ledshoponline.be\/fr\/wp-json\/wp\/v2\/media?parent=444513"}],"wp:term":[{"taxonomy":"product_brand","embeddable":true,"href":"https:\/\/ledshoponline.be\/fr\/wp-json\/wp\/v2\/product_brand?post=444513"},{"taxonomy":"product_cat","embeddable":true,"href":"https:\/\/ledshoponline.be\/fr\/wp-json\/wp\/v2\/product_cat?post=444513"},{"taxonomy":"product_tag","embeddable":true,"href":"https:\/\/ledshoponline.be\/fr\/wp-json\/wp\/v2\/product_tag?post=444513"}],"curies":[{"name":"wp","href":"https:\/\/api.w.org\/{rel}","templated":true}]}}