{"id":443980,"date":"2021-04-02T16:12:32","date_gmt":"2021-04-02T16:12:32","guid":{"rendered":"https:\/\/hlncaxea.a2hosted.com\/?post_type=product&#038;p=443980"},"modified":"2025-04-16T20:06:03","modified_gmt":"2025-04-16T20:06:03","slug":"guirlande-lumineuse-10-couleurs-ampoules-led-8-metres-ip44","status":"publish","type":"product","link":"https:\/\/ledshoponline.be\/fr\/shop\/producten\/armaturen\/buitenverlichting\/lichtsnoer-led-lampjes-slinger-10-kleuren-led-lampen-8-meter-ip44\/","title":{"rendered":"Guirlande lumineuse - Guirlande de lumi\u00e8res LED - 10 ampoules LED de couleur - 8 m\u00e8tres - IP44"},"content":{"rendered":"<p>Pour un \u00e9clairage d'ambiance dans votre jardin, Aigostar est la bonne adresse. Notre s\u00e9rie de guirlandes lumineuses LED rend votre jardin attrayant et confortable.<\/p>\n<p>Gr\u00e2ce \u00e0 leur longueur de 8 m\u00e8tres, vous pouvez facilement fournir un \u00e9clairage d'ambiance \u00e0 une plus grande surface. De plus, nos guirlandes lumineuses \u00e0 LED ont un indice de protection IP44, ce qui signifie que l'article peut \u00eatre utilis\u00e9 \u00e0 l'ext\u00e9rieur. Vous pouvez donc rendre votre espace ext\u00e9rieur et\/ou int\u00e9rieur plus agr\u00e9able gr\u00e2ce aux guirlandes lumineuses \u00e0 LED. <strong>Il est toutefois recommand\u00e9 d'utiliser les bandes \u00e0 l'ext\u00e9rieur, sous un parasol, un auvent ou une marquise, etc.<\/strong><\/p>\n<p><strong>Attention, il n'est pas recommand\u00e9 de l'utiliser en permanence \u00e0 l'ext\u00e9rieur. L'utilisation permanente \u00e0 l'ext\u00e9rieur n'est pas recommand\u00e9e.<\/strong><\/p>","protected":false},"excerpt":{"rendered":"<p>\u2705 Nombre de points lumineux 10<br \/>\n\u2705 Puissance 10\u00d70,6X<br \/>\nValeur IP IP44<br \/>\n\u2705 Consommation d'\u00e9nergie A<br \/>\n\u2705 Angle de rayonnement 270<\/p>","protected":false},"featured_media":443981,"comment_status":"closed","ping_status":"closed","template":"","meta":{"_seopress_robots_primary_cat":"none","_seopress_titles_title":"","_seopress_titles_desc":"","_seopress_robots_index":""},"product_brand":[],"product_cat":[87,90,20,165,19,998],"product_tag":[],"class_list":{"0":"post-443980","1":"product","2":"type-product","3":"status-publish","4":"has-post-thumbnail","6":"product_cat-armaturen","7":"product_cat-buitenverlichting","8":"product_cat-led-lampen","9":"product_cat-plafondlampen","10":"product_cat-producten","11":"product_cat-tuin","13":"first","14":"instock","15":"taxable","16":"shipping-taxable","17":"purchasable","18":"product-type-simple"},"_links":{"self":[{"href":"https:\/\/ledshoponline.be\/fr\/wp-json\/wp\/v2\/product\/443980","targetHints":{"allow":["GET"]}}],"collection":[{"href":"https:\/\/ledshoponline.be\/fr\/wp-json\/wp\/v2\/product"}],"about":[{"href":"https:\/\/ledshoponline.be\/fr\/wp-json\/wp\/v2\/types\/product"}],"replies":[{"embeddable":true,"href":"https:\/\/ledshoponline.be\/fr\/wp-json\/wp\/v2\/comments?post=443980"}],"version-history":[{"count":2,"href":"https:\/\/ledshoponline.be\/fr\/wp-json\/wp\/v2\/product\/443980\/revisions"}],"predecessor-version":[{"id":556283,"href":"https:\/\/ledshoponline.be\/fr\/wp-json\/wp\/v2\/product\/443980\/revisions\/556283"}],"wp:featuredmedia":[{"embeddable":true,"href":"https:\/\/ledshoponline.be\/fr\/wp-json\/wp\/v2\/media\/443981"}],"wp:attachment":[{"href":"https:\/\/ledshoponline.be\/fr\/wp-json\/wp\/v2\/media?parent=443980"}],"wp:term":[{"taxonomy":"product_brand","embeddable":true,"href":"https:\/\/ledshoponline.be\/fr\/wp-json\/wp\/v2\/product_brand?post=443980"},{"taxonomy":"product_cat","embeddable":true,"href":"https:\/\/ledshoponline.be\/fr\/wp-json\/wp\/v2\/product_cat?post=443980"},{"taxonomy":"product_tag","embeddable":true,"href":"https:\/\/ledshoponline.be\/fr\/wp-json\/wp\/v2\/product_tag?post=443980"}],"curies":[{"name":"wp","href":"https:\/\/api.w.org\/{rel}","templated":true}]}}