{"id":443816,"date":"2021-03-22T20:04:31","date_gmt":"2021-03-22T20:04:31","guid":{"rendered":"https:\/\/hlncaxea.a2hosted.com\/?post_type=product&#038;p=443816"},"modified":"2025-03-09T19:44:11","modified_gmt":"2025-03-09T19:44:11","slug":"bande-led-12v-300-smd-5050-led-5m-ip65-splashproof-6000k","status":"publish","type":"product","link":"https:\/\/ledshoponline.be\/fr\/shop\/producten\/led-strips\/led-strips-12v\/led-strip-12v-300-smd-5050-led-5m-ip65-spatwaterdicht-6000k\/","title":{"rendered":"Bande LED 12V , 300 SMD 5050 LED 5m | IP65 r\u00e9sistant aux \u00e9claboussures - 6000k"},"content":{"rendered":"","protected":false},"excerpt":{"rendered":"<p>Bande LED 12V , 300 SMD 5050 LED sur bobine 5m<br \/>\nVersion lumi\u00e8re du jour 5000-6000k. R\u00e9siste aux \u00e9claboussures selon la norme IP65.<\/p>\n<p>Vous pouvez couper les bandes de 5 cm !<\/p>","protected":false},"featured_media":443817,"comment_status":"closed","ping_status":"closed","template":"","meta":{"_seopress_robots_primary_cat":"","_seopress_titles_title":"","_seopress_titles_desc":"","_seopress_robots_index":""},"product_brand":[],"product_cat":[91,19],"product_tag":[],"class_list":{"0":"post-443816","1":"product","2":"type-product","3":"status-publish","4":"has-post-thumbnail","6":"product_cat-led-strips-12v","7":"product_cat-producten","9":"first","10":"outofstock","11":"taxable","12":"shipping-taxable","13":"purchasable","14":"product-type-simple"},"_links":{"self":[{"href":"https:\/\/ledshoponline.be\/fr\/wp-json\/wp\/v2\/product\/443816","targetHints":{"allow":["GET"]}}],"collection":[{"href":"https:\/\/ledshoponline.be\/fr\/wp-json\/wp\/v2\/product"}],"about":[{"href":"https:\/\/ledshoponline.be\/fr\/wp-json\/wp\/v2\/types\/product"}],"replies":[{"embeddable":true,"href":"https:\/\/ledshoponline.be\/fr\/wp-json\/wp\/v2\/comments?post=443816"}],"version-history":[{"count":0,"href":"https:\/\/ledshoponline.be\/fr\/wp-json\/wp\/v2\/product\/443816\/revisions"}],"wp:featuredmedia":[{"embeddable":true,"href":"https:\/\/ledshoponline.be\/fr\/wp-json\/wp\/v2\/media\/443817"}],"wp:attachment":[{"href":"https:\/\/ledshoponline.be\/fr\/wp-json\/wp\/v2\/media?parent=443816"}],"wp:term":[{"taxonomy":"product_brand","embeddable":true,"href":"https:\/\/ledshoponline.be\/fr\/wp-json\/wp\/v2\/product_brand?post=443816"},{"taxonomy":"product_cat","embeddable":true,"href":"https:\/\/ledshoponline.be\/fr\/wp-json\/wp\/v2\/product_cat?post=443816"},{"taxonomy":"product_tag","embeddable":true,"href":"https:\/\/ledshoponline.be\/fr\/wp-json\/wp\/v2\/product_tag?post=443816"}],"curies":[{"name":"wp","href":"https:\/\/api.w.org\/{rel}","templated":true}]}}