{"id":443499,"date":"2021-02-18T18:22:08","date_gmt":"2021-02-18T18:22:08","guid":{"rendered":"https:\/\/hlncaxea.a2hosted.com\/?post_type=product&#038;p=443499"},"modified":"2025-09-03T15:43:31","modified_gmt":"2025-09-03T15:43:31","slug":"led-wide-beam-300w-cold-white-ip65-pro-42000lm-remplace-3000w","status":"publish","type":"product","link":"https:\/\/ledshoponline.be\/fr\/shop\/producten\/armaturen\/buitenverlichting\/led-breedstraler-300w-koud-wit-ip65-pro-42000lm-vervangt-3000w\/","title":{"rendered":"LED wide beam 300W cold-white IP65 pro 42000Lm ( remplace 3000w)"},"content":{"rendered":"<p><strong>\u00c9clairage puissant avec la LED 300W Wide Beam - Cold White (IP65) Pro, 42 000 Lumens - Remplace 3 000W !<\/strong><\/p>\n<p>Vous \u00eates \u00e0 la recherche d'un \u00e9clairage impressionnant qui illumine chaque coin de votre espace ? D\u00e9couvrez la LED 300W Broadbeam - Cold White (IP65) Pro, avec une puissance de 42 000 lumens - une excellente alternative \u00e0 l'\u00e9clairage traditionnel de 3 000W.<\/p>\n<ul>\n<li><strong>Une clart\u00e9 ph\u00e9nom\u00e9nale :<\/strong> Avec une puissance de 42 000 lumens, ce Widebeam LED \u00e9claire facilement les grandes surfaces telles que les stades, les parkings et les sites \u00e9v\u00e9nementiels.<\/li>\n<li><strong>Efficacit\u00e9 \u00e9nerg\u00e9tique :<\/strong> Ce syst\u00e8me d'\u00e9clairage est une merveille en mati\u00e8re d'\u00e9conomie d'\u00e9nergie. Il consomme beaucoup moins d'\u00e9nergie que l'\u00e9clairage traditionnel, ce qui permet de r\u00e9aliser d'importantes \u00e9conomies.<\/li>\n<li><strong>Durable et r\u00e9sistant aux intemp\u00e9ries :<\/strong> Son indice de protection IP65 signifie que cette lampe peut r\u00e9sister aux \u00e9l\u00e9ments. Qu'il pleuve, qu'il vente ou qu'il neige, cette lampe LED Widebeam continuera \u00e0 fonctionner de mani\u00e8re fiable.<\/li>\n<li><strong>Installation facile :<\/strong> Gr\u00e2ce \u00e0 des instructions claires et \u00e0 une conception conviviale, l'installation est un jeu d'enfant. Pas besoin d'une installation professionnelle co\u00fbteuse.<\/li>\n<li><strong>Large application :<\/strong> Ce projecteur \u00e0 faisceau large s'adapte facilement \u00e0 diff\u00e9rents environnements, qu'il s'agisse de terrains de sport, de parkings ou de chantiers de construction, il est pr\u00eat \u00e0 relever tous les d\u00e9fis.<\/li>\n<li><strong>\u00c9clairage uniforme :<\/strong> Le grand angle de rayonnement assure une distribution uniforme de la lumi\u00e8re, sans points sombres ni ombres g\u00eanantes.<\/li>\n<li><strong>\u00c9conomies et durabilit\u00e9 :<\/strong> Outre les \u00e9conomies d'\u00e9nergie, cette lampe contribue \u00e0 une plan\u00e8te plus verte gr\u00e2ce \u00e0 une consommation d'\u00e9nergie r\u00e9duite.<\/li>\n<\/ul>\n<p>En r\u00e9sum\u00e9, le Pro 300W LED Broadbeam - Cold White (IP65) est la solution parfaite pour un \u00e9clairage puissant et \u00e9conome en \u00e9nergie. Il est durable, facile \u00e0 installer et peut s'adapter \u00e0 diff\u00e9rents environnements. Am\u00e9liorez votre \u00e9clairage d\u00e8s aujourd'hui pour un environnement lumineux et rentable !<\/p>","protected":false},"excerpt":{"rendered":"<p>Nouveau mod\u00e8le : technologie LED sans conducteur avec jusqu'\u00e0 140lm\/w, rendue possible par l'Osram AC 3030LM-80.<\/p>\n<p>Le bo\u00eetier 3D unique et la technologie G-buckle permettent au projecteur LED de fonctionner dans une zone \u00e0 une temp\u00e9rature aussi basse que 45\u00b0C. Le beau design respire l'\u00e9l\u00e9gance.<\/p>\n<p>&nbsp;<\/p>","protected":false},"featured_media":18955,"comment_status":"closed","ping_status":"closed","template":"","meta":{"_seopress_robots_primary_cat":"none","_seopress_titles_title":"","_seopress_titles_desc":"","_seopress_robots_index":""},"product_brand":[],"product_cat":[87,90,530,243,242],"product_tag":[631,632,633],"class_list":{"0":"post-443499","1":"product","2":"type-product","3":"status-publish","4":"has-post-thumbnail","6":"product_cat-armaturen","7":"product_cat-buitenverlichting","8":"product_cat-deals","9":"product_cat-led-schijnwerpers","10":"product_cat-pro-led-verlichting","11":"product_tag-led-200w","12":"product_tag-led-breedstraler","13":"product_tag-led-floodlight","15":"first","16":"instock","17":"sale","18":"featured","19":"taxable","20":"shipping-taxable","21":"purchasable","22":"product-type-simple"},"_links":{"self":[{"href":"https:\/\/ledshoponline.be\/fr\/wp-json\/wp\/v2\/product\/443499","targetHints":{"allow":["GET"]}}],"collection":[{"href":"https:\/\/ledshoponline.be\/fr\/wp-json\/wp\/v2\/product"}],"about":[{"href":"https:\/\/ledshoponline.be\/fr\/wp-json\/wp\/v2\/types\/product"}],"replies":[{"embeddable":true,"href":"https:\/\/ledshoponline.be\/fr\/wp-json\/wp\/v2\/comments?post=443499"}],"version-history":[{"count":1,"href":"https:\/\/ledshoponline.be\/fr\/wp-json\/wp\/v2\/product\/443499\/revisions"}],"predecessor-version":[{"id":619066,"href":"https:\/\/ledshoponline.be\/fr\/wp-json\/wp\/v2\/product\/443499\/revisions\/619066"}],"wp:featuredmedia":[{"embeddable":true,"href":"https:\/\/ledshoponline.be\/fr\/wp-json\/wp\/v2\/media\/18955"}],"wp:attachment":[{"href":"https:\/\/ledshoponline.be\/fr\/wp-json\/wp\/v2\/media?parent=443499"}],"wp:term":[{"taxonomy":"product_brand","embeddable":true,"href":"https:\/\/ledshoponline.be\/fr\/wp-json\/wp\/v2\/product_brand?post=443499"},{"taxonomy":"product_cat","embeddable":true,"href":"https:\/\/ledshoponline.be\/fr\/wp-json\/wp\/v2\/product_cat?post=443499"},{"taxonomy":"product_tag","embeddable":true,"href":"https:\/\/ledshoponline.be\/fr\/wp-json\/wp\/v2\/product_tag?post=443499"}],"curies":[{"name":"wp","href":"https:\/\/api.w.org\/{rel}","templated":true}]}}