{"id":443385,"date":"2021-02-08T18:19:36","date_gmt":"2021-02-08T18:19:36","guid":{"rendered":"https:\/\/hlncaxea.a2hosted.com\/?post_type=product&#038;p=443385"},"modified":"2025-03-09T19:44:10","modified_gmt":"2025-03-09T19:44:10","slug":"calex-smart-globe-g125-75w-1055lm-1800-3000k","status":"publish","type":"product","link":"https:\/\/ledshoponline.be\/fr\/shop\/producten\/led-lampen\/led-filament-lampen\/calex-smart-globe-g125-75w-1055lm-1800-3000k\/","title":{"rendered":"Calex Smart Globe G125 7.5W 1055lm 1800-3000K"},"content":{"rendered":"<p>Plus besoin de se cacher ! Cette magnifique lampe globe Smart avec raccord E27 est faite pour \u00eatre vue ! Son rev\u00eatement transparent et sa forme intemporelle mettent votre int\u00e9rieur en valeur et modifient la temp\u00e9rature de couleur (1800-3000K). R\u00e9glez vos pr\u00e9f\u00e9rences personnelles facilement via le wifi avec des minuteries et des routines r\u00e9glables. Il peut \u00eatre contr\u00f4l\u00e9 par des commandes vocales, la t\u00e9l\u00e9commande Calex ou l'application gratuite Calex.<br \/>\nCette ampoule intelligente lumineuse avec douille E27 est parfaite pour \u00eatre suspendue au-dessus de la table \u00e0 manger, dans un coin sombre ou dans une chambre \u00e0 coucher. Vous ne pouvez pas vous tromper avec ce mod\u00e8le polyvalent !<\/p>\n<p><strong>Remarque ! Ces ampoules intelligentes fonctionnent sur un interrupteur mural normal et via wifi. Elles ne fonctionnent pas sur un variateur de lumi\u00e8re. Via la t\u00e9l\u00e9commande intelligente Calex et l'appli gratuite Calex, vous pouvez connecter ces lampes au wifi et les r\u00e9gler sur l'ambiance souhait\u00e9e.<\/strong><\/p>\n<p><strong>USP<\/strong><br \/>\n- Connexion Wi-Fi<br \/>\n- Installation simple<br \/>\n- Pr\u00eat \u00e0 l'emploi en 3 \u00e9tapes simples<br \/>\n- CCT : 1800-3000K<br \/>\n- Dimmable via l'appli et la t\u00e9l\u00e9commande<br \/>\n- Mod\u00e8le d\u00e9coratif<br \/>\n- Rev\u00eatement transparent<\/p>","protected":false},"excerpt":{"rendered":"<p>Une ampoule LED attrayante qui diffuse une belle lumi\u00e8re chaude \u00e0 360\u00b0.<br \/>\nId\u00e9al pour l'h\u00f4tellerie et la maison. Dimmable avec un smartphone ou une t\u00e9l\u00e9commande wifi<\/p>\n<p><strong>Fiche produit<\/strong><br \/>\n<strong><a href=\"https:\/\/eprel.ec.europa.eu\/fiches\/lightsources\/Fiche_984855_NL.pdf\">FR<\/a>\u00a0|\u00a0<a href=\"https:\/\/eprel.ec.europa.eu\/fiches\/lightsources\/Fiche_984855_FR.pdf\">FR\u00a0<\/a>|\u00a0<a href=\"https:\/\/eprel.ec.europa.eu\/fiches\/lightsources\/Fiche_984855_EN.pdf\">ET\u00a0<\/a>|\u00a0<a href=\"https:\/\/eprel.ec.europa.eu\/fiches\/lightsources\/Fiche_984855_DE.pdf\">LE<\/a><\/strong><\/p>","protected":false},"featured_media":443386,"comment_status":"closed","ping_status":"closed","template":"","meta":{"_seopress_robots_primary_cat":"","_seopress_titles_title":"","_seopress_titles_desc":"","_seopress_robots_index":""},"product_brand":[],"product_cat":[268,111,20,19,514],"product_tag":[719],"class_list":{"0":"post-443385","1":"product","2":"type-product","3":"status-publish","4":"has-post-thumbnail","6":"product_cat-led-filament-lampen","7":"product_cat-led-lamp-e27","8":"product_cat-led-lampen","9":"product_cat-producten","10":"product_cat-smart-home","11":"product_tag-g125-led","13":"first","14":"instock","15":"sale","16":"taxable","17":"shipping-taxable","18":"purchasable","19":"product-type-simple"},"_links":{"self":[{"href":"https:\/\/ledshoponline.be\/fr\/wp-json\/wp\/v2\/product\/443385","targetHints":{"allow":["GET"]}}],"collection":[{"href":"https:\/\/ledshoponline.be\/fr\/wp-json\/wp\/v2\/product"}],"about":[{"href":"https:\/\/ledshoponline.be\/fr\/wp-json\/wp\/v2\/types\/product"}],"replies":[{"embeddable":true,"href":"https:\/\/ledshoponline.be\/fr\/wp-json\/wp\/v2\/comments?post=443385"}],"version-history":[{"count":0,"href":"https:\/\/ledshoponline.be\/fr\/wp-json\/wp\/v2\/product\/443385\/revisions"}],"wp:featuredmedia":[{"embeddable":true,"href":"https:\/\/ledshoponline.be\/fr\/wp-json\/wp\/v2\/media\/443386"}],"wp:attachment":[{"href":"https:\/\/ledshoponline.be\/fr\/wp-json\/wp\/v2\/media?parent=443385"}],"wp:term":[{"taxonomy":"product_brand","embeddable":true,"href":"https:\/\/ledshoponline.be\/fr\/wp-json\/wp\/v2\/product_brand?post=443385"},{"taxonomy":"product_cat","embeddable":true,"href":"https:\/\/ledshoponline.be\/fr\/wp-json\/wp\/v2\/product_cat?post=443385"},{"taxonomy":"product_tag","embeddable":true,"href":"https:\/\/ledshoponline.be\/fr\/wp-json\/wp\/v2\/product_tag?post=443385"}],"curies":[{"name":"wp","href":"https:\/\/api.w.org\/{rel}","templated":true}]}}