{"id":443269,"date":"2021-01-27T12:59:47","date_gmt":"2021-01-27T12:59:47","guid":{"rendered":"https:\/\/hlncaxea.a2hosted.com\/?post_type=product&#038;p=443269"},"modified":"2025-03-09T19:44:08","modified_gmt":"2025-03-09T19:44:08","slug":"led-batten-shadowless-120cm-24w-daylight-6500k-865","status":"publish","type":"product","link":"https:\/\/ledshoponline.be\/fr\/shop\/producten\/led-tl-buizen\/120cm-led-tl\/led-batten-schaduwvrij-120cm-24w-daglicht-6500k-865\/","title":{"rendered":"LED Batten shadowless 120cm 24W Daylight | 6500k (865)"},"content":{"rendered":"<p>Le luminaire LED \u00e0 lattes au design fin est tr\u00e8s facile \u00e0 monter. Il est fourni avec le mat\u00e9riel de montage.<br \/>\nAvec ce luminaire, vous pouvez cr\u00e9er une ligne sans ombre d'un c\u00f4t\u00e9 \u00e0 l'autre.<\/p>","protected":false},"excerpt":{"rendered":"<p><strong>Fiche produit<\/strong><br \/>\n<strong><a href=\"https:\/\/eprel.ec.europa.eu\/fiches\/lightsources\/Fiche_851926_NL.pdf\">FR<\/a>\u00a0|\u00a0<a href=\"https:\/\/eprel.ec.europa.eu\/fiches\/lightsources\/Fiche_851926_FR.pdf\">FR\u00a0<\/a>|\u00a0<a href=\"https:\/\/eprel.ec.europa.eu\/fiches\/lightsources\/Fiche_851926_EN.pdf\">ET\u00a0<\/a>|\u00a0<a href=\"https:\/\/eprel.ec.europa.eu\/fiches\/lightsources\/Fiche_851926_DE.pdf\">LE<\/a><\/strong><\/p>","protected":false},"featured_media":443270,"comment_status":"closed","ping_status":"closed","template":"","meta":{"_seopress_robots_primary_cat":"","_seopress_titles_title":"","_seopress_titles_desc":"","_seopress_robots_index":""},"product_brand":[],"product_cat":[74,87,883,250,49,165,19,251,884],"product_tag":[855,856],"class_list":{"0":"post-443269","1":"product","2":"type-product","3":"status-publish","4":"has-post-thumbnail","6":"product_cat-120cm-led-tl","7":"product_cat-armaturen","8":"product_cat-led-batten","9":"product_cat-led-tl-armaturen","10":"product_cat-led-tl-buizen","11":"product_cat-plafondlampen","12":"product_cat-producten","13":"product_cat-tl-armaturen","14":"product_cat-tri-proof-led-armaturen","15":"product_tag-led-tube","16":"product_tag-led-tuve","18":"first","19":"instock","20":"sale","21":"taxable","22":"shipping-taxable","23":"purchasable","24":"product-type-simple"},"_links":{"self":[{"href":"https:\/\/ledshoponline.be\/fr\/wp-json\/wp\/v2\/product\/443269","targetHints":{"allow":["GET"]}}],"collection":[{"href":"https:\/\/ledshoponline.be\/fr\/wp-json\/wp\/v2\/product"}],"about":[{"href":"https:\/\/ledshoponline.be\/fr\/wp-json\/wp\/v2\/types\/product"}],"replies":[{"embeddable":true,"href":"https:\/\/ledshoponline.be\/fr\/wp-json\/wp\/v2\/comments?post=443269"}],"version-history":[{"count":0,"href":"https:\/\/ledshoponline.be\/fr\/wp-json\/wp\/v2\/product\/443269\/revisions"}],"wp:featuredmedia":[{"embeddable":true,"href":"https:\/\/ledshoponline.be\/fr\/wp-json\/wp\/v2\/media\/443270"}],"wp:attachment":[{"href":"https:\/\/ledshoponline.be\/fr\/wp-json\/wp\/v2\/media?parent=443269"}],"wp:term":[{"taxonomy":"product_brand","embeddable":true,"href":"https:\/\/ledshoponline.be\/fr\/wp-json\/wp\/v2\/product_brand?post=443269"},{"taxonomy":"product_cat","embeddable":true,"href":"https:\/\/ledshoponline.be\/fr\/wp-json\/wp\/v2\/product_cat?post=443269"},{"taxonomy":"product_tag","embeddable":true,"href":"https:\/\/ledshoponline.be\/fr\/wp-json\/wp\/v2\/product_tag?post=443269"}],"curies":[{"name":"wp","href":"https:\/\/api.w.org\/{rel}","templated":true}]}}