{"id":443241,"date":"2021-01-24T17:03:09","date_gmt":"2021-01-24T17:03:09","guid":{"rendered":"https:\/\/hlncaxea.a2hosted.com\/?post_type=product&#038;p=443241"},"modified":"2025-03-09T19:44:05","modified_gmt":"2025-03-09T19:44:05","slug":"applique-murale-led-star-inox-avec-led-interchangeable-3000k","status":"publish","type":"product","link":"https:\/\/ledshoponline.be\/fr\/shop\/producten\/armaturen\/badkamer-lampen\/wandlamp-led-ster-rvs-met-verwisselbare-led-3000k\/","title":{"rendered":"Applique LED star inox avec LED interchangeables 3000k"},"content":{"rendered":"<div class=\"column_header\">\n<p class=\"head\"><strong>DIMENSIONS<\/strong><\/p>\n<\/div>\n<table class=\"o-productspecifications u-table-zebra u-table-collapses\">\n<tbody>\n<tr class=\"u-table-subheader\">\n<th colspan=\"2\" scope=\"col\">Total<\/th>\n<\/tr>\n<tr class=\"u-table-zebrarow\">\n<th scope=\"row\">Largeur<\/th>\n<td>9,50 cm<\/td>\n<\/tr>\n<tr>\n<th scope=\"row\">Hauteur<\/th>\n<td>4,00 cm<\/td>\n<\/tr>\n<tr class=\"u-table-zebrarow\">\n<th scope=\"row\">Profondeur<\/th>\n<td>15,50 cm<\/td>\n<\/tr>\n<\/tbody>\n<tbody>\n<tr class=\"u-table-subheader\">\n<th colspan=\"2\" scope=\"col\">Plaque murale<\/th>\n<\/tr>\n<tr class=\"u-table-zebrarow\">\n<th scope=\"row\">Largeur<\/th>\n<td>9,50 cm<\/td>\n<\/tr>\n<tr>\n<th scope=\"row\">Hauteur<\/th>\n<td>4,00 cm<\/td>\n<\/tr>\n<\/tbody>\n<tbody>\n<tr class=\"u-table-subheader\">\n<th colspan=\"2\" scope=\"col\">Du mur \u00e0 la fa\u00e7ade<\/th>\n<\/tr>\n<tr class=\"u-table-zebrarow\">\n<th scope=\"row\">Profondeur<\/th>\n<td>15,50 cm<\/td>\n<\/tr>\n<\/tbody>\n<\/table>\n<p>Classe d'\u00e9tanch\u00e9it\u00e9 - IP 44 r\u00e9sistant aux \u00e9claboussures<\/p>\n<p>Les LED sont connues pour leur longue dur\u00e9e de vie et leur utilisation tr\u00e8s \u00e9conomique. De plus, le luminaire ne chauffe pas pendant l'utilisation.<\/p>\n<p><strong>Ampoule LED G9 : LED de 2 watts de couleur blanc chaud 3000k.<\/strong><\/p>","protected":false},"excerpt":{"rendered":"<p>Une lampe murale design exclusive \u00e0 un prix particuli\u00e8rement bas.<\/p>","protected":false},"featured_media":443242,"comment_status":"closed","ping_status":"closed","template":"","meta":{"_seopress_robots_primary_cat":"","_seopress_titles_title":"","_seopress_titles_desc":"","_seopress_robots_index":""},"product_brand":[],"product_cat":[87,89,90,19,109],"product_tag":[328,260,329,330,331,332,333,196,334,335,336,337],"class_list":{"0":"post-443241","1":"product","2":"type-product","3":"status-publish","4":"has-post-thumbnail","6":"product_cat-armaturen","7":"product_cat-badkamer-lampen","8":"product_cat-buitenverlichting","9":"product_cat-producten","10":"product_cat-wandlampen","11":"product_tag-aluminium","12":"product_tag-badkamer","13":"product_tag-batkamer","14":"product_tag-buitenverlichting","15":"product_tag-design","16":"product_tag-glas","17":"product_tag-helder","18":"product_tag-led-armatuur","19":"product_tag-modern","20":"product_tag-rond","21":"product_tag-zox","22":"product_tag-zoxx","24":"first","25":"instock","26":"taxable","27":"shipping-taxable","28":"purchasable","29":"product-type-simple"},"_links":{"self":[{"href":"https:\/\/ledshoponline.be\/fr\/wp-json\/wp\/v2\/product\/443241","targetHints":{"allow":["GET"]}}],"collection":[{"href":"https:\/\/ledshoponline.be\/fr\/wp-json\/wp\/v2\/product"}],"about":[{"href":"https:\/\/ledshoponline.be\/fr\/wp-json\/wp\/v2\/types\/product"}],"replies":[{"embeddable":true,"href":"https:\/\/ledshoponline.be\/fr\/wp-json\/wp\/v2\/comments?post=443241"}],"version-history":[{"count":0,"href":"https:\/\/ledshoponline.be\/fr\/wp-json\/wp\/v2\/product\/443241\/revisions"}],"wp:featuredmedia":[{"embeddable":true,"href":"https:\/\/ledshoponline.be\/fr\/wp-json\/wp\/v2\/media\/443242"}],"wp:attachment":[{"href":"https:\/\/ledshoponline.be\/fr\/wp-json\/wp\/v2\/media?parent=443241"}],"wp:term":[{"taxonomy":"product_brand","embeddable":true,"href":"https:\/\/ledshoponline.be\/fr\/wp-json\/wp\/v2\/product_brand?post=443241"},{"taxonomy":"product_cat","embeddable":true,"href":"https:\/\/ledshoponline.be\/fr\/wp-json\/wp\/v2\/product_cat?post=443241"},{"taxonomy":"product_tag","embeddable":true,"href":"https:\/\/ledshoponline.be\/fr\/wp-json\/wp\/v2\/product_tag?post=443241"}],"curies":[{"name":"wp","href":"https:\/\/api.w.org\/{rel}","templated":true}]}}