{"id":443205,"date":"2021-01-22T16:36:57","date_gmt":"2021-01-22T16:36:57","guid":{"rendered":"https:\/\/hlncaxea.a2hosted.com\/?post_type=product&#038;p=443205"},"modified":"2025-11-11T19:35:27","modified_gmt":"2025-11-11T19:35:27","slug":"smart-gu10-rgb-reflector-calex-led-bulb-5w-350lm-2200-4000k-wifi","status":"publish","type":"product","link":"https:\/\/ledshoponline.be\/fr\/shop\/producten\/led-spots\/led-spot-gu10-230v\/smart-gu10-rgb-reflector-calex-led-lamp-5w-350lm-2200-4000k-wifi\/","title":{"rendered":"Smart Gu10 RGB Reflector Calex led bulb 5W 350lm 2200-4000K Wifi"},"content":{"rendered":"<p>Pourquoi choisir si ce n'est pas n\u00e9cessaire ? Cette lampe \u00e0 r\u00e9flecteur Smart RGB-CCT vous permet de passer facilement d'une lumi\u00e8re de travail brillante \u00e0 une lumi\u00e8re douillette pour les soir\u00e9es au moyen d'une connexion wifi. Pour ce faire, utilisez la t\u00e9l\u00e9commande Calex ou l'application gratuite Calex. La fonction RGB vous permet de colorer votre int\u00e9rieur dans d'innombrables couleurs.<\/p>\n<p>Ces ampoules intelligentes fonctionnent sur un interrupteur mural normal et via wifi. Elles ne fonctionnent pas sur un variateur de lumi\u00e8re. Avec l'application gratuite Calex, vous pouvez connecter ces lampes au wifi et les r\u00e9gler sur l'ambiance souhait\u00e9e.<\/p>\n<p>USP<br \/>\n- Connexion Wi-Fi<br \/>\n- Installation simple<br \/>\n- Pr\u00eat \u00e0 l'emploi en 3 \u00e9tapes simples<br \/>\n- Plus de 100 options de couleurs RVB<br \/>\n- CCT : 2200-4000K (couleur blanche)<br \/>\n- Dimmable via l'appli et la t\u00e9l\u00e9commande<\/p>\n<p>&nbsp;<\/p>\n<p><iframe title=\"CALEX SMART - Comment connecter vos ampoules LED Calex Smart\" width=\"500\" height=\"281\" src=\"https:\/\/www.youtube.com\/embed\/K8Aef_kqEIU?feature=oembed\" frameborder=\"0\" allow=\"accelerometer; autoplay; clipboard-write; encrypted-media; gyroscope; picture-in-picture; web-share\" referrerpolicy=\"strict-origin-when-cross-origin\" allowfullscreen><\/iframe><\/p>","protected":false},"excerpt":{"rendered":"<p>Waarom kiezen als het niet hoeft? Deze Smart RGB-CCT reflectorlamp laat je door middel van een wifi verbinding eenvoudig switchen<\/p>","protected":false},"featured_media":443206,"comment_status":"closed","ping_status":"closed","template":"","meta":{"_seopress_robots_primary_cat":"none","_seopress_titles_title":"","_seopress_titles_desc":"","_seopress_robots_index":""},"product_brand":[],"product_cat":[133,132,19,514],"product_tag":[],"class_list":{"0":"post-443205","1":"product","2":"type-product","3":"status-publish","4":"has-post-thumbnail","6":"product_cat-led-spot-gu10-230v","7":"product_cat-led-spots","8":"product_cat-producten","9":"product_cat-smart-home","11":"first","12":"instock","13":"taxable","14":"shipping-taxable","15":"purchasable","16":"product-type-simple"},"_links":{"self":[{"href":"https:\/\/ledshoponline.be\/fr\/wp-json\/wp\/v2\/product\/443205","targetHints":{"allow":["GET"]}}],"collection":[{"href":"https:\/\/ledshoponline.be\/fr\/wp-json\/wp\/v2\/product"}],"about":[{"href":"https:\/\/ledshoponline.be\/fr\/wp-json\/wp\/v2\/types\/product"}],"replies":[{"embeddable":true,"href":"https:\/\/ledshoponline.be\/fr\/wp-json\/wp\/v2\/comments?post=443205"}],"version-history":[{"count":1,"href":"https:\/\/ledshoponline.be\/fr\/wp-json\/wp\/v2\/product\/443205\/revisions"}],"predecessor-version":[{"id":587113,"href":"https:\/\/ledshoponline.be\/fr\/wp-json\/wp\/v2\/product\/443205\/revisions\/587113"}],"wp:featuredmedia":[{"embeddable":true,"href":"https:\/\/ledshoponline.be\/fr\/wp-json\/wp\/v2\/media\/443206"}],"wp:attachment":[{"href":"https:\/\/ledshoponline.be\/fr\/wp-json\/wp\/v2\/media?parent=443205"}],"wp:term":[{"taxonomy":"product_brand","embeddable":true,"href":"https:\/\/ledshoponline.be\/fr\/wp-json\/wp\/v2\/product_brand?post=443205"},{"taxonomy":"product_cat","embeddable":true,"href":"https:\/\/ledshoponline.be\/fr\/wp-json\/wp\/v2\/product_cat?post=443205"},{"taxonomy":"product_tag","embeddable":true,"href":"https:\/\/ledshoponline.be\/fr\/wp-json\/wp\/v2\/product_tag?post=443205"}],"curies":[{"name":"wp","href":"https:\/\/api.w.org\/{rel}","templated":true}]}}