{"id":443176,"date":"2021-01-21T16:58:05","date_gmt":"2021-01-21T16:58:05","guid":{"rendered":"https:\/\/hlncaxea.a2hosted.com\/?post_type=product&#038;p=443176"},"modified":"2025-09-22T16:07:10","modified_gmt":"2025-09-22T16:07:10","slug":"ampoule-led-intelligente-calex-7w-large-socket-e27-1800-3000k-dimmable","status":"publish","type":"product","link":"https:\/\/ledshoponline.be\/fr\/shop\/producten\/led-lampen\/led-filament-lampen\/smart-led-lamp-calex-7w-grote-fitting-e27-1800-3000k-dimbaar\/","title":{"rendered":"Smart LED Lamp Calex | 7W Large-socket E27 | 1800-3000K dimmable"},"content":{"rendered":"<p>Cette magnifique ampoule intelligente lumineuse avec douille E27 s'adapte \u00e0 la plupart des luminaires et vous permet de r\u00e9gler la temp\u00e9rature de couleur (1800-3000K) avec l'application gratuite Calex. Modifiez facilement la luminosit\u00e9 pour passer d'une lumi\u00e8re vive et brillante \u00e0 une lumi\u00e8re ambiante plus chaude et tamis\u00e9e pour des soir\u00e9es douillettes. R\u00e9glez des minuteries et des routines pour optimiser le confort de la maison.<\/p>\r\n\r\n\r\n\r\n<p><strong>Remarque !<\/strong> Ces ampoules intelligentes fonctionnent sur un interrupteur mural normal et via wifi. Elles ne fonctionnent pas sur un variateur de lumi\u00e8re. Via la t\u00e9l\u00e9commande intelligente Calex et l'appli gratuite Calex, vous pouvez connecter ces lampes au wifi et les r\u00e9gler sur l'ambiance souhait\u00e9e.<\/p>\r\n\r\n\r\n\r\n<p>USP<br \/>- Connexion Wi-Fi<br \/>- Installation simple<br \/>- CCT : 1800-3000K (couleur blanche)<br \/>- Dimmable via l'appli et la t\u00e9l\u00e9commande<\/p>\r\n\r\n\r\n\r\n<p>&nbsp;<\/p>\r\n\r\n\r\n<p><iframe title=\"CALEX SMART - Comment connecter vos ampoules LED Calex Smart\" width=\"500\" height=\"281\" src=\"https:\/\/www.youtube.com\/embed\/K8Aef_kqEIU?feature=oembed\" frameborder=\"0\" allow=\"accelerometer; autoplay; clipboard-write; encrypted-media; gyroscope; picture-in-picture; web-share\" referrerpolicy=\"strict-origin-when-cross-origin\" allowfullscreen><\/iframe><\/p>","protected":false},"excerpt":{"rendered":"<p>Lampe LED atmosph\u00e9rique et intelligente de Calex. Peut \u00eatre facilement contr\u00f4l\u00e9e avec une application ou avec la t\u00e9l\u00e9commande Wifi en option. <strong>Fiche produit<\/strong> <strong><a href=\"https:\/\/eprel.ec.europa.eu\/fiches\/lightsources\/Fiche_1668289_NL.pdf\">FR<\/a>\u00a0|\u00a0<a href=\"https:\/\/eprel.ec.europa.eu\/fiches\/lightsources\/Fiche_1668289_FR.pdf\">FR\u00a0<\/a>|\u00a0<a href=\"https:\/\/eprel.ec.europa.eu\/fiches\/lightsources\/Fiche_1668289_EN.pdf\">ET\u00a0<\/a>|\u00a0<a href=\"https:\/\/eprel.ec.europa.eu\/fiches\/lightsources\/Fiche_1668289_DE.pdf\">LE<\/a><\/strong><\/p>","protected":false},"featured_media":443177,"comment_status":"closed","ping_status":"closed","template":"","meta":{"_seopress_robots_primary_cat":"none","_seopress_titles_title":"","_seopress_titles_desc":"","_seopress_robots_index":""},"product_brand":[],"product_cat":[530,268,111,20,19,514,112],"product_tag":[719],"class_list":{"0":"post-443176","1":"product","2":"type-product","3":"status-publish","4":"has-post-thumbnail","6":"product_cat-deals","7":"product_cat-led-filament-lampen","8":"product_cat-led-lamp-e27","9":"product_cat-led-lampen","10":"product_cat-producten","11":"product_cat-smart-home","12":"product_cat-stock-opruiming","13":"product_tag-g125-led","15":"first","16":"instock","17":"sale","18":"taxable","19":"shipping-taxable","20":"purchasable","21":"product-type-simple"},"_links":{"self":[{"href":"https:\/\/ledshoponline.be\/fr\/wp-json\/wp\/v2\/product\/443176","targetHints":{"allow":["GET"]}}],"collection":[{"href":"https:\/\/ledshoponline.be\/fr\/wp-json\/wp\/v2\/product"}],"about":[{"href":"https:\/\/ledshoponline.be\/fr\/wp-json\/wp\/v2\/types\/product"}],"replies":[{"embeddable":true,"href":"https:\/\/ledshoponline.be\/fr\/wp-json\/wp\/v2\/comments?post=443176"}],"version-history":[{"count":1,"href":"https:\/\/ledshoponline.be\/fr\/wp-json\/wp\/v2\/product\/443176\/revisions"}],"predecessor-version":[{"id":624392,"href":"https:\/\/ledshoponline.be\/fr\/wp-json\/wp\/v2\/product\/443176\/revisions\/624392"}],"wp:featuredmedia":[{"embeddable":true,"href":"https:\/\/ledshoponline.be\/fr\/wp-json\/wp\/v2\/media\/443177"}],"wp:attachment":[{"href":"https:\/\/ledshoponline.be\/fr\/wp-json\/wp\/v2\/media?parent=443176"}],"wp:term":[{"taxonomy":"product_brand","embeddable":true,"href":"https:\/\/ledshoponline.be\/fr\/wp-json\/wp\/v2\/product_brand?post=443176"},{"taxonomy":"product_cat","embeddable":true,"href":"https:\/\/ledshoponline.be\/fr\/wp-json\/wp\/v2\/product_cat?post=443176"},{"taxonomy":"product_tag","embeddable":true,"href":"https:\/\/ledshoponline.be\/fr\/wp-json\/wp\/v2\/product_tag?post=443176"}],"curies":[{"name":"wp","href":"https:\/\/api.w.org\/{rel}","templated":true}]}}