{"id":442494,"date":"2020-12-14T08:18:43","date_gmt":"2020-12-14T08:18:43","guid":{"rendered":"https:\/\/hlncaxea.a2hosted.com\/?post_type=product&#038;p=442494"},"modified":"2025-03-09T19:44:00","modified_gmt":"2025-03-09T19:44:00","slug":"downlight-led-downlight-7w-blanc-chaud-dimmable","status":"publish","type":"product","link":"https:\/\/ledshoponline.be\/fr\/shop\/producten\/armaturen\/inbouwspots\/led-inbouwspot-downlight-7w-warm-wit-dimbaar\/","title":{"rendered":"LED downlight | downlight 7W Warm-white | dimmable"},"content":{"rendered":"","protected":false},"excerpt":{"rendered":"<p>Magnifique \u00e9clairage encastr\u00e9 LED 7w dimmable \u00e0 un prix extr\u00eamement comp\u00e9titif. Remplace le spot halog\u00e8ne de 50W. En mat\u00e9riau blanc. Pilote LED inclus. La taille de coupe est de \u00d890 mm.<\/p>","protected":false},"featured_media":65741,"comment_status":"closed","ping_status":"closed","template":"","meta":{"_seopress_robots_primary_cat":"","_seopress_titles_title":"","_seopress_titles_desc":"","_seopress_robots_index":""},"product_brand":[],"product_cat":[87,88,455,132,19],"product_tag":[571,457],"class_list":{"0":"post-442494","1":"product","2":"type-product","3":"status-publish","4":"has-post-thumbnail","6":"product_cat-armaturen","7":"product_cat-inbouwspots","8":"product_cat-led-downlights","9":"product_cat-led-spots","10":"product_cat-producten","11":"product_tag-led-downlight","12":"product_tag-led-inbouwspot","14":"first","15":"instock","16":"taxable","17":"shipping-taxable","18":"purchasable","19":"product-type-simple"},"_links":{"self":[{"href":"https:\/\/ledshoponline.be\/fr\/wp-json\/wp\/v2\/product\/442494","targetHints":{"allow":["GET"]}}],"collection":[{"href":"https:\/\/ledshoponline.be\/fr\/wp-json\/wp\/v2\/product"}],"about":[{"href":"https:\/\/ledshoponline.be\/fr\/wp-json\/wp\/v2\/types\/product"}],"replies":[{"embeddable":true,"href":"https:\/\/ledshoponline.be\/fr\/wp-json\/wp\/v2\/comments?post=442494"}],"version-history":[{"count":1,"href":"https:\/\/ledshoponline.be\/fr\/wp-json\/wp\/v2\/product\/442494\/revisions"}],"predecessor-version":[{"id":625835,"href":"https:\/\/ledshoponline.be\/fr\/wp-json\/wp\/v2\/product\/442494\/revisions\/625835"}],"wp:featuredmedia":[{"embeddable":true,"href":"https:\/\/ledshoponline.be\/fr\/wp-json\/wp\/v2\/media\/65741"}],"wp:attachment":[{"href":"https:\/\/ledshoponline.be\/fr\/wp-json\/wp\/v2\/media?parent=442494"}],"wp:term":[{"taxonomy":"product_brand","embeddable":true,"href":"https:\/\/ledshoponline.be\/fr\/wp-json\/wp\/v2\/product_brand?post=442494"},{"taxonomy":"product_cat","embeddable":true,"href":"https:\/\/ledshoponline.be\/fr\/wp-json\/wp\/v2\/product_cat?post=442494"},{"taxonomy":"product_tag","embeddable":true,"href":"https:\/\/ledshoponline.be\/fr\/wp-json\/wp\/v2\/product_tag?post=442494"}],"curies":[{"name":"wp","href":"https:\/\/api.w.org\/{rel}","templated":true}]}}