{"id":442478,"date":"2020-12-13T15:54:10","date_gmt":"2020-12-13T15:54:10","guid":{"rendered":"https:\/\/hlncaxea.a2hosted.com\/?post_type=product&#038;p=442478"},"modified":"2026-02-20T05:43:07","modified_gmt":"2026-02-20T05:43:07","slug":"set-doutils-de-99-pieces-pour-lelectricien-professionnel","status":"publish","type":"product","link":"https:\/\/ledshoponline.be\/fr\/shop\/producten\/gereedschap\/klein-gereedschap\/99-delige-gereedschapset-voor-de-elektricien-pro\/","title":{"rendered":"Set d'outils de 99 pi\u00e8ces pour l'\u00e9lectricien professionnel"},"content":{"rendered":"<div class=\"desktop-item-title\"><strong>Caract\u00e9ristiques techniques :<\/strong><\/div>\n<div class=\"product attribute technical_specifications\">\n<div class=\"value\">\n<ul>\n<li>8 cl\u00e9s Allen<\/li>\n<li>4 tournevis<\/li>\n<li>20 x 25mm bits<\/li>\n<li>2 x pinces semi-circulaires<\/li>\n<li>1 x pince universelle<\/li>\n<li>1 x cl\u00e9 de serrage<\/li>\n<li>1 x adaptateur de bits<\/li>\n<li>1 tournevis \u00e0 cliquet pour les cl\u00e9s \u00e0 douille<\/li>\n<li>1 adaptateur de cl\u00e9 \u00e0 douille<\/li>\n<li>18 x cl\u00e9 \u00e0 douille 1\/4\u2033<\/li>\n<li>12 x cl\u00e9 \u00e0 douille 3\/8\u2033<\/li>\n<li>8 cl\u00e9s \u00e0 douille et \u00e0 anneau<\/li>\n<li>1 testeur de tension<\/li>\n<li>6 tournevis de pr\u00e9cision<\/li>\n<li>2 cutters lat\u00e9raux<\/li>\n<li>1 pince pour la pompe \u00e0 eau<\/li>\n<li>2 pinces de serrage<\/li>\n<li>1 d\u00e9nudeur de c\u00e2ble<\/li>\n<li>1 tournevis \u00e0 cliquet pour les embouts<\/li>\n<li>1 cl\u00e9 \u00e0 douille pour bougie d'allumage 3\/8\u2033<\/li>\n<li>1 x rallonge<\/li>\n<li>1 x cutter (alliage de zinc)<\/li>\n<li>1 disque<\/li>\n<li>1 assortiment de cosses de c\u00e2ble<\/li>\n<li>1 poign\u00e9e de cl\u00e9 \u00e0 douille<\/li>\n<li>2 x porte-embouts en PVC<\/li>\n<\/ul>\n<\/div>\n<\/div>","protected":false},"excerpt":{"rendered":"<p>Bo\u00eete \u00e0 outils contenant 99 outils \u00e0 main, dont des tournevis, des cl\u00e9s \u00e0 douille et \u00e0 anneau, des pinces, des cl\u00e9s \u00e0 douille, etc.<\/p>","protected":false},"featured_media":442479,"comment_status":"closed","ping_status":"closed","template":"","meta":{"_seopress_robots_primary_cat":"none","_seopress_titles_title":"","_seopress_titles_desc":"","_seopress_robots_index":""},"product_brand":[],"product_cat":[128,130],"product_tag":[],"class_list":{"0":"post-442478","1":"product","2":"type-product","3":"status-publish","4":"has-post-thumbnail","6":"product_cat-gereedschap","7":"product_cat-klein-gereedschap","9":"first","10":"outofstock","11":"sale","12":"taxable","13":"shipping-taxable","14":"purchasable","15":"product-type-simple"},"_links":{"self":[{"href":"https:\/\/ledshoponline.be\/fr\/wp-json\/wp\/v2\/product\/442478","targetHints":{"allow":["GET"]}}],"collection":[{"href":"https:\/\/ledshoponline.be\/fr\/wp-json\/wp\/v2\/product"}],"about":[{"href":"https:\/\/ledshoponline.be\/fr\/wp-json\/wp\/v2\/types\/product"}],"replies":[{"embeddable":true,"href":"https:\/\/ledshoponline.be\/fr\/wp-json\/wp\/v2\/comments?post=442478"}],"version-history":[{"count":1,"href":"https:\/\/ledshoponline.be\/fr\/wp-json\/wp\/v2\/product\/442478\/revisions"}],"predecessor-version":[{"id":701749,"href":"https:\/\/ledshoponline.be\/fr\/wp-json\/wp\/v2\/product\/442478\/revisions\/701749"}],"wp:featuredmedia":[{"embeddable":true,"href":"https:\/\/ledshoponline.be\/fr\/wp-json\/wp\/v2\/media\/442479"}],"wp:attachment":[{"href":"https:\/\/ledshoponline.be\/fr\/wp-json\/wp\/v2\/media?parent=442478"}],"wp:term":[{"taxonomy":"product_brand","embeddable":true,"href":"https:\/\/ledshoponline.be\/fr\/wp-json\/wp\/v2\/product_brand?post=442478"},{"taxonomy":"product_cat","embeddable":true,"href":"https:\/\/ledshoponline.be\/fr\/wp-json\/wp\/v2\/product_cat?post=442478"},{"taxonomy":"product_tag","embeddable":true,"href":"https:\/\/ledshoponline.be\/fr\/wp-json\/wp\/v2\/product_tag?post=442478"}],"curies":[{"name":"wp","href":"https:\/\/api.w.org\/{rel}","templated":true}]}}