{"id":442474,"date":"2020-12-13T15:48:59","date_gmt":"2020-12-13T15:48:59","guid":{"rendered":"https:\/\/hlncaxea.a2hosted.com\/?post_type=product&#038;p=442474"},"modified":"2025-03-09T19:43:58","modified_gmt":"2025-03-09T19:43:58","slug":"set-doutils-de-34-pieces-pour-lelectricien-professionnel","status":"publish","type":"product","link":"https:\/\/ledshoponline.be\/fr\/shop\/producten\/gereedschap\/klein-gereedschap\/34-delige-gereedschapset-voor-de-elektricien-pro\/","title":{"rendered":"Set d'outils de 34 pi\u00e8ces pour l'\u00e9lectricien professionnel"},"content":{"rendered":"<p><strong>Contenu :<\/strong><\/p>\n<ul>\n<li>1x Pince \u00e9lectrique professionnelle demi-ronde, avec lame droite 200 mm - 26727<\/li>\n<li>1x Coupe-c\u00f4te \u00e9lectrique professionnel avec DynamicJoint 160 mm 6.5 inch - 43335<\/li>\n<li>1x Stripper Professional Electric 160 mm 6.5 inches - 26847<\/li>\n<li>1x Pince \u00e0 sertir professionnelle \u00e9lectrique 145 mm - 35861<\/li>\n<li>1x Jeu de cl\u00e9s dans support compact, hexagonales, avec t\u00eate sph\u00e9rique chrom\u00e9 mat 10 pi\u00e8ces - 01418<\/li>\n<li>1x Outil de retrait de la gaine avec lame auto-rotative 165 mm - 35969<\/li>\n<li>1x Compteur pliant pour \u00e9lectriciens Longlife 2 m\u00e8tres m\u00e9triques 10 cellules - 42068<\/li>\n<li>1x Niveau pour \u00e9lectriciens 40 cm - 42074<\/li>\n<li>1x Tournevis avec magasin d'embouts \u00e9lectriques LiftUp avec 6 embouts slimBit (2x Phillips, 1x PlusMinus Pozidriv, 3x plats) - 38611<\/li>\n<li>1x Tournevis SoftFinish plat 2,5 75 mm - 00820<\/li>\n<li>1x Tournevis \u00e9lectrique SoftFinish slimFix plat 3,5 100 mm - 35446<\/li>\n<li>1x Tournevis \u00e9lectrique slimFix SoftFinish 5,5 125 mm - 35391<\/li>\n<li>1x Tournevis \u00e9lectrique slimFix SoftFinish 6,5 150 mm - 35392<\/li>\n<li>1x tournevis SoftFinish \u00e9lectrique slimFix Phillips PH1 80mm - 35393<\/li>\n<li>1x tournevis SoftFinish \u00e9lectrique slimFix Phillips PH2 100mm - 35394<\/li>\n<li>1x tournevis SoftFinish \u00e9lectrique slimFix Pozidriv PZ1 80mm - 35395<\/li>\n<li>1x tournevis SoftFinish \u00e9lectrique slimFix Pozidriv PZ2 100mm - 35396<\/li>\n<li>1x tournevis SoftFinish \u00e9lectrique slimFix plusminus Pozidriv SL PZ2 100mm - 36330<\/li>\n<\/ul>","protected":false},"excerpt":{"rendered":"<ul>\n<li>Tous les outils de base de l'\u00e9lectricien se trouvent dans une mallette robuste.<\/li>\n<li>Outils isol\u00e9s VDE de haute qualit\u00e9<\/li>\n<li>Ergonomique - r\u00e9duit la tension sur le poignet<\/li>\n<li>Convient pour les travaux sur des pi\u00e8ces sous tension jusqu'\u00e0 1 000 V CA<\/li>\n<\/ul>","protected":false},"featured_media":442475,"comment_status":"closed","ping_status":"closed","template":"","meta":{"_seopress_robots_primary_cat":"","_seopress_titles_title":"","_seopress_titles_desc":"","_seopress_robots_index":""},"product_brand":[],"product_cat":[128,130],"product_tag":[],"class_list":{"0":"post-442474","1":"product","2":"type-product","3":"status-publish","4":"has-post-thumbnail","6":"product_cat-gereedschap","7":"product_cat-klein-gereedschap","9":"first","10":"outofstock","11":"sale","12":"taxable","13":"shipping-taxable","14":"purchasable","15":"product-type-simple"},"_links":{"self":[{"href":"https:\/\/ledshoponline.be\/fr\/wp-json\/wp\/v2\/product\/442474","targetHints":{"allow":["GET"]}}],"collection":[{"href":"https:\/\/ledshoponline.be\/fr\/wp-json\/wp\/v2\/product"}],"about":[{"href":"https:\/\/ledshoponline.be\/fr\/wp-json\/wp\/v2\/types\/product"}],"replies":[{"embeddable":true,"href":"https:\/\/ledshoponline.be\/fr\/wp-json\/wp\/v2\/comments?post=442474"}],"version-history":[{"count":0,"href":"https:\/\/ledshoponline.be\/fr\/wp-json\/wp\/v2\/product\/442474\/revisions"}],"wp:featuredmedia":[{"embeddable":true,"href":"https:\/\/ledshoponline.be\/fr\/wp-json\/wp\/v2\/media\/442475"}],"wp:attachment":[{"href":"https:\/\/ledshoponline.be\/fr\/wp-json\/wp\/v2\/media?parent=442474"}],"wp:term":[{"taxonomy":"product_brand","embeddable":true,"href":"https:\/\/ledshoponline.be\/fr\/wp-json\/wp\/v2\/product_brand?post=442474"},{"taxonomy":"product_cat","embeddable":true,"href":"https:\/\/ledshoponline.be\/fr\/wp-json\/wp\/v2\/product_cat?post=442474"},{"taxonomy":"product_tag","embeddable":true,"href":"https:\/\/ledshoponline.be\/fr\/wp-json\/wp\/v2\/product_tag?post=442474"}],"curies":[{"name":"wp","href":"https:\/\/api.w.org\/{rel}","templated":true}]}}