{"id":441633,"date":"2020-11-10T16:09:45","date_gmt":"2020-11-10T16:09:45","guid":{"rendered":"https:\/\/hlncaxea.a2hosted.com\/?post_type=product&#038;p=441633"},"modified":"2025-03-09T19:43:52","modified_gmt":"2025-03-09T19:43:52","slug":"thermometre-corporel-infrarouge-pro","status":"publish","type":"product","link":"https:\/\/ledshoponline.be\/fr\/shop\/producten\/gereedschap\/meettoestellen\/infrarood-thermometer-voor-lichaamstemperatuur-pro\/","title":{"rendered":"Thermom\u00e8tre infrarouge pour la mesure de la temp\u00e9rature corporelle"},"content":{"rendered":"<p>LED + alarme sonore :<\/p>\n<p>- Lorsque la temp\u00e9rature est trop \u00e9lev\u00e9e : LED + alarme sonore : \uff1e37.2\u2103 : l'affichage devient rouge ; \u226437.2\u2103 : l'affichage devient vert.<\/p>\n<div>- Alarme de surchauffe : le buzzer \uff1e37.2\u2103 se d\u00e9clenche.<\/div>\n<table border=\"0\" cellspacing=\"0\" cellpadding=\"0\">\n<colgroup>\n<col \/>\n<col \/><\/colgroup>\n<tbody>\n<tr>\n<td colspan=\"2\" height=\"23\"><\/td>\n<\/tr>\n<tr>\n<td height=\"23\">Plage de temp\u00e9rature<\/td>\n<td>32\u2103~42.9\u2103 (89.6\u2109~109.2\u2109)<\/td>\n<\/tr>\n<tr>\n<td height=\"23\">\u00c9cran LCD<\/td>\n<td>TN LCD<\/td>\n<\/tr>\n<tr>\n<td height=\"23\">Pr\u00e9cision<\/td>\n<td>\u00b10.3\u2103 (0.6\u2109)<\/td>\n<\/tr>\n<tr>\n<td height=\"23\">Distance de mesure optimale<\/td>\n<td>5~10cm<\/td>\n<\/tr>\n<tr>\n<td height=\"23\">R\u00e9p\u00e9tabilit\u00e9<\/td>\n<td>0.3\u2103 (0.6\u2109)<\/td>\n<\/tr>\n<tr>\n<td height=\"23\">Temps de r\u00e9ponse<\/td>\n<td>\u2264250ms \uff0895% ou lecture\uff09<\/td>\n<\/tr>\n<tr>\n<td height=\"23\">R\u00e9ponse spectrale<\/td>\n<td>8\u03bcm~14\u03bcm<\/td>\n<\/tr>\n<tr>\n<td height=\"23\">Mise hors tension automatique<\/td>\n<td>\u221a<\/td>\n<\/tr>\n<tr>\n<td height=\"23\">Alarme LED de temp\u00e9rature \u00e9lev\u00e9e<\/td>\n<td>\uff1e37.2\u2103\uff1a affichage LED rouge\uff0c \u226437.2\u2103\uff1a affichage LED vert.<\/td>\n<\/tr>\n<tr>\n<td height=\"23\">Alarme sonore de temp\u00e9rature \u00e9lev\u00e9e<\/td>\n<td>\uff1e37.2\u2103\uff1a avertisseur sonore.<\/td>\n<\/tr>\n<tr>\n<td height=\"23\">Maintien des donn\u00e9es<\/td>\n<td>\u221a<\/td>\n<\/tr>\n<tr>\n<td height=\"23\">R\u00e9tro-\u00e9clairage HD<\/td>\n<td>\u221a<\/td>\n<\/tr>\n<tr>\n<td height=\"23\">Trou de montage du tr\u00e9pied<\/td>\n<td>\u221a<\/td>\n<\/tr>\n<tr>\n<td height=\"23\">\u2103\/\u2109 s\u00e9lection<\/td>\n<td>\u221a<\/td>\n<\/tr>\n<tr>\n<td colspan=\"2\" height=\"23\"><\/td>\n<\/tr>\n<tr>\n<td height=\"23\">Puissance<\/td>\n<td>Pile 9V (6F22)<\/td>\n<\/tr>\n<tr>\n<td height=\"23\">Affichage<\/td>\n<td>30mm x 30mm<\/td>\n<\/tr>\n<tr>\n<td height=\"23\">Poids net du produit<\/td>\n<td>204g<\/td>\n<\/tr>\n<tr>\n<td height=\"23\">Taille du produit<\/td>\n<td>160mm x 74mm x 48mm<\/td>\n<\/tr>\n<\/tbody>\n<\/table>","protected":false},"excerpt":{"rendered":"<ul>\n<li>Simplicit\u00e9 d'utilisation et pr\u00e9cision des mesures<\/li>\n<li>Mesure rapidement la temp\u00e9rature corporelle sur le front, sans contact.<\/li>\n<li>R\u00e9action tr\u00e8s rapide : 250 ms par mesure<\/li>\n<li>Haute pr\u00e9cision = +\/- 0,3\u00b0C<\/li>\n<li>Mesurer \u00e0 une distance de 5 \u00e0 10 cm<\/li>\n<\/ul>","protected":false},"featured_media":441634,"comment_status":"closed","ping_status":"closed","template":"","meta":{"_seopress_robots_primary_cat":"","_seopress_titles_title":"","_seopress_titles_desc":"","_seopress_robots_index":""},"product_brand":[],"product_cat":[128,194],"product_tag":[],"class_list":{"0":"post-441633","1":"product","2":"type-product","3":"status-publish","4":"has-post-thumbnail","6":"product_cat-gereedschap","7":"product_cat-meettoestellen","9":"first","10":"instock","11":"taxable","12":"shipping-taxable","13":"purchasable","14":"product-type-simple"},"_links":{"self":[{"href":"https:\/\/ledshoponline.be\/fr\/wp-json\/wp\/v2\/product\/441633","targetHints":{"allow":["GET"]}}],"collection":[{"href":"https:\/\/ledshoponline.be\/fr\/wp-json\/wp\/v2\/product"}],"about":[{"href":"https:\/\/ledshoponline.be\/fr\/wp-json\/wp\/v2\/types\/product"}],"replies":[{"embeddable":true,"href":"https:\/\/ledshoponline.be\/fr\/wp-json\/wp\/v2\/comments?post=441633"}],"version-history":[{"count":0,"href":"https:\/\/ledshoponline.be\/fr\/wp-json\/wp\/v2\/product\/441633\/revisions"}],"wp:featuredmedia":[{"embeddable":true,"href":"https:\/\/ledshoponline.be\/fr\/wp-json\/wp\/v2\/media\/441634"}],"wp:attachment":[{"href":"https:\/\/ledshoponline.be\/fr\/wp-json\/wp\/v2\/media?parent=441633"}],"wp:term":[{"taxonomy":"product_brand","embeddable":true,"href":"https:\/\/ledshoponline.be\/fr\/wp-json\/wp\/v2\/product_brand?post=441633"},{"taxonomy":"product_cat","embeddable":true,"href":"https:\/\/ledshoponline.be\/fr\/wp-json\/wp\/v2\/product_cat?post=441633"},{"taxonomy":"product_tag","embeddable":true,"href":"https:\/\/ledshoponline.be\/fr\/wp-json\/wp\/v2\/product_tag?post=441633"}],"curies":[{"name":"wp","href":"https:\/\/api.w.org\/{rel}","templated":true}]}}