{"id":441630,"date":"2020-11-10T16:05:41","date_gmt":"2020-11-10T16:05:41","guid":{"rendered":"https:\/\/hlncaxea.a2hosted.com\/?post_type=product&#038;p=441630"},"modified":"2025-12-03T22:03:26","modified_gmt":"2025-12-03T22:03:26","slug":"mini-telemetre-laser-mesures-precises-jusqua-30-metres","status":"publish","type":"product","link":"https:\/\/ledshoponline.be\/fr\/shop\/producten\/gereedschap\/meettoestellen\/mini-laser-afstandsmeter-nauwkeurige-metingen-tot-30-meter\/","title":{"rendered":"Mini t\u00e9l\u00e9m\u00e8tre laser - Mesures pr\u00e9cises jusqu'\u00e0 30 m\u00e8tres"},"content":{"rendered":"<p><span class=\"relative -mx-px my-[-0.2rem] rounded px-px py-[0.2rem] transition-colors duration-100 ease-in-out\">De Mini Laser Distance Meter is een compacte en gebruiksvriendelijke afstandsmeter met een meetbereik tot 30 meter en een nauwkeurigheid van \u00b12 mm.<\/span> <span class=\"relative -mx-px my-[-0.2rem] rounded px-px py-[0.2rem] transition-colors duration-100 ease-in-out\">Dankzij de STMicroelectronics-chip levert deze meter snelle en betrouwbare meetresultaten.<\/span> <span class=\"relative -mx-px my-[-0.2rem] rounded px-px py-[0.2rem] transition-colors duration-100 ease-in-out\">Met functies zoals enkele meting, continue meting, oppervlakte- en volumeberekeningen, en Pythagoras-metingen is deze meter ideaal voor zowel professioneel gebruik als doe-het-zelf projecten.<\/span>\u200b<\/p>\n","protected":false},"excerpt":{"rendered":"<p>\u2705 Mesure directe jusqu'\u00e0 30 m \u00e0 l'aide d'un seul bouton.<br \/>\n\u2705 Pr\u00e9cision du laser de +\/- 2 mm (0,08 pouce)<br \/>\n\u2705 Fonction de calcul simple et automatique de la surface et du volume, addition et soustraction ais\u00e9es<\/p>","protected":false},"featured_media":558627,"comment_status":"closed","ping_status":"closed","template":"","meta":{"_seopress_robots_primary_cat":"none","_seopress_titles_title":"","_seopress_titles_desc":"","_seopress_robots_index":""},"product_brand":[],"product_cat":[128,194],"product_tag":[],"class_list":{"0":"post-441630","1":"product","2":"type-product","3":"status-publish","4":"has-post-thumbnail","6":"product_cat-gereedschap","7":"product_cat-meettoestellen","9":"first","10":"instock","11":"sale","12":"taxable","13":"shipping-taxable","14":"purchasable","15":"product-type-simple"},"_links":{"self":[{"href":"https:\/\/ledshoponline.be\/fr\/wp-json\/wp\/v2\/product\/441630","targetHints":{"allow":["GET"]}}],"collection":[{"href":"https:\/\/ledshoponline.be\/fr\/wp-json\/wp\/v2\/product"}],"about":[{"href":"https:\/\/ledshoponline.be\/fr\/wp-json\/wp\/v2\/types\/product"}],"replies":[{"embeddable":true,"href":"https:\/\/ledshoponline.be\/fr\/wp-json\/wp\/v2\/comments?post=441630"}],"version-history":[{"count":2,"href":"https:\/\/ledshoponline.be\/fr\/wp-json\/wp\/v2\/product\/441630\/revisions"}],"predecessor-version":[{"id":558633,"href":"https:\/\/ledshoponline.be\/fr\/wp-json\/wp\/v2\/product\/441630\/revisions\/558633"}],"wp:featuredmedia":[{"embeddable":true,"href":"https:\/\/ledshoponline.be\/fr\/wp-json\/wp\/v2\/media\/558627"}],"wp:attachment":[{"href":"https:\/\/ledshoponline.be\/fr\/wp-json\/wp\/v2\/media?parent=441630"}],"wp:term":[{"taxonomy":"product_brand","embeddable":true,"href":"https:\/\/ledshoponline.be\/fr\/wp-json\/wp\/v2\/product_brand?post=441630"},{"taxonomy":"product_cat","embeddable":true,"href":"https:\/\/ledshoponline.be\/fr\/wp-json\/wp\/v2\/product_cat?post=441630"},{"taxonomy":"product_tag","embeddable":true,"href":"https:\/\/ledshoponline.be\/fr\/wp-json\/wp\/v2\/product_tag?post=441630"}],"curies":[{"name":"wp","href":"https:\/\/api.w.org\/{rel}","templated":true}]}}