{"id":441369,"date":"2020-10-23T09:17:48","date_gmt":"2020-10-23T09:17:48","guid":{"rendered":"https:\/\/hlncaxea.a2hosted.com\/?post_type=product&#038;p=441369"},"modified":"2025-03-09T19:43:49","modified_gmt":"2025-03-09T19:43:49","slug":"camera-ip-intelligente-wi-fi-pour-exterieur-pan-tilt-zoom-full-hd-1080p","status":"publish","type":"product","link":"https:\/\/ledshoponline.be\/fr\/shop\/camerabewaking\/wi-fi-smart-ip-camera-voor-buiten-pan-tilt-zoom-full-hd-1080p\/","title":{"rendered":"Cam\u00e9ra IP intelligente Wi-Fi pour l'ext\u00e9rieur | Pan\/Tilt\/Zoom | Full HD 1080p"},"content":{"rendered":"<p>La domotique vient de devenir beaucoup plus facile. Cette cam\u00e9ra IP d'ext\u00e9rieur intelligente et facile \u00e0 utiliser peut \u00eatre facilement connect\u00e9e \u00e0 votre r\u00e9seau Wi-Fi existant pour surveiller les zones ext\u00e9rieures de votre maison et enregistrer tout son ou mouvement.<\/p>\n\n\n\n<h3 class=\"wp-block-heading\">R\u00e9solution Full HD<\/h3>\n\n\n\n<p>La cam\u00e9ra enregistre en r\u00e9solution Full HD (1920\u00d71080 pixels) pour des images parfaitement claires. De plus, la cam\u00e9ra est tout aussi performante la nuit : le mode de vision nocturne a une port\u00e9e de 15 m\u00e8tres.<\/p>\n\n\n\n<h3 class=\"wp-block-heading\">R\u00e9sistant \u00e0 l'eau<\/h3>\n\n\n\n<p>Enti\u00e8rement entour\u00e9e d'un bo\u00eetier \u00e9tanche tr\u00e8s robuste, cette cam\u00e9ra IP transf\u00e8re les images sur une carte microSD d'une capacit\u00e9 maximale de 128 Go (non fournie).<\/p>\n\n\n\n<h3 class=\"wp-block-heading\">Communication bidirectionnelle<\/h3>\n\n\n\n<p>Il est possible de communiquer par l'interm\u00e9diaire de la cam\u00e9ra, qui permet de parler et d'\u00e9couter dans les deux sens, ce qui signifie qu'elle peut \u00eatre utilis\u00e9e comme un t\u00e9l\u00e9phone lorsque des personnes se trouvent \u00e0 port\u00e9e.<\/p>\n\n\n\n<h3 class=\"wp-block-heading\">Installation simple<\/h3>\n\n\n\n<ul class=\"wp-block-list\">\n<li>Un support de cam\u00e9ra est fourni avec l'appareil et le guide de d\u00e9marrage rapide permet un montage en un clin d'\u0153il.<\/li>\n\n\n\n<li>Cam\u00e9ra IP intelligente pour l'ext\u00e9rieur - offre un syst\u00e8me de s\u00e9curit\u00e9 facile \u00e0 installer et connect\u00e9 sans fil \u00e0 l'ext\u00e9rieur d'une maison.<\/li>\n\n\n\n<li>R\u00e9solution Full HD - pour des images d'une grande clart\u00e9.<\/li>\n\n\n\n<li>Facile \u00e0 connecter directement \u00e0 votre r\u00e9seau Wi-Fi - aucun hub s\u00e9par\u00e9 n'est n\u00e9cessaire.<\/li>\n\n\n\n<li>Fourni avec un support de cam\u00e9ra.<\/li>\n\n\n\n<li>Enti\u00e8rement compatible avec tous les autres produits de la gamme Nedis\u00ae SmartLife.<\/li>\n\n\n\n<li>Contenu de l'emballage : cam\u00e9ra IP, adaptateur d'alimentation, support de cam\u00e9ra, guide d'installation rapide.<\/li>\n<\/ul>\n\n\n\n<figure class=\"wp-block-table\"><table class=\"has-fixed-layout\"><tbody><tr><th>Fonctionnalit\u00e9<\/th><td>Audio 2 voies<\/td><\/tr><tr><th>&nbsp;<\/th><td>Vision nocturne<\/td><\/tr><tr><th>&nbsp;<\/th><td>D\u00e9tecteur de mouvement<\/td><\/tr><tr><th>&nbsp;<\/th><td>Pan\/Tilt\/Zoom<\/td><\/tr><tr><th>Technologie sans fil<\/th><td>Wi-Fi<\/td><\/tr><tr><th>Couleur<\/th><td>Blanc<\/td><\/tr><tr><th>Mat\u00e9riau<\/th><td>Plastique<\/td><\/tr><tr><th>Type de fiche<\/th><td>Euro \/ Type C (CEE 7\/16)<\/td><\/tr><tr><th>R\u00e9solution maximale<\/th><td>1080P<\/td><\/tr><tr><th>Interface<\/th><td>DC<\/td><\/tr><tr><th>Type de stockage<\/th><td>Interne 16GB<\/td><\/tr><tr><th>Indice de protection IP<\/th><td>IP65<\/td><\/tr><tr><th>Accessoires<\/th><td>Support de cam\u00e9ra<\/td><\/tr><tr><th>&nbsp;<\/th><td>Adaptateur CA Fiche UE<\/td><\/tr><tr><th>Application disponible pour<\/th><td>Android\u2122 et iOS<\/td><\/tr><tr><th>Temp\u00e9rature de fonctionnement<\/th><td>-20 - 50 \u00b0C<\/td><\/tr><tr><th>Puce d'image<\/th><td>1\/3\u2033 CMOS<\/td><\/tr><tr><th>Gamme de fr\u00e9quences<\/th><td>2400 - 2483,5 MHz<\/td><\/tr><tr><th>Convient pour<\/th><td>Nedis\u00ae SmartLife<\/td><\/tr><tr><th>Tension d'entr\u00e9e<\/th><td>12 VDC<\/td><\/tr><tr><th>Angle de vue<\/th><td>110 \u00b0<\/td><\/tr><tr><th>LED<\/th><td>1<\/td><\/tr><tr><th>Lentille<\/th><td>2,8 mm<\/td><\/tr><tr><th>Puissance d'\u00e9mission radio max.<\/th><td>18,5 dBm<\/td><\/tr><tr><th>M\u00e9gapixels<\/th><td>2 MPixel<\/td><\/tr><tr><th>Vision nocturne<\/th><td>15 m<\/td><\/tr><tr><th>Gain d'antenne<\/th><td>3 dBi<\/td><\/tr><\/tbody><\/table><\/figure>","protected":false},"excerpt":{"rendered":"<p>La domotique vient de devenir beaucoup plus facile. Cette cam\u00e9ra IP ext\u00e9rieure intelligente, facile \u00e0 utiliser, peut \u00eatre facilement connect\u00e9e \u00e0 votre syst\u00e8me d'alarme existant.<\/p>","protected":false},"featured_media":441370,"comment_status":"closed","ping_status":"closed","template":"","meta":{"_seopress_robots_primary_cat":"","_seopress_titles_title":"","_seopress_titles_desc":"","_seopress_robots_index":""},"product_brand":[],"product_cat":[889,514],"product_tag":[],"class_list":{"0":"post-441369","1":"product","2":"type-product","3":"status-publish","4":"has-post-thumbnail","6":"product_cat-camerabewaking","7":"product_cat-smart-home","9":"first","10":"instock","11":"sale","12":"taxable","13":"shipping-taxable","14":"purchasable","15":"product-type-simple"},"_links":{"self":[{"href":"https:\/\/ledshoponline.be\/fr\/wp-json\/wp\/v2\/product\/441369","targetHints":{"allow":["GET"]}}],"collection":[{"href":"https:\/\/ledshoponline.be\/fr\/wp-json\/wp\/v2\/product"}],"about":[{"href":"https:\/\/ledshoponline.be\/fr\/wp-json\/wp\/v2\/types\/product"}],"replies":[{"embeddable":true,"href":"https:\/\/ledshoponline.be\/fr\/wp-json\/wp\/v2\/comments?post=441369"}],"version-history":[{"count":0,"href":"https:\/\/ledshoponline.be\/fr\/wp-json\/wp\/v2\/product\/441369\/revisions"}],"wp:featuredmedia":[{"embeddable":true,"href":"https:\/\/ledshoponline.be\/fr\/wp-json\/wp\/v2\/media\/441370"}],"wp:attachment":[{"href":"https:\/\/ledshoponline.be\/fr\/wp-json\/wp\/v2\/media?parent=441369"}],"wp:term":[{"taxonomy":"product_brand","embeddable":true,"href":"https:\/\/ledshoponline.be\/fr\/wp-json\/wp\/v2\/product_brand?post=441369"},{"taxonomy":"product_cat","embeddable":true,"href":"https:\/\/ledshoponline.be\/fr\/wp-json\/wp\/v2\/product_cat?post=441369"},{"taxonomy":"product_tag","embeddable":true,"href":"https:\/\/ledshoponline.be\/fr\/wp-json\/wp\/v2\/product_tag?post=441369"}],"curies":[{"name":"wp","href":"https:\/\/api.w.org\/{rel}","templated":true}]}}