{"id":441359,"date":"2020-10-23T09:09:36","date_gmt":"2020-10-23T09:09:36","guid":{"rendered":"https:\/\/hlncaxea.a2hosted.com\/?post_type=product&#038;p=441359"},"modified":"2025-12-07T11:44:37","modified_gmt":"2025-12-07T11:44:37","slug":"camera-ip-intelligente-wi-fi-pour-lexterieur-full-hd-1080p","status":"publish","type":"product","link":"https:\/\/ledshoponline.be\/fr\/shop\/camerabewaking\/wi-fi-smart-ip-camera-voor-buiten-full-hd-1080p\/","title":{"rendered":"Cam\u00e9ra IP intelligente Wi-Fi pour l'ext\u00e9rieur | Full HD 1080p"},"content":{"rendered":"<p>La cam\u00e9ra IP Nedis Smart Outdoor peut \u00eatre facilement connect\u00e9e \u00e0 votre r\u00e9seau Wi-Fi existant pour surveiller les zones ext\u00e9rieures de votre maison et enregistrer tout son ou mouvement.<\/p>\n<h3>R\u00e9solution Full HD<\/h3>\n<p>La cam\u00e9ra enregistre en r\u00e9solution Full HD (1920\u00d71080 pixels) pour des images parfaitement claires. De plus, la cam\u00e9ra est tout aussi performante la nuit : le mode de vision nocturne a une port\u00e9e de 15 m\u00e8tres.<\/p>\n<h3>R\u00e9sistant \u00e0 l'eau<\/h3>\n<p>Enti\u00e8rement entour\u00e9e d'un bo\u00eetier \u00e9tanche tr\u00e8s robuste, cette cam\u00e9ra IP transf\u00e8re les images sur une carte microSD d'une capacit\u00e9 maximale de 128 Go (non fournie).<\/p>\n<h3>Communication bidirectionnelle<\/h3>\n<p>Il est possible de communiquer par l'interm\u00e9diaire de la cam\u00e9ra, qui permet de parler et d'\u00e9couter dans les deux sens, ce qui signifie qu'elle peut \u00eatre utilis\u00e9e comme un t\u00e9l\u00e9phone lorsque des personnes se trouvent \u00e0 port\u00e9e.<\/p>\n<h3>Installation simple<\/h3>\n<p>Un support de cam\u00e9ra est fourni avec l'appareil et le guide de d\u00e9marrage rapide permet un montage en un clin d'\u0153il.<\/p>\n<p>&nbsp;<\/p>\n<ul>\n<li style=\"list-style-type: none;\">\n<ul>\n<li>Cam\u00e9ra IP intelligente pour l'ext\u00e9rieur - offre un syst\u00e8me de s\u00e9curit\u00e9 facile \u00e0 installer et connect\u00e9 sans fil \u00e0 l'ext\u00e9rieur d'une maison.<\/li>\n<\/ul>\n<\/li>\n<\/ul>\n<ul>\n<li style=\"list-style-type: none;\">\n<ul>\n<li>R\u00e9solution Full HD - pour des images d'une grande clart\u00e9<\/li>\n<\/ul>\n<\/li>\n<\/ul>\n<ul>\n<li style=\"list-style-type: none;\">\n<ul>\n<li>Facile \u00e0 connecter directement \u00e0 votre r\u00e9seau Wi-Fi - aucun hub s\u00e9par\u00e9 n'est n\u00e9cessaire<\/li>\n<\/ul>\n<\/li>\n<\/ul>\n<ul>\n<li style=\"list-style-type: none;\">\n<ul>\n<li>Fourni avec un support de cam\u00e9ra<\/li>\n<\/ul>\n<\/li>\n<\/ul>\n<ul>\n<li style=\"list-style-type: none;\">\n<ul>\n<li>Enti\u00e8rement compatible avec tous les autres produits de la gamme Nedis\u00ae SmartLife.<\/li>\n<\/ul>\n<\/li>\n<\/ul>\n<ul>\n<li style=\"list-style-type: none;\">\n<ul>\n<li>Contenu de la bo\u00eete : cam\u00e9ra IP, adaptateur d'alimentation, support de cam\u00e9ra, guide d'installation rapide<\/li>\n<\/ul>\n<\/li>\n<\/ul>\n<table class=\"table table-dashed-border\">\n<tbody>\n<tr>\n<th scope=\"row\">Couleur<\/th>\n<td>Blanc<\/td>\n<\/tr>\n<tr>\n<th scope=\"row\">Type de fiche<\/th>\n<td>Euro \/ Type C (CEE 7\/16)<\/td>\n<\/tr>\n<tr>\n<th scope=\"row\">Indice de protection IP<\/th>\n<td>IP65<\/td>\n<\/tr>\n<tr>\n<th scope=\"row\">Mat\u00e9riau<\/th>\n<td>Plastique<\/td>\n<\/tr>\n<tr>\n<th scope=\"row\">R\u00e9solution maximale<\/th>\n<td>1080P<\/td>\n<\/tr>\n<tr>\n<th scope=\"row\">Accessoires<\/th>\n<td>Adaptateur<br \/>\nSupport de cam\u00e9ra<\/td>\n<\/tr>\n<tr>\n<th scope=\"row\">Type de stockage<\/th>\n<td>microSD<\/td>\n<\/tr>\n<tr>\n<th scope=\"row\">Vision nocturne<\/th>\n<td>15 m<\/td>\n<\/tr>\n<tr>\n<th scope=\"row\">Temp\u00e9rature de fonctionnement<\/th>\n<td>-20 - 50 \u00b0C<\/td>\n<\/tr>\n<tr>\n<th scope=\"row\">Technologie sans fil<\/th>\n<td>Wi-Fi<\/td>\n<\/tr>\n<tr>\n<th scope=\"row\">Application disponible pour<\/th>\n<td>Android\u2122 et iOS<\/td>\n<\/tr>\n<tr>\n<th scope=\"row\">Interface<\/th>\n<td>DC<\/td>\n<\/tr>\n<tr>\n<th scope=\"row\">M\u00e9gapixels<\/th>\n<td>2 MPixel<\/td>\n<\/tr>\n<tr>\n<th scope=\"row\">Fonctionnalit\u00e9<\/th>\n<td>Audio 2 voies<br \/>\nVision nocturne<br \/>\nD\u00e9tecteur de mouvement<\/td>\n<\/tr>\n<tr>\n<th scope=\"row\">Puce d'image<\/th>\n<td>1\/3\u2033 CMOS<\/td>\n<\/tr>\n<tr>\n<th scope=\"row\">Gain d'antenne<\/th>\n<td>3 dBi<\/td>\n<\/tr>\n<tr>\n<th scope=\"row\">LED<\/th>\n<td>1<\/td>\n<\/tr>\n<tr>\n<th scope=\"row\">Gamme de fr\u00e9quences<\/th>\n<td>2400 - 2483,5 MHz<\/td>\n<\/tr>\n<tr>\n<th scope=\"row\">Tension d'entr\u00e9e<\/th>\n<td>12 VDC<\/td>\n<\/tr>\n<tr>\n<th scope=\"row\">Angle de vue<\/th>\n<td>110 \u00b0<\/td>\n<\/tr>\n<tr>\n<th scope=\"row\">Puissance d'\u00e9mission radio max.<\/th>\n<td>18,5 dBm<\/td>\n<\/tr>\n<tr>\n<th scope=\"row\">Convient pour<\/th>\n<td>Nedis\u00ae SmartLife<\/td>\n<\/tr>\n<tr>\n<th scope=\"row\">Lentille<\/th>\n<td>2,8 mm<\/td>\n<\/tr>\n<\/tbody>\n<\/table>","protected":false},"excerpt":{"rendered":"<p>La cam\u00e9ra IP Nedis Smart Outdoor peut \u00eatre facilement connect\u00e9e \u00e0 votre r\u00e9seau Wi-Fi existant pour surveiller les zones ext\u00e9rieures de votre maison.<\/p>","protected":false},"featured_media":441364,"comment_status":"closed","ping_status":"closed","template":"","meta":{"_seopress_robots_primary_cat":"none","_seopress_titles_title":"","_seopress_titles_desc":"","_seopress_robots_index":""},"product_brand":[],"product_cat":[889,514],"product_tag":[],"class_list":{"0":"post-441359","1":"product","2":"type-product","3":"status-publish","4":"has-post-thumbnail","6":"product_cat-camerabewaking","7":"product_cat-smart-home","9":"first","10":"instock","11":"taxable","12":"shipping-taxable","13":"purchasable","14":"product-type-simple"},"_links":{"self":[{"href":"https:\/\/ledshoponline.be\/fr\/wp-json\/wp\/v2\/product\/441359","targetHints":{"allow":["GET"]}}],"collection":[{"href":"https:\/\/ledshoponline.be\/fr\/wp-json\/wp\/v2\/product"}],"about":[{"href":"https:\/\/ledshoponline.be\/fr\/wp-json\/wp\/v2\/types\/product"}],"replies":[{"embeddable":true,"href":"https:\/\/ledshoponline.be\/fr\/wp-json\/wp\/v2\/comments?post=441359"}],"version-history":[{"count":1,"href":"https:\/\/ledshoponline.be\/fr\/wp-json\/wp\/v2\/product\/441359\/revisions"}],"predecessor-version":[{"id":616399,"href":"https:\/\/ledshoponline.be\/fr\/wp-json\/wp\/v2\/product\/441359\/revisions\/616399"}],"wp:featuredmedia":[{"embeddable":true,"href":"https:\/\/ledshoponline.be\/fr\/wp-json\/wp\/v2\/media\/441364"}],"wp:attachment":[{"href":"https:\/\/ledshoponline.be\/fr\/wp-json\/wp\/v2\/media?parent=441359"}],"wp:term":[{"taxonomy":"product_brand","embeddable":true,"href":"https:\/\/ledshoponline.be\/fr\/wp-json\/wp\/v2\/product_brand?post=441359"},{"taxonomy":"product_cat","embeddable":true,"href":"https:\/\/ledshoponline.be\/fr\/wp-json\/wp\/v2\/product_cat?post=441359"},{"taxonomy":"product_tag","embeddable":true,"href":"https:\/\/ledshoponline.be\/fr\/wp-json\/wp\/v2\/product_tag?post=441359"}],"curies":[{"name":"wp","href":"https:\/\/api.w.org\/{rel}","templated":true}]}}