{"id":440071,"date":"2020-04-24T13:26:23","date_gmt":"2020-04-24T13:26:23","guid":{"rendered":"https:\/\/hlncaxea.a2hosted.com\/?post_type=product&#038;p=440071"},"modified":"2025-09-22T20:42:05","modified_gmt":"2025-09-22T20:42:05","slug":"detecteur-de-mouvement-pour-montage-mural-ip44","status":"publish","type":"product","link":"https:\/\/ledshoponline.be\/fr\/shop\/producten\/toebehoren\/bewegingssensor-voor-led-lampen\/bewegingssensor-voor-muur-opbouw-ip44\/","title":{"rendered":"D\u00e9tecteur de mouvement pour montage mural en saillie IP44"},"content":{"rendered":"<ul>\n<li>Montage en surface, dimensions : L55,2 x H68,2 x D80,2 mm<\/li>\n<li>IP44 (convient \u00e9galement \u00e0 une utilisation en ext\u00e9rieur)<\/li>\n<li>Angle de d\u00e9tection 180\u00b0.<\/li>\n<li>Distance de d\u00e9tection : 12 m\u00e8tres maximum<\/li>\n<li>Sensibilit\u00e9 \u00e0 la lumi\u00e8re r\u00e9glable de 3 \u00e0 2000 Lux<\/li>\n<li>Temps de commutation r\u00e9glable de 10 secondes \u00e0 15 minutes<\/li>\n<li>Charge LED (\u00e9galement lampes \u00e0 \u00e9conomie d'\u00e9nergie, PL et fluorescentes) : max. 200W<\/li>\n<li>Charge des lampes halog\u00e8nes et \u00e0 incandescence : max. 800W<\/li>\n<\/ul>","protected":false},"excerpt":{"rendered":"<p>D\u00e9tecteur de mouvement pour montage mural. Utilise jusqu'\u00e0 200w de lampes LED ou de luminaires LED. Le capteur a un angle de d\u00e9tection de 180 degr\u00e9s, une dur\u00e9e de combustion r\u00e9glable entre 10 secondes et 7 minutes. Le capteur dispose d'une m\u00e9thode de d\u00e9tection par infrarouge. <strong>Gamme :<\/strong> Sa port\u00e9e de d\u00e9tection peut atteindre 9 m\u00e8tres.<\/p>","protected":false},"featured_media":440072,"comment_status":"closed","ping_status":"closed","template":"","meta":{"_seopress_robots_primary_cat":"","_seopress_titles_title":"","_seopress_titles_desc":"","_seopress_robots_index":""},"product_brand":[],"product_cat":[765,42],"product_tag":[766],"class_list":{"0":"post-440071","1":"product","2":"type-product","3":"status-publish","4":"has-post-thumbnail","6":"product_cat-bewegingssensor-voor-led-lampen","7":"product_cat-toebehoren","8":"product_tag-bewegingssensor","10":"first","11":"instock","12":"taxable","13":"shipping-taxable","14":"purchasable","15":"product-type-simple"},"_links":{"self":[{"href":"https:\/\/ledshoponline.be\/fr\/wp-json\/wp\/v2\/product\/440071","targetHints":{"allow":["GET"]}}],"collection":[{"href":"https:\/\/ledshoponline.be\/fr\/wp-json\/wp\/v2\/product"}],"about":[{"href":"https:\/\/ledshoponline.be\/fr\/wp-json\/wp\/v2\/types\/product"}],"replies":[{"embeddable":true,"href":"https:\/\/ledshoponline.be\/fr\/wp-json\/wp\/v2\/comments?post=440071"}],"version-history":[{"count":1,"href":"https:\/\/ledshoponline.be\/fr\/wp-json\/wp\/v2\/product\/440071\/revisions"}],"predecessor-version":[{"id":624443,"href":"https:\/\/ledshoponline.be\/fr\/wp-json\/wp\/v2\/product\/440071\/revisions\/624443"}],"wp:featuredmedia":[{"embeddable":true,"href":"https:\/\/ledshoponline.be\/fr\/wp-json\/wp\/v2\/media\/440072"}],"wp:attachment":[{"href":"https:\/\/ledshoponline.be\/fr\/wp-json\/wp\/v2\/media?parent=440071"}],"wp:term":[{"taxonomy":"product_brand","embeddable":true,"href":"https:\/\/ledshoponline.be\/fr\/wp-json\/wp\/v2\/product_brand?post=440071"},{"taxonomy":"product_cat","embeddable":true,"href":"https:\/\/ledshoponline.be\/fr\/wp-json\/wp\/v2\/product_cat?post=440071"},{"taxonomy":"product_tag","embeddable":true,"href":"https:\/\/ledshoponline.be\/fr\/wp-json\/wp\/v2\/product_tag?post=440071"}],"curies":[{"name":"wp","href":"https:\/\/api.w.org\/{rel}","templated":true}]}}