{"id":439841,"date":"2020-04-07T10:05:24","date_gmt":"2020-04-07T10:05:24","guid":{"rendered":"https:\/\/hlncaxea.a2hosted.com\/?post_type=product&#038;p=439841"},"modified":"2025-03-09T19:43:40","modified_gmt":"2025-03-09T19:43:40","slug":"mr11-gu4-spot-led-35mm-blanc-chaud-360lm-12v-ac-dc-2","status":"publish","type":"product","link":"https:\/\/ledshoponline.be\/fr\/shop\/producten\/led-spots\/led-spot-gu4-mr11-12v\/mr11-gu4-led-spot-35mm-warm-wit-360lm-12v-ac-dc\/","title":{"rendered":"Mini spot LED MR11 GU4 35mm blanc chaud 360LM | 12v AC\/DC"},"content":{"rendered":"","protected":false},"excerpt":{"rendered":"<p>Nouveau, un mini spot LED MR11 (Gu4) de 35mm de 3,7W remplace une variante halog\u00e8ne de 40W avec une belle lumi\u00e8re chaude. Version renouvel\u00e9e.<br \/>\nHaute luminosit\u00e9.<\/p>","protected":false},"featured_media":439842,"comment_status":"closed","ping_status":"closed","template":"","meta":{"_seopress_robots_primary_cat":"","_seopress_titles_title":"","_seopress_titles_desc":"","_seopress_robots_index":""},"product_brand":[],"product_cat":[369,132],"product_tag":[154,155,156],"class_list":{"0":"post-439841","1":"product","2":"type-product","3":"status-publish","4":"has-post-thumbnail","6":"product_cat-led-spot-gu4-mr11-12v","7":"product_cat-led-spots","8":"product_tag-35mm","9":"product_tag-gu11","10":"product_tag-mini-led-spot","12":"first","13":"instock","14":"sale","15":"taxable","16":"shipping-taxable","17":"purchasable","18":"product-type-simple"},"_links":{"self":[{"href":"https:\/\/ledshoponline.be\/fr\/wp-json\/wp\/v2\/product\/439841","targetHints":{"allow":["GET"]}}],"collection":[{"href":"https:\/\/ledshoponline.be\/fr\/wp-json\/wp\/v2\/product"}],"about":[{"href":"https:\/\/ledshoponline.be\/fr\/wp-json\/wp\/v2\/types\/product"}],"replies":[{"embeddable":true,"href":"https:\/\/ledshoponline.be\/fr\/wp-json\/wp\/v2\/comments?post=439841"}],"version-history":[{"count":0,"href":"https:\/\/ledshoponline.be\/fr\/wp-json\/wp\/v2\/product\/439841\/revisions"}],"wp:featuredmedia":[{"embeddable":true,"href":"https:\/\/ledshoponline.be\/fr\/wp-json\/wp\/v2\/media\/439842"}],"wp:attachment":[{"href":"https:\/\/ledshoponline.be\/fr\/wp-json\/wp\/v2\/media?parent=439841"}],"wp:term":[{"taxonomy":"product_brand","embeddable":true,"href":"https:\/\/ledshoponline.be\/fr\/wp-json\/wp\/v2\/product_brand?post=439841"},{"taxonomy":"product_cat","embeddable":true,"href":"https:\/\/ledshoponline.be\/fr\/wp-json\/wp\/v2\/product_cat?post=439841"},{"taxonomy":"product_tag","embeddable":true,"href":"https:\/\/ledshoponline.be\/fr\/wp-json\/wp\/v2\/product_tag?post=439841"}],"curies":[{"name":"wp","href":"https:\/\/api.w.org\/{rel}","templated":true}]}}