{"id":439377,"date":"2020-02-25T21:15:59","date_gmt":"2020-02-25T21:15:59","guid":{"rendered":"https:\/\/hlncaxea.a2hosted.com\/?post_type=product&#038;p=439377"},"modified":"2025-11-23T18:53:14","modified_gmt":"2025-11-23T18:53:14","slug":"e14-led-filament-ball-lamp-5w-2700k-p45-matt-dimmable","status":"publish","type":"product","link":"https:\/\/ledshoponline.be\/fr\/shop\/producten\/led-lampen\/led-filament-lampen\/e14-led-filament-kogellamp-5w-2700k-p45-mat-dimbaar\/","title":{"rendered":"Ampoule \u00e0 filament LED E14 5W 2700k P45 mat | dimmable"},"content":{"rendered":"","protected":false},"excerpt":{"rendered":"<p>Ampoule LED P45 \u00e0 filament, mate et au rendement lumineux identique \u00e0 celui d'une ampoule \u00e0 incandescence classique. Elle est dot\u00e9e d'une petite douille \u00e0 culot E14. L'ampoule LED P45 diffuse une belle lumi\u00e8re chaude de 2700k.<br \/>\n<strong>Profitez de la super promo maintenant et commandez rapidement.<\/strong><\/p>\n<p><strong>Fiche produit<\/strong><br \/>\n<strong><a href=\"https:\/\/eprel.ec.europa.eu\/fiches\/lightsources\/Fiche_625916_NL.pdf\">FR<\/a>\u00a0|\u00a0<a href=\"https:\/\/eprel.ec.europa.eu\/fiches\/lightsources\/Fiche_625916_FR.pdf\">FR\u00a0<\/a>|\u00a0<a href=\"https:\/\/eprel.ec.europa.eu\/fiches\/lightsources\/Fiche_625916_EN.pdf\">ET\u00a0<\/a>|\u00a0<a href=\"https:\/\/eprel.ec.europa.eu\/fiches\/lightsources\/Fiche_625916_DE.pdf\">LE<\/a><\/strong><\/p>","protected":false},"featured_media":439378,"comment_status":"closed","ping_status":"closed","template":"","meta":{"_seopress_robots_primary_cat":"none","_seopress_titles_title":"","_seopress_titles_desc":"","_seopress_robots_index":""},"product_brand":[],"product_cat":[268,295,20,19],"product_tag":[554,555,622,198],"class_list":{"0":"post-439377","1":"product","2":"type-product","3":"status-publish","4":"has-post-thumbnail","6":"product_cat-led-filament-lampen","7":"product_cat-led-lamp-e14","8":"product_cat-led-lampen","9":"product_cat-producten","10":"product_tag-led-lamp-segula","11":"product_tag-led-spiegellamp","12":"product_tag-p45-led-lamp","13":"product_tag-segula","15":"first","16":"instock","17":"sale","18":"taxable","19":"shipping-taxable","20":"purchasable","21":"product-type-simple"},"_links":{"self":[{"href":"https:\/\/ledshoponline.be\/fr\/wp-json\/wp\/v2\/product\/439377","targetHints":{"allow":["GET"]}}],"collection":[{"href":"https:\/\/ledshoponline.be\/fr\/wp-json\/wp\/v2\/product"}],"about":[{"href":"https:\/\/ledshoponline.be\/fr\/wp-json\/wp\/v2\/types\/product"}],"replies":[{"embeddable":true,"href":"https:\/\/ledshoponline.be\/fr\/wp-json\/wp\/v2\/comments?post=439377"}],"version-history":[{"count":1,"href":"https:\/\/ledshoponline.be\/fr\/wp-json\/wp\/v2\/product\/439377\/revisions"}],"predecessor-version":[{"id":635731,"href":"https:\/\/ledshoponline.be\/fr\/wp-json\/wp\/v2\/product\/439377\/revisions\/635731"}],"wp:featuredmedia":[{"embeddable":true,"href":"https:\/\/ledshoponline.be\/fr\/wp-json\/wp\/v2\/media\/439378"}],"wp:attachment":[{"href":"https:\/\/ledshoponline.be\/fr\/wp-json\/wp\/v2\/media?parent=439377"}],"wp:term":[{"taxonomy":"product_brand","embeddable":true,"href":"https:\/\/ledshoponline.be\/fr\/wp-json\/wp\/v2\/product_brand?post=439377"},{"taxonomy":"product_cat","embeddable":true,"href":"https:\/\/ledshoponline.be\/fr\/wp-json\/wp\/v2\/product_cat?post=439377"},{"taxonomy":"product_tag","embeddable":true,"href":"https:\/\/ledshoponline.be\/fr\/wp-json\/wp\/v2\/product_tag?post=439377"}],"curies":[{"name":"wp","href":"https:\/\/api.w.org\/{rel}","templated":true}]}}