{"id":439371,"date":"2020-02-25T06:24:32","date_gmt":"2020-02-25T06:24:32","guid":{"rendered":"https:\/\/hlncaxea.a2hosted.com\/?post_type=product&#038;p=439371"},"modified":"2025-03-09T19:43:37","modified_gmt":"2025-03-09T19:43:37","slug":"bande-de-led-rgb-24v-300-smd-5050-leds-ip65-5m","status":"publish","type":"product","link":"https:\/\/ledshoponline.be\/fr\/shop\/producten\/led-strips\/led-strips-24v\/rgb-led-strip-24v-300-smd-5050-leds-ip65-5m\/","title":{"rendered":"Bande LED RVB 24V, 300 SMD 5050 LEDs IP65 5m"},"content":{"rendered":"<p><span style=\"font-family: verdana, geneva;\">Nous avons mis au point un rev\u00eatement sp\u00e9cial qui r\u00e9siste aux rayons UV et aux temp\u00e9ratures tr\u00e8s froides (antigel) et qui pr\u00e9vient \u00e9galement le vieillissement du silicone (anti-\u00e2ge). <\/span><br \/>\n<span style=\"font-family: verdana, geneva;\">Les bandes sont class\u00e9es Ip65.\u00a0<\/span><\/p>\n<p style=\"margin-top: 0px; margin-bottom: .8em; font-size: 12px;\"><span style=\"font-family: verdana, geneva;\">Vous pouvez couper les bandes de 5 cm !<\/span><\/p>\n<p style=\"margin-top: 0px; margin-bottom: .8em; font-size: 12px;\">Pour faire fonctionner les bandes LED RVB, vous aurez besoin d'un transformateur\/alimentation 24v et d'un contr\u00f4leur RVB. Voir les accessoires<\/p>","protected":false},"excerpt":{"rendered":"<p>Bande LED RVB 24V, 300 SMD 5050 LEDs ip65.<\/p>\n<p>Avec une version 24v, vous pouvez utiliser jusqu'\u00e0 15m d'affil\u00e9e.<\/p>","protected":false},"featured_media":439372,"comment_status":"closed","ping_status":"closed","template":"","meta":{"_seopress_robots_primary_cat":"","_seopress_titles_title":"","_seopress_titles_desc":"","_seopress_robots_index":""},"product_brand":[],"product_cat":[40,422,19],"product_tag":[92],"class_list":{"0":"post-439371","1":"product","2":"type-product","3":"status-publish","4":"has-post-thumbnail","6":"product_cat-led-strips","7":"product_cat-led-strips-24v","8":"product_cat-producten","9":"product_tag-rgb-led-strip","11":"first","12":"outofstock","13":"taxable","14":"shipping-taxable","15":"purchasable","16":"product-type-simple"},"_links":{"self":[{"href":"https:\/\/ledshoponline.be\/fr\/wp-json\/wp\/v2\/product\/439371","targetHints":{"allow":["GET"]}}],"collection":[{"href":"https:\/\/ledshoponline.be\/fr\/wp-json\/wp\/v2\/product"}],"about":[{"href":"https:\/\/ledshoponline.be\/fr\/wp-json\/wp\/v2\/types\/product"}],"replies":[{"embeddable":true,"href":"https:\/\/ledshoponline.be\/fr\/wp-json\/wp\/v2\/comments?post=439371"}],"version-history":[{"count":0,"href":"https:\/\/ledshoponline.be\/fr\/wp-json\/wp\/v2\/product\/439371\/revisions"}],"wp:featuredmedia":[{"embeddable":true,"href":"https:\/\/ledshoponline.be\/fr\/wp-json\/wp\/v2\/media\/439372"}],"wp:attachment":[{"href":"https:\/\/ledshoponline.be\/fr\/wp-json\/wp\/v2\/media?parent=439371"}],"wp:term":[{"taxonomy":"product_brand","embeddable":true,"href":"https:\/\/ledshoponline.be\/fr\/wp-json\/wp\/v2\/product_brand?post=439371"},{"taxonomy":"product_cat","embeddable":true,"href":"https:\/\/ledshoponline.be\/fr\/wp-json\/wp\/v2\/product_cat?post=439371"},{"taxonomy":"product_tag","embeddable":true,"href":"https:\/\/ledshoponline.be\/fr\/wp-json\/wp\/v2\/product_tag?post=439371"}],"curies":[{"name":"wp","href":"https:\/\/api.w.org\/{rel}","templated":true}]}}