{"id":439268,"date":"2020-02-11T20:53:28","date_gmt":"2020-02-11T20:53:28","guid":{"rendered":"https:\/\/hlncaxea.a2hosted.com\/?post_type=product&#038;p=439268"},"modified":"2025-03-09T19:43:36","modified_gmt":"2025-03-09T19:43:36","slug":"spot-encastre-led-18w-3000k-dimmable","status":"publish","type":"product","link":"https:\/\/ledshoponline.be\/fr\/shop\/producten\/armaturen\/inbouwspots\/18w-led-inbouwspot-3000k-dimbaar\/","title":{"rendered":"Spot encastr\u00e9 LED 18W 3000k | dimmable"},"content":{"rendered":"","protected":false},"excerpt":{"rendered":"<p>Puissant spot encastr\u00e9 \u00e0 LED de 18w construit avec la s\u00e9rie de LED SMD ultra lumineuses de qualit\u00e9 d'Epistar. Le spot LED est \u00e9galement \u00e9tanche aux \u00e9claboussures IP41. Il peut \u00eatre utilis\u00e9 dans les zones humides telles que les salles de bains, les sous-sols et \u00e0 l'ext\u00e9rieur. Parfait pour les magasins, les restaurants ou les bureaux.<\/p>\n<p>\u00d8190 x H67 avec taille de sciage \u00d8160mm<\/p>","protected":false},"featured_media":439269,"comment_status":"closed","ping_status":"closed","template":"","meta":{"_seopress_robots_primary_cat":"","_seopress_titles_title":"","_seopress_titles_desc":"","_seopress_robots_index":""},"product_brand":[],"product_cat":[87,88,455,132,19],"product_tag":[754,755],"class_list":{"0":"post-439268","1":"product","2":"type-product","3":"status-publish","4":"has-post-thumbnail","6":"product_cat-armaturen","7":"product_cat-inbouwspots","8":"product_cat-led-downlights","9":"product_cat-led-spots","10":"product_cat-producten","11":"product_tag-12w-led-inbouwspot","12":"product_tag-led-donwlight","14":"first","15":"instock","16":"sale","17":"taxable","18":"shipping-taxable","19":"purchasable","20":"product-type-simple"},"_links":{"self":[{"href":"https:\/\/ledshoponline.be\/fr\/wp-json\/wp\/v2\/product\/439268","targetHints":{"allow":["GET"]}}],"collection":[{"href":"https:\/\/ledshoponline.be\/fr\/wp-json\/wp\/v2\/product"}],"about":[{"href":"https:\/\/ledshoponline.be\/fr\/wp-json\/wp\/v2\/types\/product"}],"replies":[{"embeddable":true,"href":"https:\/\/ledshoponline.be\/fr\/wp-json\/wp\/v2\/comments?post=439268"}],"version-history":[{"count":0,"href":"https:\/\/ledshoponline.be\/fr\/wp-json\/wp\/v2\/product\/439268\/revisions"}],"wp:featuredmedia":[{"embeddable":true,"href":"https:\/\/ledshoponline.be\/fr\/wp-json\/wp\/v2\/media\/439269"}],"wp:attachment":[{"href":"https:\/\/ledshoponline.be\/fr\/wp-json\/wp\/v2\/media?parent=439268"}],"wp:term":[{"taxonomy":"product_brand","embeddable":true,"href":"https:\/\/ledshoponline.be\/fr\/wp-json\/wp\/v2\/product_brand?post=439268"},{"taxonomy":"product_cat","embeddable":true,"href":"https:\/\/ledshoponline.be\/fr\/wp-json\/wp\/v2\/product_cat?post=439268"},{"taxonomy":"product_tag","embeddable":true,"href":"https:\/\/ledshoponline.be\/fr\/wp-json\/wp\/v2\/product_tag?post=439268"}],"curies":[{"name":"wp","href":"https:\/\/api.w.org\/{rel}","templated":true}]}}