{"id":438813,"date":"2020-01-03T18:03:04","date_gmt":"2020-01-03T18:03:04","guid":{"rendered":"https:\/\/hlncaxea.a2hosted.com\/?post_type=product&#038;p=438813"},"modified":"2025-03-09T19:43:35","modified_gmt":"2025-03-09T19:43:35","slug":"controleur-rgb-app-bluetooth-avec-telecommande-pour-bande-led-rgb-230v","status":"publish","type":"product","link":"https:\/\/ledshoponline.be\/fr\/shop\/producten\/led-strips\/led-strips-toebehoren\/rgb-app-bluetooth-controller-met-afstandsbediening-voor-230v-rgb-led-strip\/","title":{"rendered":"Contr\u00f4leur RGB App\/Bluetooth avec t\u00e9l\u00e9commande pour bande LED RGB 230v"},"content":{"rendered":"","protected":false},"excerpt":{"rendered":"<p style=\"text-align: left;\">T\u00e9l\u00e9commande RGB. Convient \u00e0 notre bande de LED RVB 230v.<br \/>\n17 couleurs diff\u00e9rentes, telles que blanc\/rouge\/bleu\/jaune\/flash\/fade etc...<br \/>\nContr\u00f4lez une bande LED RVB sur 230v avec ce contr\u00f4leur sans fil RF ou une application pour smartphone.<\/p>\n<table id=\"product-attribute-specs-table\">\n<tbody>\n<tr>\n<th>Tension d'entr\u00e9e :<\/th>\n<td>AC110-220V<\/td>\n<\/tr>\n<tr>\n<th>Puissance de sortie :<\/th>\n<td>Max. 750W<\/td>\n<\/tr>\n<tr>\n<th>Courant de sortie :<\/th>\n<td>DC110-220V<\/td>\n<\/tr>\n<tr>\n<th>Dimensions :<\/th>\n<td>Contr\u00f4leur : L : 90mm \/ L : 70mm \/ H : 28mm<\/td>\n<\/tr>\n<tr>\n<th>Certificats :<\/th>\n<td>CE. RoHS<\/td>\n<\/tr>\n<tr>\n<th>Applications :<\/th>\n<td>Bande LED 230V RGB<\/td>\n<\/tr>\n<\/tbody>\n<\/table>","protected":false},"featured_media":438814,"comment_status":"closed","ping_status":"closed","template":"","meta":{"_seopress_robots_primary_cat":"","_seopress_titles_title":"","_seopress_titles_desc":"","_seopress_robots_index":""},"product_brand":[],"product_cat":[40,41,324,42],"product_tag":[540,541,542],"class_list":{"0":"post-438813","1":"product","2":"type-product","3":"status-publish","4":"has-post-thumbnail","6":"product_cat-led-strips","7":"product_cat-led-strips-toebehoren","8":"product_cat-rgb-controller-remote","9":"product_cat-toebehoren","10":"product_tag-led-strip-rgb-230v","11":"product_tag-rf-remote-rgb","12":"product_tag-rgb-controller-230v-led-strip","14":"first","15":"outofstock","16":"taxable","17":"shipping-taxable","18":"purchasable","19":"product-type-simple"},"_links":{"self":[{"href":"https:\/\/ledshoponline.be\/fr\/wp-json\/wp\/v2\/product\/438813","targetHints":{"allow":["GET"]}}],"collection":[{"href":"https:\/\/ledshoponline.be\/fr\/wp-json\/wp\/v2\/product"}],"about":[{"href":"https:\/\/ledshoponline.be\/fr\/wp-json\/wp\/v2\/types\/product"}],"replies":[{"embeddable":true,"href":"https:\/\/ledshoponline.be\/fr\/wp-json\/wp\/v2\/comments?post=438813"}],"version-history":[{"count":0,"href":"https:\/\/ledshoponline.be\/fr\/wp-json\/wp\/v2\/product\/438813\/revisions"}],"wp:featuredmedia":[{"embeddable":true,"href":"https:\/\/ledshoponline.be\/fr\/wp-json\/wp\/v2\/media\/438814"}],"wp:attachment":[{"href":"https:\/\/ledshoponline.be\/fr\/wp-json\/wp\/v2\/media?parent=438813"}],"wp:term":[{"taxonomy":"product_brand","embeddable":true,"href":"https:\/\/ledshoponline.be\/fr\/wp-json\/wp\/v2\/product_brand?post=438813"},{"taxonomy":"product_cat","embeddable":true,"href":"https:\/\/ledshoponline.be\/fr\/wp-json\/wp\/v2\/product_cat?post=438813"},{"taxonomy":"product_tag","embeddable":true,"href":"https:\/\/ledshoponline.be\/fr\/wp-json\/wp\/v2\/product_tag?post=438813"}],"curies":[{"name":"wp","href":"https:\/\/api.w.org\/{rel}","templated":true}]}}