{"id":438725,"date":"2019-12-29T10:56:12","date_gmt":"2019-12-29T10:56:12","guid":{"rendered":"https:\/\/hlncaxea.a2hosted.com\/?post_type=product&#038;p=438725"},"modified":"2025-03-09T19:43:34","modified_gmt":"2025-03-09T19:43:34","slug":"6w-led-panel-recessed-spot-230v-slim-3000k-o115mm-2","status":"publish","type":"product","link":"https:\/\/ledshoponline.be\/fr\/shop\/producten\/armaturen\/inbouwspots\/6w-led-paneel-inbouwspot-230v-slim-3000k-o115mm\/","title":{"rendered":"Spot encastr\u00e9 LED 6W 230V smart 3000k | \u00d8115mm"},"content":{"rendered":"<p>Une lumi\u00e8re agr\u00e9able, sans scintillement. Finis les maux de t\u00eate et les malaises.<\/p>\n<p><strong>Que recevrez-vous avec cet article ?<\/strong><br \/>\n- 1x LED Downlight panneau rond \u00d8115 Blanc chaud 6W slim<\/p>","protected":false},"excerpt":{"rendered":"<p>Downlight LED au design \u00e9l\u00e9gant. Le downlight LED diffuse une lumi\u00e8re tr\u00e8s homog\u00e8ne blanc chaud 3000k. Parfait pour la maison et le bureau. Le verre diffuseur assure une lumi\u00e8re non \u00e9blouissante.<br \/>\n<strong>\u00d8115 x H32mm | Scie encastr\u00e9e \u00d8100-110mm | Fonctionne sans transformateur sur 230v<\/strong><\/p>","protected":false},"featured_media":438726,"comment_status":"closed","ping_status":"closed","template":"","meta":{"_seopress_robots_primary_cat":"","_seopress_titles_title":"","_seopress_titles_desc":"","_seopress_robots_index":""},"product_brand":[],"product_cat":[87,530,88,455,132,19],"product_tag":[571,253],"class_list":{"0":"post-438725","1":"product","2":"type-product","3":"status-publish","4":"has-post-thumbnail","6":"product_cat-armaturen","7":"product_cat-deals","8":"product_cat-inbouwspots","9":"product_cat-led-downlights","10":"product_cat-led-spots","11":"product_cat-producten","12":"product_tag-led-downlight","13":"product_tag-led-spot","15":"first","16":"instock","17":"sale","18":"taxable","19":"shipping-taxable","20":"purchasable","21":"product-type-simple"},"_links":{"self":[{"href":"https:\/\/ledshoponline.be\/fr\/wp-json\/wp\/v2\/product\/438725","targetHints":{"allow":["GET"]}}],"collection":[{"href":"https:\/\/ledshoponline.be\/fr\/wp-json\/wp\/v2\/product"}],"about":[{"href":"https:\/\/ledshoponline.be\/fr\/wp-json\/wp\/v2\/types\/product"}],"replies":[{"embeddable":true,"href":"https:\/\/ledshoponline.be\/fr\/wp-json\/wp\/v2\/comments?post=438725"}],"version-history":[{"count":0,"href":"https:\/\/ledshoponline.be\/fr\/wp-json\/wp\/v2\/product\/438725\/revisions"}],"wp:featuredmedia":[{"embeddable":true,"href":"https:\/\/ledshoponline.be\/fr\/wp-json\/wp\/v2\/media\/438726"}],"wp:attachment":[{"href":"https:\/\/ledshoponline.be\/fr\/wp-json\/wp\/v2\/media?parent=438725"}],"wp:term":[{"taxonomy":"product_brand","embeddable":true,"href":"https:\/\/ledshoponline.be\/fr\/wp-json\/wp\/v2\/product_brand?post=438725"},{"taxonomy":"product_cat","embeddable":true,"href":"https:\/\/ledshoponline.be\/fr\/wp-json\/wp\/v2\/product_cat?post=438725"},{"taxonomy":"product_tag","embeddable":true,"href":"https:\/\/ledshoponline.be\/fr\/wp-json\/wp\/v2\/product_tag?post=438725"}],"curies":[{"name":"wp","href":"https:\/\/api.w.org\/{rel}","templated":true}]}}