{"id":437072,"date":"2019-12-07T11:02:50","date_gmt":"2019-12-07T11:02:50","guid":{"rendered":"https:\/\/hlncaxea.a2hosted.com\/?post_type=product&#038;p=437072"},"modified":"2025-03-09T19:43:33","modified_gmt":"2025-03-09T19:43:33","slug":"3w-led-panel-recessed-spot-230v-slim-3000k-dia85-2","status":"publish","type":"product","link":"https:\/\/ledshoponline.be\/fr\/shop\/producten\/armaturen\/inbouwspots\/3w-led-paneel-inbouwspot-230v-slim-3000k-dia85\/","title":{"rendered":"Panneau LED downlight 3W 230V smart 3000k | \u00d885"},"content":{"rendered":"<p>Une lumi\u00e8re agr\u00e9able, sans scintillement. Finis les maux de t\u00eate et les malaises.<\/p>\n<p><strong>Que recevrez-vous avec cet article ?<\/strong><br \/>\n- 1x LED Downlight rond \u00d885 Blanc chaud 3W fin<br \/>\n- 1x LED Driver 100 x 38 x 22 mm<\/p>","protected":false},"excerpt":{"rendered":"<p>Panneau d'\u00e9clairage encastr\u00e9 \u00e0 LED au design \u00e9l\u00e9gant. Le spot encastr\u00e9 \u00e0 LED diffuse une lumi\u00e8re tr\u00e8s homog\u00e8ne blanc chaud 3000k. Parfait pour la maison et le bureau. Le verre diffusant fournit une lumi\u00e8re non \u00e9blouissante et a un indice IP40, parfait pour la cuisine et la salle de bain.<br \/>\n<strong>\u00d885 x H19mm | Taille d'encastrement \u00d875mm | Transformateur inclus<\/strong><\/p>","protected":false},"featured_media":437073,"comment_status":"closed","ping_status":"closed","template":"","meta":{"_seopress_robots_primary_cat":"","_seopress_titles_title":"","_seopress_titles_desc":"","_seopress_robots_index":""},"product_brand":[],"product_cat":[87,88,455,132,19],"product_tag":[571,253],"class_list":{"0":"post-437072","1":"product","2":"type-product","3":"status-publish","4":"has-post-thumbnail","6":"product_cat-armaturen","7":"product_cat-inbouwspots","8":"product_cat-led-downlights","9":"product_cat-led-spots","10":"product_cat-producten","11":"product_tag-led-downlight","12":"product_tag-led-spot","14":"first","15":"instock","16":"sale","17":"taxable","18":"shipping-taxable","19":"purchasable","20":"product-type-simple"},"_links":{"self":[{"href":"https:\/\/ledshoponline.be\/fr\/wp-json\/wp\/v2\/product\/437072","targetHints":{"allow":["GET"]}}],"collection":[{"href":"https:\/\/ledshoponline.be\/fr\/wp-json\/wp\/v2\/product"}],"about":[{"href":"https:\/\/ledshoponline.be\/fr\/wp-json\/wp\/v2\/types\/product"}],"replies":[{"embeddable":true,"href":"https:\/\/ledshoponline.be\/fr\/wp-json\/wp\/v2\/comments?post=437072"}],"version-history":[{"count":0,"href":"https:\/\/ledshoponline.be\/fr\/wp-json\/wp\/v2\/product\/437072\/revisions"}],"wp:featuredmedia":[{"embeddable":true,"href":"https:\/\/ledshoponline.be\/fr\/wp-json\/wp\/v2\/media\/437073"}],"wp:attachment":[{"href":"https:\/\/ledshoponline.be\/fr\/wp-json\/wp\/v2\/media?parent=437072"}],"wp:term":[{"taxonomy":"product_brand","embeddable":true,"href":"https:\/\/ledshoponline.be\/fr\/wp-json\/wp\/v2\/product_brand?post=437072"},{"taxonomy":"product_cat","embeddable":true,"href":"https:\/\/ledshoponline.be\/fr\/wp-json\/wp\/v2\/product_cat?post=437072"},{"taxonomy":"product_tag","embeddable":true,"href":"https:\/\/ledshoponline.be\/fr\/wp-json\/wp\/v2\/product_tag?post=437072"}],"curies":[{"name":"wp","href":"https:\/\/api.w.org\/{rel}","templated":true}]}}