{"id":435787,"date":"2019-11-23T17:38:32","date_gmt":"2019-11-23T17:38:32","guid":{"rendered":"https:\/\/hlncaxea.a2hosted.com\/?post_type=product&#038;p=435787"},"modified":"2025-03-09T19:43:32","modified_gmt":"2025-03-09T19:43:32","slug":"ruban-nano-double-face-ultra-fort-et-reutilisable","status":"publish","type":"product","link":"https:\/\/ledshoponline.be\/fr\/shop\/producten\/toebehoren\/lijm-silicone-tape\/dubbelzijdige-nano-tape-ultrasterk-en-herbruikbaar\/","title":{"rendered":"Ruban nano double face - Ultra r\u00e9sistant et r\u00e9utilisable"},"content":{"rendered":"<p>Adh\u00e8re \u00e0 presque toutes les surfaces. Peut \u00eatre utilis\u00e9 dans les pi\u00e8ces humides. Egalement utilisable \u00e0 l'ext\u00e9rieur, c'est le partenaire id\u00e9al pour suspendre ou coller quoi que ce soit.<br \/>\nLe grand avantage de la bande Nano de <strong>Yarled<\/strong> est qu'aucun adh\u00e9sif n'est utilis\u00e9 pour le collage. L'extr\u00eame force d'adh\u00e9rence du <strong>Capacit\u00e9 de charge verticale de 2 \u00e0 4 kg,<\/strong>\u00a0provient de tr\u00e8s petites mol\u00e9cules de nanogel.<br \/>\nLorsque vous retirez le ruban adh\u00e9sif, il n'y a aucun signe d'utilisation (comme des r\u00e9sidus de colle).<\/p>\n<h2>Lavable et r\u00e9utilisable<\/h2>\n<p>La bande est donc constitu\u00e9e d'un <strong>nanogel<\/strong> qui est tr\u00e8s \u00e9lastique et peut \u00eatre r\u00e9utilis\u00e9 en le lavant simplement \u00e0 l'eau.<br \/>\nUne fois sec, le ruban est pr\u00eat \u00e0 \u00eatre r\u00e9utilis\u00e9.<\/p>\n<h2>Applications :<\/h2>\n<ul>\n<li>Miroirs suspendus, horlogerie, cadres, porte-manteaux, etc...<\/li>\n<li>Emp\u00eacher le glissement des si\u00e8ges, des c\u00f4nes, des tables, etc.<\/li>\n<li>Par exemple, accrochez votre smartphone au tableau de bord de votre voiture.<\/li>\n<li>Les applications sont illimit\u00e9es, quelle que soit l'id\u00e9e que l'on s'en fait.<\/li>\n<\/ul>\n<h2><strong>Comment l'utiliser ?<\/strong><\/h2>\n<p>Fixez le ruban en appuyant fermement, sans trop utiliser vos doigts, afin de maximiser la force de l'adh\u00e9sif.<br \/>\nLa surface doit \u00eatre propre, s\u00e8che et exempte de graisse. Appliquer le ruban sur une surface aussi grande que possible pour obtenir une capacit\u00e9 de charge optimale.<\/p>\n<table id=\"uael-table-id-5b54e12\" data-sort-table=\"no\" data-show-entry=\"no\" data-searchable=\"no\">\n<thead>\n<tr>\n<th scope=\"col\" data-sort=\"0\">Sp\u00e9cifications du produit<\/th>\n<th scope=\"col\" data-sort=\"1\"><\/th>\n<\/tr>\n<\/thead>\n<tbody><!-- ROWS --><\/p>\n<tr data-entry=\"1\">\n<td data-title=\"Productspecificaties\"><b>Longueur<\/b><\/td>\n<td>3m<\/td>\n<\/tr>\n<tr data-entry=\"2\">\n<td data-title=\"Productspecificaties\"><b>Largeur<\/b><\/td>\n<td>3cm<\/td>\n<\/tr>\n<tr data-entry=\"3\">\n<td data-title=\"Productspecificaties\"><b>\u00c9paisseur<\/b><\/td>\n<td>2mm<\/td>\n<\/tr>\n<tr data-entry=\"4\">\n<td data-title=\"Productspecificaties\"><b>Mat\u00e9riau<\/b><\/td>\n<td>Gel acrylique Nano PU, avec couche de protection en polyester<\/td>\n<\/tr>\n<tr data-entry=\"5\">\n<td data-title=\"Productspecificaties\"><b>Couleur<\/b><\/td>\n<td>Transparent<\/td>\n<\/tr>\n<tr data-entry=\"6\">\n<td data-title=\"Productspecificaties\">R\u00e9sistance \u00e0 la temp\u00e9rature<\/td>\n<td>De -15\u00b0C \u00e0 65\u00b0C<\/td>\n<\/tr>\n<\/tbody>\n<\/table>","protected":false},"excerpt":{"rendered":"<p>Le Nano tape double face extr\u00eamement puissant de Yarled est un ruban adh\u00e9sif polyvalent et r\u00e9utilisable.<br \/>\nLe pouvoir adh\u00e9sif extr\u00eamement puissant permet d'accrocher presque n'importe quoi.<\/p>","protected":false},"featured_media":435788,"comment_status":"closed","ping_status":"closed","template":"","meta":{"_seopress_robots_primary_cat":"","_seopress_titles_title":"","_seopress_titles_desc":"","_seopress_robots_index":""},"product_brand":[],"product_cat":[867,19,42],"product_tag":[],"class_list":{"0":"post-435787","1":"product","2":"type-product","3":"status-publish","4":"has-post-thumbnail","6":"product_cat-lijm-silicone-tape","7":"product_cat-producten","8":"product_cat-toebehoren","10":"first","11":"outofstock","12":"sale","13":"taxable","14":"shipping-taxable","15":"purchasable","16":"product-type-simple"},"_links":{"self":[{"href":"https:\/\/ledshoponline.be\/fr\/wp-json\/wp\/v2\/product\/435787","targetHints":{"allow":["GET"]}}],"collection":[{"href":"https:\/\/ledshoponline.be\/fr\/wp-json\/wp\/v2\/product"}],"about":[{"href":"https:\/\/ledshoponline.be\/fr\/wp-json\/wp\/v2\/types\/product"}],"replies":[{"embeddable":true,"href":"https:\/\/ledshoponline.be\/fr\/wp-json\/wp\/v2\/comments?post=435787"}],"version-history":[{"count":0,"href":"https:\/\/ledshoponline.be\/fr\/wp-json\/wp\/v2\/product\/435787\/revisions"}],"wp:featuredmedia":[{"embeddable":true,"href":"https:\/\/ledshoponline.be\/fr\/wp-json\/wp\/v2\/media\/435788"}],"wp:attachment":[{"href":"https:\/\/ledshoponline.be\/fr\/wp-json\/wp\/v2\/media?parent=435787"}],"wp:term":[{"taxonomy":"product_brand","embeddable":true,"href":"https:\/\/ledshoponline.be\/fr\/wp-json\/wp\/v2\/product_brand?post=435787"},{"taxonomy":"product_cat","embeddable":true,"href":"https:\/\/ledshoponline.be\/fr\/wp-json\/wp\/v2\/product_cat?post=435787"},{"taxonomy":"product_tag","embeddable":true,"href":"https:\/\/ledshoponline.be\/fr\/wp-json\/wp\/v2\/product_tag?post=435787"}],"curies":[{"name":"wp","href":"https:\/\/api.w.org\/{rel}","templated":true}]}}