{"id":43322,"date":"2018-07-21T06:24:48","date_gmt":"2018-07-21T06:24:48","guid":{"rendered":"https:\/\/hlncaxea.a2hosted.com\/?post_type=product&#038;p=43322"},"modified":"2025-09-03T15:45:13","modified_gmt":"2025-09-03T15:45:13","slug":"projecteur-led-10w-cold-white-4000k","status":"publish","type":"product","link":"https:\/\/ledshoponline.be\/fr\/shop\/producten\/armaturen\/buitenverlichting\/led-schijnwerper-10w-koud-wit-4000k\/","title":{"rendered":"Projecteur LED 10W blanc froid 4000k"},"content":{"rendered":"","protected":false},"excerpt":{"rendered":"<p style=\"text-align: left;\">Projecteur LED \/ lampe de chantier de 10W, id\u00e9al pour \u00e9clairer votre jardin, un arbre, un magasin, une all\u00e9e.<\/p>\n<p>Contient la derni\u00e8re g\u00e9n\u00e9ration de SMD. Tr\u00e8s bonne qualit\u00e9.<\/p>","protected":false},"featured_media":43323,"comment_status":"closed","ping_status":"closed","template":"","meta":{"_seopress_robots_primary_cat":"none","_seopress_titles_title":"","_seopress_titles_desc":"","_seopress_robots_index":""},"product_brand":[],"product_cat":[90,243,242],"product_tag":[771],"class_list":{"0":"post-43322","1":"product","2":"type-product","3":"status-publish","4":"has-post-thumbnail","6":"product_cat-buitenverlichting","7":"product_cat-led-schijnwerpers","8":"product_cat-pro-led-verlichting","9":"product_tag-10w-led-straler","11":"first","12":"instock","13":"sale","14":"taxable","15":"shipping-taxable","16":"purchasable","17":"product-type-simple"},"_links":{"self":[{"href":"https:\/\/ledshoponline.be\/fr\/wp-json\/wp\/v2\/product\/43322","targetHints":{"allow":["GET"]}}],"collection":[{"href":"https:\/\/ledshoponline.be\/fr\/wp-json\/wp\/v2\/product"}],"about":[{"href":"https:\/\/ledshoponline.be\/fr\/wp-json\/wp\/v2\/types\/product"}],"replies":[{"embeddable":true,"href":"https:\/\/ledshoponline.be\/fr\/wp-json\/wp\/v2\/comments?post=43322"}],"version-history":[{"count":1,"href":"https:\/\/ledshoponline.be\/fr\/wp-json\/wp\/v2\/product\/43322\/revisions"}],"predecessor-version":[{"id":619072,"href":"https:\/\/ledshoponline.be\/fr\/wp-json\/wp\/v2\/product\/43322\/revisions\/619072"}],"wp:featuredmedia":[{"embeddable":true,"href":"https:\/\/ledshoponline.be\/fr\/wp-json\/wp\/v2\/media\/43323"}],"wp:attachment":[{"href":"https:\/\/ledshoponline.be\/fr\/wp-json\/wp\/v2\/media?parent=43322"}],"wp:term":[{"taxonomy":"product_brand","embeddable":true,"href":"https:\/\/ledshoponline.be\/fr\/wp-json\/wp\/v2\/product_brand?post=43322"},{"taxonomy":"product_cat","embeddable":true,"href":"https:\/\/ledshoponline.be\/fr\/wp-json\/wp\/v2\/product_cat?post=43322"},{"taxonomy":"product_tag","embeddable":true,"href":"https:\/\/ledshoponline.be\/fr\/wp-json\/wp\/v2\/product_tag?post=43322"}],"curies":[{"name":"wp","href":"https:\/\/api.w.org\/{rel}","templated":true}]}}