{"id":433005,"date":"2019-10-21T15:13:14","date_gmt":"2019-10-21T15:13:14","guid":{"rendered":"https:\/\/hlncaxea.a2hosted.com\/?post_type=product&#038;p=433005"},"modified":"2025-03-09T19:43:31","modified_gmt":"2025-03-09T19:43:31","slug":"downlight-led-downlight-5w-cold-white-4000k-dimmable","status":"publish","type":"product","link":"https:\/\/ledshoponline.be\/fr\/shop\/producten\/armaturen\/inbouwspots\/led-inbouwspot-downlight-5w-koud-wit-4000k-dimbaar\/","title":{"rendered":"LED downlight - downlight 5W Blanc froid 4000k | Dimmable"},"content":{"rendered":"","protected":false},"excerpt":{"rendered":"<p>Stylis\u00e9 <strong>Spot encastr\u00e9 LED 5w<\/strong> Finition en mat\u00e9riau blanc. Emet une lumi\u00e8re blanche froide et <strong>remplace une lampe 40W-50W\u00a0<\/strong>spot halog\u00e8ne. La gradation du spot est optimale avec un gradateur \u00e0 triac. Fourni avec <strong>y compris un pilote LED \u00e0 gradation<\/strong>. Gr\u00e2ce \u00e0 sa longue dur\u00e9e de vie et \u00e0 son efficacit\u00e9 \u00e9nerg\u00e9tique, ce luminaire LED s'impose dans votre salon. Il est \u00e9galement id\u00e9al pour un bureau, un restaurant ou un magasin. Commencez \u00e0 \u00e9conomiser et commandez rapidement le spot LED !<\/p>","protected":false},"featured_media":433006,"comment_status":"closed","ping_status":"closed","template":"","meta":{"_seopress_robots_primary_cat":"","_seopress_titles_title":"","_seopress_titles_desc":"","_seopress_robots_index":""},"product_brand":[],"product_cat":[87,88,455,132,19],"product_tag":[],"class_list":{"0":"post-433005","1":"product","2":"type-product","3":"status-publish","4":"has-post-thumbnail","6":"product_cat-armaturen","7":"product_cat-inbouwspots","8":"product_cat-led-downlights","9":"product_cat-led-spots","10":"product_cat-producten","12":"first","13":"outofstock","14":"featured","15":"taxable","16":"shipping-taxable","17":"purchasable","18":"product-type-simple"},"_links":{"self":[{"href":"https:\/\/ledshoponline.be\/fr\/wp-json\/wp\/v2\/product\/433005","targetHints":{"allow":["GET"]}}],"collection":[{"href":"https:\/\/ledshoponline.be\/fr\/wp-json\/wp\/v2\/product"}],"about":[{"href":"https:\/\/ledshoponline.be\/fr\/wp-json\/wp\/v2\/types\/product"}],"replies":[{"embeddable":true,"href":"https:\/\/ledshoponline.be\/fr\/wp-json\/wp\/v2\/comments?post=433005"}],"version-history":[{"count":0,"href":"https:\/\/ledshoponline.be\/fr\/wp-json\/wp\/v2\/product\/433005\/revisions"}],"wp:featuredmedia":[{"embeddable":true,"href":"https:\/\/ledshoponline.be\/fr\/wp-json\/wp\/v2\/media\/433006"}],"wp:attachment":[{"href":"https:\/\/ledshoponline.be\/fr\/wp-json\/wp\/v2\/media?parent=433005"}],"wp:term":[{"taxonomy":"product_brand","embeddable":true,"href":"https:\/\/ledshoponline.be\/fr\/wp-json\/wp\/v2\/product_brand?post=433005"},{"taxonomy":"product_cat","embeddable":true,"href":"https:\/\/ledshoponline.be\/fr\/wp-json\/wp\/v2\/product_cat?post=433005"},{"taxonomy":"product_tag","embeddable":true,"href":"https:\/\/ledshoponline.be\/fr\/wp-json\/wp\/v2\/product_tag?post=433005"}],"curies":[{"name":"wp","href":"https:\/\/api.w.org\/{rel}","templated":true}]}}