{"id":431670,"date":"2019-10-04T16:27:47","date_gmt":"2019-10-04T16:27:47","guid":{"rendered":"https:\/\/hlncaxea.a2hosted.com\/?post_type=product&#038;p=431670"},"modified":"2025-09-22T20:44:55","modified_gmt":"2025-09-22T20:44:55","slug":"plafonnier-en-led-design-industriel-simple-7w-dimmable","status":"publish","type":"product","link":"https:\/\/ledshoponline.be\/fr\/shop\/producten\/armaturen\/plafondlampen\/plafondlamp-in-led-industrieel-design-enkel-7w-dimbaar\/","title":{"rendered":"Plafonnier en LED design industriel simple | 7W Dimmable"},"content":{"rendered":"<h2>Dimensions<\/h2>\n<h3>Total<\/h3>\n<table>\n<tbody>\n<tr>\n<th scope=\"row\">Largeur min<\/th>\n<td>12,00 cm<\/td>\n<\/tr>\n<tr>\n<th scope=\"row\">Largeur max<\/th>\n<td>13,00 cm<\/td>\n<\/tr>\n<tr>\n<th scope=\"row\">Hauteur min<\/th>\n<td>15,00 cm<\/td>\n<\/tr>\n<tr>\n<th scope=\"row\">Hauteur max<\/th>\n<td>19,00 cm<\/td>\n<\/tr>\n<tr>\n<th scope=\"row\">Profondeur min<\/th>\n<td>12,00 cm<\/td>\n<\/tr>\n<tr>\n<th scope=\"row\">Profondeur max<\/th>\n<td>12,00 cm<\/td>\n<\/tr>\n<\/tbody>\n<\/table>\n<h3>Capuchon<\/h3>\n<table>\n<tbody>\n<tr>\n<th scope=\"row\">Largeur<\/th>\n<td>12,00 cm<\/td>\n<\/tr>\n<tr>\n<th scope=\"row\">Diam\u00e8tre<\/th>\n<td>12,00 cm<\/td>\n<\/tr>\n<\/tbody>\n<\/table>\n<h3>Support de montage<\/h3>\n<table>\n<tbody>\n<tr>\n<th scope=\"row\">Longueur<\/th>\n<td>8,50 cm<\/td>\n<\/tr>\n<\/tbody>\n<\/table>\n<h3>Capuchon de plafond<\/h3>\n<table>\n<tbody>\n<tr>\n<th scope=\"row\">Largeur<\/th>\n<td>11,00 cm<\/td>\n<\/tr>\n<tr>\n<th scope=\"row\">Hauteur<\/th>\n<td>3,00 cm<\/td>\n<\/tr>\n<tr>\n<th scope=\"row\">Profondeur<\/th>\n<td>11,00 cm<\/td>\n<\/tr>\n<\/tbody>\n<\/table>","protected":false},"excerpt":{"rendered":"<p>Ce spot unique tr\u00e8s tendance est fabriqu\u00e9 en m\u00e9tal et en bois. La plaque de plafond comprend la partie en bois et les spots eux-m\u00eames la partie en m\u00e9tal. Les spots sont \u00e0 la fois rotatifs et inclinables, ce qui vous permet de diriger facilement les faisceaux lumineux. Le luminaire est \u00e9quip\u00e9 d'un spot LED GU10 de 7W \u00e0 intensit\u00e9 variable et rempla\u00e7able. Les LED sont connues pour leur longue dur\u00e9e de vie et sont tr\u00e8s \u00e9conomiques \u00e0 l'usage. De plus, le luminaire ne chauffe pas. Si vous le souhaitez, vous pouvez ajouter des sources lumineuses appropri\u00e9es directement \u00e0 votre commande. Ce luminaire peut \u00e9galement \u00eatre mont\u00e9 comme applique murale.<\/p>","protected":false},"featured_media":431671,"comment_status":"closed","ping_status":"closed","template":"","meta":{"_seopress_robots_primary_cat":"","_seopress_titles_title":"","_seopress_titles_desc":"","_seopress_robots_index":""},"product_brand":[],"product_cat":[87,132,165,109],"product_tag":[456],"class_list":{"0":"post-431670","1":"product","2":"type-product","3":"status-publish","4":"has-post-thumbnail","6":"product_cat-armaturen","7":"product_cat-led-spots","8":"product_cat-plafondlampen","9":"product_cat-wandlampen","10":"product_tag-dimbare-led-armatuur","12":"first","13":"outofstock","14":"taxable","15":"shipping-taxable","16":"purchasable","17":"product-type-simple"},"_links":{"self":[{"href":"https:\/\/ledshoponline.be\/fr\/wp-json\/wp\/v2\/product\/431670","targetHints":{"allow":["GET"]}}],"collection":[{"href":"https:\/\/ledshoponline.be\/fr\/wp-json\/wp\/v2\/product"}],"about":[{"href":"https:\/\/ledshoponline.be\/fr\/wp-json\/wp\/v2\/types\/product"}],"replies":[{"embeddable":true,"href":"https:\/\/ledshoponline.be\/fr\/wp-json\/wp\/v2\/comments?post=431670"}],"version-history":[{"count":1,"href":"https:\/\/ledshoponline.be\/fr\/wp-json\/wp\/v2\/product\/431670\/revisions"}],"predecessor-version":[{"id":624461,"href":"https:\/\/ledshoponline.be\/fr\/wp-json\/wp\/v2\/product\/431670\/revisions\/624461"}],"wp:featuredmedia":[{"embeddable":true,"href":"https:\/\/ledshoponline.be\/fr\/wp-json\/wp\/v2\/media\/431671"}],"wp:attachment":[{"href":"https:\/\/ledshoponline.be\/fr\/wp-json\/wp\/v2\/media?parent=431670"}],"wp:term":[{"taxonomy":"product_brand","embeddable":true,"href":"https:\/\/ledshoponline.be\/fr\/wp-json\/wp\/v2\/product_brand?post=431670"},{"taxonomy":"product_cat","embeddable":true,"href":"https:\/\/ledshoponline.be\/fr\/wp-json\/wp\/v2\/product_cat?post=431670"},{"taxonomy":"product_tag","embeddable":true,"href":"https:\/\/ledshoponline.be\/fr\/wp-json\/wp\/v2\/product_tag?post=431670"}],"curies":[{"name":"wp","href":"https:\/\/api.w.org\/{rel}","templated":true}]}}