{"id":38568,"date":"2018-06-15T18:56:34","date_gmt":"2018-06-15T18:56:34","guid":{"rendered":"https:\/\/hlncaxea.a2hosted.com\/?post_type=product&#038;p=38568"},"modified":"2025-09-22T20:42:25","modified_gmt":"2025-09-22T20:42:25","slug":"detecteur-de-mouvement-pour-installation-murale-160-a-200w","status":"publish","type":"product","link":"https:\/\/ledshoponline.be\/fr\/shop\/producten\/toebehoren\/bewegingssensor-voor-led-lampen\/bewegingssensor-voor-muur-inbouw-160-tot-200w\/","title":{"rendered":"D\u00e9tecteur de mouvement pour montage mural 160\u00b0 jusqu'\u00e0 200W"},"content":{"rendered":"<p><img decoding=\"async\" class=\"alignnone wp-image-38572 size-full\" src=\"https:\/\/ledshoponline.be\/wp-content\/uploads\/2018\/06\/inbouw-sensor-afmetingen.jpg\" alt=\"\" width=\"728\" height=\"457\" \/><\/p>","protected":false},"excerpt":{"rendered":"<p>D\u00e9tecteur de mouvement pour installation murale. Utilise jusqu'\u00e0 200w de lampes LED ou de luminaires LED. Le capteur a un angle de d\u00e9tection de 160 degr\u00e9s, un temps de combustion r\u00e9glable entre 10 secondes et 7 minutes. Le capteur dispose d'une m\u00e9thode de d\u00e9tection par infrarouge.\u00a0<strong>Gamme :<\/strong> Sa port\u00e9e de d\u00e9tection peut atteindre 9 m\u00e8tres.<\/p>","protected":false},"featured_media":38569,"comment_status":"closed","ping_status":"closed","template":"","meta":{"_seopress_robots_primary_cat":"","_seopress_titles_title":"","_seopress_titles_desc":"","_seopress_robots_index":""},"product_brand":[],"product_cat":[765,42],"product_tag":[766],"class_list":{"0":"post-38568","1":"product","2":"type-product","3":"status-publish","4":"has-post-thumbnail","6":"product_cat-bewegingssensor-voor-led-lampen","7":"product_cat-toebehoren","8":"product_tag-bewegingssensor","10":"first","11":"instock","12":"taxable","13":"shipping-taxable","14":"purchasable","15":"product-type-simple"},"_links":{"self":[{"href":"https:\/\/ledshoponline.be\/fr\/wp-json\/wp\/v2\/product\/38568","targetHints":{"allow":["GET"]}}],"collection":[{"href":"https:\/\/ledshoponline.be\/fr\/wp-json\/wp\/v2\/product"}],"about":[{"href":"https:\/\/ledshoponline.be\/fr\/wp-json\/wp\/v2\/types\/product"}],"replies":[{"embeddable":true,"href":"https:\/\/ledshoponline.be\/fr\/wp-json\/wp\/v2\/comments?post=38568"}],"version-history":[{"count":1,"href":"https:\/\/ledshoponline.be\/fr\/wp-json\/wp\/v2\/product\/38568\/revisions"}],"predecessor-version":[{"id":624445,"href":"https:\/\/ledshoponline.be\/fr\/wp-json\/wp\/v2\/product\/38568\/revisions\/624445"}],"wp:featuredmedia":[{"embeddable":true,"href":"https:\/\/ledshoponline.be\/fr\/wp-json\/wp\/v2\/media\/38569"}],"wp:attachment":[{"href":"https:\/\/ledshoponline.be\/fr\/wp-json\/wp\/v2\/media?parent=38568"}],"wp:term":[{"taxonomy":"product_brand","embeddable":true,"href":"https:\/\/ledshoponline.be\/fr\/wp-json\/wp\/v2\/product_brand?post=38568"},{"taxonomy":"product_cat","embeddable":true,"href":"https:\/\/ledshoponline.be\/fr\/wp-json\/wp\/v2\/product_cat?post=38568"},{"taxonomy":"product_tag","embeddable":true,"href":"https:\/\/ledshoponline.be\/fr\/wp-json\/wp\/v2\/product_tag?post=38568"}],"curies":[{"name":"wp","href":"https:\/\/api.w.org\/{rel}","templated":true}]}}