{"id":38563,"date":"2018-06-15T18:35:56","date_gmt":"2018-06-15T18:35:56","guid":{"rendered":"https:\/\/hlncaxea.a2hosted.com\/?post_type=product&#038;p=38563"},"modified":"2025-03-09T19:42:58","modified_gmt":"2025-03-09T19:42:58","slug":"capteur-e27-adaptateur-avec-detecteur-de-proximite-capteur-crepusculaire-2","status":"publish","type":"product","link":"https:\/\/ledshoponline.be\/fr\/shop\/producten\/toebehoren\/bewegingssensor-voor-led-lampen\/sensor-e27-adapter-met-naderingsdetector-schemeringssensor\/","title":{"rendered":"D\u00e9tecteur Adaptateur E27 avec d\u00e9tecteur de proximit\u00e9 et d\u00e9tecteur cr\u00e9pusculaire"},"content":{"rendered":"","protected":false},"excerpt":{"rendered":"<p>Transformez votre ampoule LED E27 en une lampe pratique, gr\u00e2ce \u00e0 cet adaptateur de d\u00e9tecteur de mouvement. Vous pouvez ainsi \u00e9clairer un d\u00e9barras, des toilettes, un garage ou un grenier sans les mains. Encore moins de consommation d'\u00e9nergie. Utilise au maximum des ampoules LED de 60W. Le capteur dispose d'un angle de d\u00e9tection de 360 degr\u00e9s, d'une dur\u00e9e de combustion r\u00e9glable entre 10 secondes et 5 minutes, d'un interrupteur cr\u00e9pusculaire permettant de contr\u00f4ler si la lampe fonctionne au cr\u00e9puscule ou seulement dans l'obscurit\u00e9 entre 3 et 2 000 lux. <strong>Gamme :<\/strong>\u00a0couvre la zone de d\u00e9tection jusqu'\u00e0 6 m\u00e8tres.<\/p>","protected":false},"featured_media":38564,"comment_status":"open","ping_status":"closed","template":"","meta":{"_seopress_robots_primary_cat":"","_seopress_titles_title":"","_seopress_titles_desc":"","_seopress_robots_index":""},"product_brand":[],"product_cat":[765,110,111,20,725,19,42],"product_tag":[766],"class_list":{"0":"post-38563","1":"product","2":"type-product","3":"status-publish","4":"has-post-thumbnail","6":"product_cat-bewegingssensor-voor-led-lampen","7":"product_cat-fitting-adapter","8":"product_cat-led-lamp-e27","9":"product_cat-led-lampen","10":"product_cat-led-spot-e27-230v","11":"product_cat-producten","12":"product_cat-toebehoren","13":"product_tag-bewegingssensor","15":"first","16":"outofstock","17":"taxable","18":"shipping-taxable","19":"purchasable","20":"product-type-simple"},"_links":{"self":[{"href":"https:\/\/ledshoponline.be\/fr\/wp-json\/wp\/v2\/product\/38563","targetHints":{"allow":["GET"]}}],"collection":[{"href":"https:\/\/ledshoponline.be\/fr\/wp-json\/wp\/v2\/product"}],"about":[{"href":"https:\/\/ledshoponline.be\/fr\/wp-json\/wp\/v2\/types\/product"}],"replies":[{"embeddable":true,"href":"https:\/\/ledshoponline.be\/fr\/wp-json\/wp\/v2\/comments?post=38563"}],"version-history":[{"count":0,"href":"https:\/\/ledshoponline.be\/fr\/wp-json\/wp\/v2\/product\/38563\/revisions"}],"wp:featuredmedia":[{"embeddable":true,"href":"https:\/\/ledshoponline.be\/fr\/wp-json\/wp\/v2\/media\/38564"}],"wp:attachment":[{"href":"https:\/\/ledshoponline.be\/fr\/wp-json\/wp\/v2\/media?parent=38563"}],"wp:term":[{"taxonomy":"product_brand","embeddable":true,"href":"https:\/\/ledshoponline.be\/fr\/wp-json\/wp\/v2\/product_brand?post=38563"},{"taxonomy":"product_cat","embeddable":true,"href":"https:\/\/ledshoponline.be\/fr\/wp-json\/wp\/v2\/product_cat?post=38563"},{"taxonomy":"product_tag","embeddable":true,"href":"https:\/\/ledshoponline.be\/fr\/wp-json\/wp\/v2\/product_tag?post=38563"}],"curies":[{"name":"wp","href":"https:\/\/api.w.org\/{rel}","templated":true}]}}