{"id":38558,"date":"2018-06-15T18:30:26","date_gmt":"2018-06-15T18:30:26","guid":{"rendered":"https:\/\/hlncaxea.a2hosted.com\/?post_type=product&#038;p=38558"},"modified":"2025-03-09T19:42:57","modified_gmt":"2025-03-09T19:42:57","slug":"detecteur-de-mouvement-en-saillie-360o-jusqua-1000w-led","status":"publish","type":"product","link":"https:\/\/ledshoponline.be\/fr\/shop\/producten\/toebehoren\/bewegingssensor-voor-led-lampen\/bewegingssensor-opbouw-360o-tot-1000w-led\/","title":{"rendered":"D\u00e9tecteur de mouvement en saillie 360\u00ba jusqu'\u00e0 1000w LED"},"content":{"rendered":"<p><img decoding=\"async\" class=\"alignnone size-medium wp-image-438830\" src=\"https:\/\/ledshoponline.be\/wp-content\/uploads\/2018\/06\/sensor-led-lux-589x400.jpg\" alt=\"\" width=\"589\" height=\"400\" \/><img decoding=\"async\" class=\"alignnone size-medium wp-image-438831\" src=\"https:\/\/ledshoponline.be\/wp-content\/uploads\/2018\/06\/led-sensor-lux-2-471x400.jpg\" alt=\"\" width=\"471\" height=\"400\" \/><\/p>\n<p><img decoding=\"async\" class=\"alignnone size-medium wp-image-438832\" src=\"https:\/\/ledshoponline.be\/wp-content\/uploads\/2018\/06\/ledsensor-396x400.jpg\" alt=\"\" width=\"396\" height=\"400\" \/><img decoding=\"async\" class=\"alignnone size-medium wp-image-438833\" src=\"https:\/\/ledshoponline.be\/wp-content\/uploads\/2018\/06\/day-and-night-sensor-377x400.jpg\" alt=\"\" width=\"377\" height=\"400\" \/><\/p>","protected":false},"excerpt":{"rendered":"<p>D\u00e9tecteur de mouvement pour montage au plafond. Utilise jusqu'\u00e0 un maximum de 1000w de lampes LED ou de luminaires LED. Construction solide. Le capteur a un angle de d\u00e9tection de 360 degr\u00e9s, une dur\u00e9e de combustion r\u00e9glable entre 10 secondes et 7 minutes, un interrupteur cr\u00e9pusculaire pour contr\u00f4ler si la lampe fonctionne \u00e0 la tomb\u00e9e de la nuit ou seulement dans l'obscurit\u00e9 entre 10 et 2 000 lux. <strong>Gamme :<\/strong> en fonction de la hauteur (maximum 6 m\u00e8tres), la zone de d\u00e9tection couvre un diam\u00e8tre maximum de 6 m\u00e8tres.<\/p>","protected":false},"featured_media":38559,"comment_status":"closed","ping_status":"closed","template":"","meta":{"_seopress_robots_primary_cat":"","_seopress_titles_title":"","_seopress_titles_desc":"","_seopress_robots_index":""},"product_brand":[],"product_cat":[765,19,42],"product_tag":[766],"class_list":{"0":"post-38558","1":"product","2":"type-product","3":"status-publish","4":"has-post-thumbnail","6":"product_cat-bewegingssensor-voor-led-lampen","7":"product_cat-producten","8":"product_cat-toebehoren","9":"product_tag-bewegingssensor","11":"first","12":"instock","13":"sale","14":"taxable","15":"shipping-taxable","16":"purchasable","17":"product-type-simple"},"_links":{"self":[{"href":"https:\/\/ledshoponline.be\/fr\/wp-json\/wp\/v2\/product\/38558","targetHints":{"allow":["GET"]}}],"collection":[{"href":"https:\/\/ledshoponline.be\/fr\/wp-json\/wp\/v2\/product"}],"about":[{"href":"https:\/\/ledshoponline.be\/fr\/wp-json\/wp\/v2\/types\/product"}],"replies":[{"embeddable":true,"href":"https:\/\/ledshoponline.be\/fr\/wp-json\/wp\/v2\/comments?post=38558"}],"version-history":[{"count":0,"href":"https:\/\/ledshoponline.be\/fr\/wp-json\/wp\/v2\/product\/38558\/revisions"}],"wp:featuredmedia":[{"embeddable":true,"href":"https:\/\/ledshoponline.be\/fr\/wp-json\/wp\/v2\/media\/38559"}],"wp:attachment":[{"href":"https:\/\/ledshoponline.be\/fr\/wp-json\/wp\/v2\/media?parent=38558"}],"wp:term":[{"taxonomy":"product_brand","embeddable":true,"href":"https:\/\/ledshoponline.be\/fr\/wp-json\/wp\/v2\/product_brand?post=38558"},{"taxonomy":"product_cat","embeddable":true,"href":"https:\/\/ledshoponline.be\/fr\/wp-json\/wp\/v2\/product_cat?post=38558"},{"taxonomy":"product_tag","embeddable":true,"href":"https:\/\/ledshoponline.be\/fr\/wp-json\/wp\/v2\/product_tag?post=38558"}],"curies":[{"name":"wp","href":"https:\/\/api.w.org\/{rel}","templated":true}]}}