{"id":38549,"date":"2018-06-15T18:26:10","date_gmt":"2018-06-15T18:26:10","guid":{"rendered":"https:\/\/hlncaxea.a2hosted.com\/?post_type=product&#038;p=38549"},"modified":"2025-03-09T19:42:56","modified_gmt":"2025-03-09T19:42:56","slug":"detecteur-de-mouvement-encastre-360-a-300w","status":"publish","type":"product","link":"https:\/\/ledshoponline.be\/fr\/shop\/producten\/toebehoren\/bewegingssensor-voor-led-lampen\/bewegingssensor-inbouw-360-tot-300w\/","title":{"rendered":"D\u00e9tecteur de mouvement encastr\u00e9 360\u00b0 jusqu'\u00e0 300W"},"content":{"rendered":"<div id=\"attachment_38551\" style=\"width: 1013px\" class=\"wp-caption alignnone\"><img decoding=\"async\" aria-describedby=\"caption-attachment-38551\" class=\"wp-image-38551 size-full\" src=\"https:\/\/ledshoponline.be\/wp-content\/uploads\/2018\/06\/sensor-inbouw.jpg\" alt=\"\" width=\"1003\" height=\"648\" \/><p id=\"caption-attachment-38551\" class=\"wp-caption-text\">Dimensions du d\u00e9tecteur de mouvement encastr\u00e9 pour lampes LED<\/p><\/div>","protected":false},"excerpt":{"rendered":"<p>D\u00e9tecteur de mouvement pour installation encastr\u00e9e au plafond. Utilise jusqu'\u00e0 300w de lampes LED ou de luminaires LED. Construction solide. Le d\u00e9tecteur a un angle de d\u00e9tection de 360 degr\u00e9s, une dur\u00e9e de combustion r\u00e9glable entre 10 secondes et 7 minutes, un interrupteur cr\u00e9pusculaire pour contr\u00f4ler si la lampe fonctionne \u00e0 la tomb\u00e9e de la nuit ou seulement dans l'obscurit\u00e9 entre 10 et 2 000 lux. <strong>Gamme :<\/strong> en fonction de la hauteur (maximum 6 m\u00e8tres), la zone de d\u00e9tection couvre un diam\u00e8tre maximum de 5 m\u00e8tres.<\/p>","protected":false},"featured_media":38550,"comment_status":"closed","ping_status":"closed","template":"","meta":{"_seopress_robots_primary_cat":"","_seopress_titles_title":"","_seopress_titles_desc":"","_seopress_robots_index":""},"product_brand":[],"product_cat":[765,19,42],"product_tag":[766],"class_list":{"0":"post-38549","1":"product","2":"type-product","3":"status-publish","4":"has-post-thumbnail","6":"product_cat-bewegingssensor-voor-led-lampen","7":"product_cat-producten","8":"product_cat-toebehoren","9":"product_tag-bewegingssensor","11":"first","12":"outofstock","13":"taxable","14":"shipping-taxable","15":"purchasable","16":"product-type-simple"},"_links":{"self":[{"href":"https:\/\/ledshoponline.be\/fr\/wp-json\/wp\/v2\/product\/38549","targetHints":{"allow":["GET"]}}],"collection":[{"href":"https:\/\/ledshoponline.be\/fr\/wp-json\/wp\/v2\/product"}],"about":[{"href":"https:\/\/ledshoponline.be\/fr\/wp-json\/wp\/v2\/types\/product"}],"replies":[{"embeddable":true,"href":"https:\/\/ledshoponline.be\/fr\/wp-json\/wp\/v2\/comments?post=38549"}],"version-history":[{"count":0,"href":"https:\/\/ledshoponline.be\/fr\/wp-json\/wp\/v2\/product\/38549\/revisions"}],"wp:featuredmedia":[{"embeddable":true,"href":"https:\/\/ledshoponline.be\/fr\/wp-json\/wp\/v2\/media\/38550"}],"wp:attachment":[{"href":"https:\/\/ledshoponline.be\/fr\/wp-json\/wp\/v2\/media?parent=38549"}],"wp:term":[{"taxonomy":"product_brand","embeddable":true,"href":"https:\/\/ledshoponline.be\/fr\/wp-json\/wp\/v2\/product_brand?post=38549"},{"taxonomy":"product_cat","embeddable":true,"href":"https:\/\/ledshoponline.be\/fr\/wp-json\/wp\/v2\/product_cat?post=38549"},{"taxonomy":"product_tag","embeddable":true,"href":"https:\/\/ledshoponline.be\/fr\/wp-json\/wp\/v2\/product_tag?post=38549"}],"curies":[{"name":"wp","href":"https:\/\/api.w.org\/{rel}","templated":true}]}}