{"id":38123,"date":"2018-06-09T15:53:31","date_gmt":"2018-06-09T15:53:31","guid":{"rendered":"https:\/\/hlncaxea.a2hosted.com\/?post_type=product&#038;p=38123"},"modified":"2025-03-09T19:42:54","modified_gmt":"2025-03-09T19:42:54","slug":"240w-led-ufo-high-bay-lamp-pro-daylight-2","status":"publish","type":"product","link":"https:\/\/ledshoponline.be\/fr\/shop\/producten\/pro-led-verlichting\/led-high-bay-ufo-hanglamp\/240w-led-ufo-high-bay-lamp-pro-daglicht\/","title":{"rendered":"240W LED UFO high bay lamp PRO daylight"},"content":{"rendered":"<h2><strong>Pr\u00eat pour l'\u00e9clairage ? D\u00e9couvrez la lampe UFO High Bay 240W LED Pro - Daylight !<\/strong><\/h2>\n<p>Vous voulez rendre votre espace plus lumineux tout en \u00e9conomisant de l'\u00e9nergie ? Voici la lampe UFO High Bay Pro 240W LED - Daylight ! Ce produit d'\u00e9clairage innovant est con\u00e7u pour r\u00e9pondre \u00e0 tous vos besoins en mati\u00e8re de luminosit\u00e9, de durabilit\u00e9 et d'efficacit\u00e9 \u00e9nerg\u00e9tique.<\/p>\n<ul>\n<li><strong>Un \u00e9clairage puissant :<\/strong> Avec une puissance de 240 watts, cette LED UFO High Bay Lamp Pro offre une luminosit\u00e9 qui \u00e9claire m\u00eame les coins les plus sombres de votre espace. Que ce soit dans un entrep\u00f4t, une usine ou un gymnase, cette lampe est la solution id\u00e9ale.<\/li>\n<li><strong>Conception \u00e9conome en \u00e9nergie :<\/strong> \u00c9conomisez sur les co\u00fbts d'\u00e9nergie avec cette lampe LED efficace. Elle consomme beaucoup moins d'\u00e9nergie que les syst\u00e8mes d'\u00e9clairage traditionnels, ce qui vous permet d'\u00e9conomiser de l'argent.<\/li>\n<li><strong>Durable et fiable :<\/strong> Cette lampe est con\u00e7ue pour durer. Sa conception robuste garantit qu'elle r\u00e9sistera \u00e0 l'\u00e9preuve du temps, ce qui permettra de r\u00e9duire les co\u00fbts de maintenance.<\/li>\n<li><strong>Installation facile :<\/strong> Il n'est pas n\u00e9cessaire d'\u00eatre un expert pour installer cette lampe. La conception conviviale et les instructions claires rendent le processus d'installation facile et sans tracas.<\/li>\n<li><strong>Application polyvalente :<\/strong> Que vous ayez un entrep\u00f4t, une usine, un gymnase ou tout autre grand espace, cette lampe LED UFO High Bay s'adapte sans effort. Sa conception polyvalente permet de r\u00e9pondre \u00e0 tous vos besoins en mati\u00e8re d'\u00e9clairage.<\/li>\n<li><strong>Distribution uniforme de la lumi\u00e8re :<\/strong> Gr\u00e2ce \u00e0 sa forme d'ovni et \u00e0 sa construction bien pens\u00e9e, vous b\u00e9n\u00e9ficiez d'une r\u00e9partition uniforme de la lumi\u00e8re, sans taches sombres ni ombres.<\/li>\n<li><strong>\u00c9conomies et respect de l'environnement :<\/strong> Outre les \u00e9conomies r\u00e9alis\u00e9es sur les factures d'\u00e9nergie, cette lampe est \u00e9galement respectueuse de l'environnement. Sa faible consommation d'\u00e9nergie contribue \u00e0 une plan\u00e8te plus verte.<\/li>\n<\/ul>\n<p>En bref, la lampe UFO High Bay 240W LED Pro - Daylight est la r\u00e9ponse \u00e0 vos besoins en mati\u00e8re d'\u00e9clairage. Elle est \u00e9conome en \u00e9nergie, durable, facile \u00e0 installer et polyvalente. Am\u00e9liorez votre espace d\u00e8s aujourd'hui pour un environnement lumineux et productif !<\/p>","protected":false},"excerpt":{"rendered":"<p>Pr\u00eat pour l'\u00e9clairage ? D\u00e9couvrez la lampe UFO High Bay 240W LED Pro - Daylight ! Vous voulez rendre votre espace plus lumineux<\/p>","protected":false},"featured_media":38124,"comment_status":"closed","ping_status":"closed","template":"","meta":{"_seopress_robots_primary_cat":"","_seopress_titles_title":"","_seopress_titles_desc":"","_seopress_robots_index":""},"product_brand":[],"product_cat":[530,654,242,19],"product_tag":[759,655],"class_list":{"0":"post-38123","1":"product","2":"type-product","3":"status-publish","4":"has-post-thumbnail","6":"product_cat-deals","7":"product_cat-led-high-bay-ufo-hanglamp","8":"product_cat-pro-led-verlichting","9":"product_cat-producten","10":"product_tag-high-bay-led","11":"product_tag-ufo-led-lamp","13":"first","14":"instock","15":"sale","16":"taxable","17":"shipping-taxable","18":"purchasable","19":"product-type-simple"},"_links":{"self":[{"href":"https:\/\/ledshoponline.be\/fr\/wp-json\/wp\/v2\/product\/38123","targetHints":{"allow":["GET"]}}],"collection":[{"href":"https:\/\/ledshoponline.be\/fr\/wp-json\/wp\/v2\/product"}],"about":[{"href":"https:\/\/ledshoponline.be\/fr\/wp-json\/wp\/v2\/types\/product"}],"replies":[{"embeddable":true,"href":"https:\/\/ledshoponline.be\/fr\/wp-json\/wp\/v2\/comments?post=38123"}],"version-history":[{"count":0,"href":"https:\/\/ledshoponline.be\/fr\/wp-json\/wp\/v2\/product\/38123\/revisions"}],"wp:featuredmedia":[{"embeddable":true,"href":"https:\/\/ledshoponline.be\/fr\/wp-json\/wp\/v2\/media\/38124"}],"wp:attachment":[{"href":"https:\/\/ledshoponline.be\/fr\/wp-json\/wp\/v2\/media?parent=38123"}],"wp:term":[{"taxonomy":"product_brand","embeddable":true,"href":"https:\/\/ledshoponline.be\/fr\/wp-json\/wp\/v2\/product_brand?post=38123"},{"taxonomy":"product_cat","embeddable":true,"href":"https:\/\/ledshoponline.be\/fr\/wp-json\/wp\/v2\/product_cat?post=38123"},{"taxonomy":"product_tag","embeddable":true,"href":"https:\/\/ledshoponline.be\/fr\/wp-json\/wp\/v2\/product_tag?post=38123"}],"curies":[{"name":"wp","href":"https:\/\/api.w.org\/{rel}","templated":true}]}}