{"id":19234,"date":"2017-11-18T10:17:07","date_gmt":"2017-11-18T10:17:07","guid":{"rendered":"https:\/\/hlncaxea.a2hosted.com\/?post_type=product&#038;p=19234"},"modified":"2025-03-09T19:42:46","modified_gmt":"2025-03-09T19:42:46","slug":"led-fluorescent-pro-120cm-18w-t8-daylight-ultra","status":"publish","type":"product","link":"https:\/\/ledshoponline.be\/fr\/shop\/producten\/led-tl-buizen\/120cm-led-tl\/led-tl-pro-120cm-18w-t8-daglicht-ultra\/","title":{"rendered":"LED TL PRO 120cm 18W T8 lumi\u00e8re du jour ULTRA"},"content":{"rendered":"<div id=\"idTab1\">\n<p>Beaucoup de gens ne savent pas que c'est possible, mais m\u00eame les tubes fluorescents peuvent \u00eatre remplac\u00e9s par des lampes \u00e0 incandescence.\u00a0<strong style=\"font-size: 12px;\">Tubes fluorescents \u00e0 LED<\/strong>. Vous pouvez voir notre tout dernier mod\u00e8le ici.<\/p>\n<\/div>\n<p style=\"font-size: 12px;\">Cette quatri\u00e8me g\u00e9n\u00e9ration est \u00e9quip\u00e9e de LED SMD. Apr\u00e8s des ann\u00e9es d'exp\u00e9rience, nous pouvons confirmer que ces\u00a0<strong style=\"font-size: 12px;\">LED<\/strong>\u00a0sont non seulement les plus efficaces et les plus belles couleurs de lumi\u00e8re, mais aussi les plus fiables.<\/p>\n<p class=\"MsoNormal\" style=\"font-size: 12px;\"><strong style=\"font-size: 12px;\">DEL SMD<\/strong>\u00a0sont utilis\u00e9s depuis des d\u00e9cennies, par exemple dans les radio-r\u00e9veils num\u00e9riques qui fournissent une lumi\u00e8re 24 heures sur 24. Elles ont d\u00e9j\u00e0 largement fait leurs preuves en termes de dur\u00e9e de vie. Ce n'est que depuis quelques ann\u00e9es que ces LED sont \u00e9galement disponibles avec des couleurs de lumi\u00e8re normales.<\/p>\n<p class=\"MsoNormal\" style=\"font-size: 12px;\">A\u00a0<strong style=\"font-size: 12px;\">LED FLUORESCENTE\u00a0<\/strong>vous \u00e9conomisez plus de 60% d'\u00e9nergie sans diff\u00e9rence notable de rendement lumineux. Un autre avantage est la dur\u00e9e de vie plus longue.<br \/>\nUn normal\u00a0<strong style=\"font-size: 12px;\">Tube fluorescent\u00a0<\/strong>ne dure que 10 000 heures dans la pratique, un\u00a0<strong style=\"font-size: 12px;\">Tube fluorescent LED\u00a0<\/strong>au moins 50 000 heures. Outre les \u00e9conomies substantielles sur votre facture d'\u00e9nergie, les tubes fluorescents \u00e0 LED permettent \u00e9galement de r\u00e9duire consid\u00e9rablement les co\u00fbts de remplacement. Par cons\u00e9quent, le remplacement de vos tubes fluorescents ordinaires par des\u00a0<strong style=\"font-size: 12px;\">Tubes fluorescents \u00e0 LED<\/strong>\u00a0un investissement tr\u00e8s attractif qui, dans la plupart des cas, est rentabilis\u00e9 en deux ans et dont les retomb\u00e9es financi\u00e8res se prolongent pendant une vingtaine d'ann\u00e9es.<\/p>\n<p class=\"MsoNormal\" style=\"font-size: 12px;\"><span style=\"font-size: 12pt;\"><strong>Ce qui rend nos LED fluorescentes si uniques :<\/strong>\u00a0<\/span><\/p>\n<p style=\"font-size: 12px;\"><span style=\"font-size: 12px;\">Nous disposons donc d'un cadre en aluminium \u00e0 double paroi, conducteur de chaleur.\u00a0<\/span><span style=\"font-size: 12px;\">qui dissipe la chaleur produite par les LED \u00e0 l'arri\u00e8re du tube.<\/span><\/p>\n<p style=\"font-size: 12px;\"><span style=\"font-size: 12px;\">Vous verrez souvent \u00e0\u00a0<strong style=\"font-size: 12px;\">LED FLUORESCENTE<\/strong>\u00a0Que les DEL soient enti\u00e8rement enferm\u00e9es dans un\u00a0<\/span><span style=\"font-size: 12px;\">Les LED ne pourront alors pas dissiper leur chaleur correctement et auront beaucoup d'\u00e9nergie.\u00a0<\/span><span style=\"font-size: 12px;\">se d\u00e9composent plus rapidement. Ce n'est pas le cas avec YARLED. De plus, ils ont\u00a0<\/span><span style=\"font-size: 12px;\">notre\u00a0<strong style=\"font-size: 12px;\">LED FLUORESCENTE\u00a0<\/strong>un couvercle en verre acrylique d\u00e9poli permettant \u00e0 la lumi\u00e8re de briller magnifiquement\u00a0<\/span><span style=\"font-size: 12px;\">est distribu\u00e9 et on ne voit pas les LED. Ce nouveau couvercle garantit\u00a0<\/span><span style=\"font-size: 12px;\">que le tube fluorescent \u00e0 LED allum\u00e9 a exactement la m\u00eame apparence de loin\u00a0<\/span><span style=\"font-size: 12px;\">en tant que normal\u00a0<strong style=\"font-size: 12px;\">LED FLUORESCENTE<\/strong>. Vous ne verrez pas la diff\u00e9rence ! Les extr\u00e9mit\u00e9s sont en\u00a0<\/span><span style=\"font-size: 12px;\">plastique tr\u00e8s r\u00e9sistant afin que ces tubes soient tr\u00e8s durables et qu'ils puissent \u00eatre utilis\u00e9s pendant toute la dur\u00e9e de vie du produit.<\/span><br \/>\n<span style=\"font-size: 12px;\">le transport ne peut \u00eatre endommag\u00e9.<\/span><\/p>\n<p><strong>Le remplacement d'une lampe fluorescente par une lampe fluorescente \u00e0 LED est tr\u00e8s simple.<\/strong><\/p>\n<p><strong>Comment l'installer :<\/strong><\/p>\n<ul>\n<li>Avez-vous un appareil avec d\u00e9marreur ?<br \/>\nRetirer l'amorce et la remplacer par l'amorce LED incluse et ins\u00e9rer la LED fluorescente. Pr\u00eat (voir shema)<\/li>\n<\/ul>\n<ul>\n<li>\n<div><strong>Remarque !<br \/>\nSi le luminaire fluorescent utilise un ballast haute fr\u00e9quence, retirez-le du circuit et connectez-le comme le sch\u00e9ma ci-dessous sur un c\u00f4t\u00e9.<\/strong><\/div>\n<\/li>\n<\/ul>\n<p>Avec d\u00e9marreur LED :<\/p>\n<p><img decoding=\"async\" class=\"alignnone wp-image-19226 size-full\" title=\"Avec d\u00e9marreur LED\" src=\"https:\/\/ledshoponline.be\/wp-content\/uploads\/2017\/11\/one-side-with-LED-starter-Mobile-Met-ledstarter.jpg\" alt=\"Avec d\u00e9marreur LED\" width=\"480\" height=\"134\" \/><\/p>\n<p><strong>Sans d\u00e9marreur, un ballast haute fr\u00e9quence :<\/strong><\/p>\n<p><img decoding=\"async\" class=\"size-full wp-image-19230\" src=\"https:\/\/ledshoponline.be\/wp-content\/uploads\/2017\/11\/Schema-LED-TL-Hoogfrequent-13-LED-tl-schema.jpg\" alt=\"Tube fluorescent LED\" width=\"387\" height=\"292\" \/><\/p>","protected":false},"excerpt":{"rendered":"<p>Les meilleurs tubes fluorescents LED disponibles sur le march\u00e9. Blanc froid 5500k-6000K<br \/>\nRemplace un tube fluorescent traditionnel de 120 cm de 36 W. Fourni avec un starter LED. Un facteur de puissance de 0,95 et les marques de qualit\u00e9 CE, Rohs, T\u00dcV garantissent la meilleure qualit\u00e9.<br \/>\nVersion ultra lumineuse avec les LED les plus puissantes 140lm en blanc froid.<\/p>","protected":false},"featured_media":19235,"comment_status":"closed","ping_status":"closed","template":"","meta":{"_seopress_robots_primary_cat":"","_seopress_titles_title":"","_seopress_titles_desc":"","_seopress_robots_index":""},"product_brand":[],"product_cat":[74,530,49,19,112],"product_tag":[75,78],"class_list":{"0":"post-19234","1":"product","2":"type-product","3":"status-publish","4":"has-post-thumbnail","6":"product_cat-120cm-led-tl","7":"product_cat-deals","8":"product_cat-led-tl-buizen","9":"product_cat-producten","10":"product_cat-stock-opruiming","11":"product_tag-120cm-led-tl","12":"product_tag-led-tl-buis","14":"first","15":"instock","16":"sale","17":"taxable","18":"shipping-taxable","19":"purchasable","20":"product-type-simple"},"_links":{"self":[{"href":"https:\/\/ledshoponline.be\/fr\/wp-json\/wp\/v2\/product\/19234","targetHints":{"allow":["GET"]}}],"collection":[{"href":"https:\/\/ledshoponline.be\/fr\/wp-json\/wp\/v2\/product"}],"about":[{"href":"https:\/\/ledshoponline.be\/fr\/wp-json\/wp\/v2\/types\/product"}],"replies":[{"embeddable":true,"href":"https:\/\/ledshoponline.be\/fr\/wp-json\/wp\/v2\/comments?post=19234"}],"version-history":[{"count":0,"href":"https:\/\/ledshoponline.be\/fr\/wp-json\/wp\/v2\/product\/19234\/revisions"}],"wp:featuredmedia":[{"embeddable":true,"href":"https:\/\/ledshoponline.be\/fr\/wp-json\/wp\/v2\/media\/19235"}],"wp:attachment":[{"href":"https:\/\/ledshoponline.be\/fr\/wp-json\/wp\/v2\/media?parent=19234"}],"wp:term":[{"taxonomy":"product_brand","embeddable":true,"href":"https:\/\/ledshoponline.be\/fr\/wp-json\/wp\/v2\/product_brand?post=19234"},{"taxonomy":"product_cat","embeddable":true,"href":"https:\/\/ledshoponline.be\/fr\/wp-json\/wp\/v2\/product_cat?post=19234"},{"taxonomy":"product_tag","embeddable":true,"href":"https:\/\/ledshoponline.be\/fr\/wp-json\/wp\/v2\/product_tag?post=19234"}],"curies":[{"name":"wp","href":"https:\/\/api.w.org\/{rel}","templated":true}]}}