{"id":19223,"date":"2017-10-28T12:55:08","date_gmt":"2017-10-28T12:55:08","guid":{"rendered":"https:\/\/hlncaxea.a2hosted.com\/?post_type=product&#038;p=19223"},"modified":"2025-03-09T19:42:45","modified_gmt":"2025-03-09T19:42:45","slug":"ampoule-led-e27-125mm-2700k-8w-filament-dimmable-g125","status":"publish","type":"product","link":"https:\/\/ledshoponline.be\/fr\/shop\/producten\/led-lampen\/led-filament-lampen\/e27-led-bol-125mm-2700k-8w-filament-dimbaar-g125\/","title":{"rendered":"Ampoule LED E27 125mm 2100k 4.5-6W filament dimmable G125 Gold"},"content":{"rendered":"<p>Ampoule LED E27 Ambre G125 qui ressemble \u00e0 l'ampoule d'origine. Lumi\u00e8re chaude 2100k CRI80.<br \/>\nEnti\u00e8rement en verre et \u00e0 intensit\u00e9 variable. Avec la derni\u00e8re technologie de filament. Unique inclut un nouveau driver de 100Hz (pas de scintillement)<\/p>\n<p>Une ampoule LED attrayante qui diffuse une belle lumi\u00e8re chaude \u00e0 360\u00b0.<br \/>\nId\u00e9al pour la restauration et l'usage domestique.<\/p>","protected":false},"excerpt":{"rendered":"<p><strong>Fiche produit<br \/>\n<\/strong><strong><a href=\"https:\/\/eprel.ec.europa.eu\/informationsheet\/Fiche_625904_NL.pdf\">FR<\/a>\u00a0|\u00a0<a href=\"https:\/\/eprel.ec.europa.eu\/informationsheet\/Fiche_625904_FR.pdf\">FR\u00a0<\/a>|\u00a0<a href=\"https:\/\/eprel.ec.europa.eu\/informationsheet\/Fiche_625904_EN.pdf\">ET\u00a0<\/a>|\u00a0<a href=\"https:\/\/eprel.ec.europa.eu\/informationsheet\/Fiche_625904_DE.pdf\">LE<\/a><\/strong><\/p>","protected":false},"featured_media":19224,"comment_status":"closed","ping_status":"closed","template":"","meta":{"_seopress_robots_primary_cat":"","_seopress_titles_title":"","_seopress_titles_desc":"","_seopress_robots_index":""},"product_brand":[],"product_cat":[268,111,20,19],"product_tag":[719],"class_list":{"0":"post-19223","1":"product","2":"type-product","3":"status-publish","4":"has-post-thumbnail","6":"product_cat-led-filament-lampen","7":"product_cat-led-lamp-e27","8":"product_cat-led-lampen","9":"product_cat-producten","10":"product_tag-g125-led","12":"first","13":"instock","14":"sale","15":"taxable","16":"shipping-taxable","17":"purchasable","18":"product-type-simple"},"_links":{"self":[{"href":"https:\/\/ledshoponline.be\/fr\/wp-json\/wp\/v2\/product\/19223","targetHints":{"allow":["GET"]}}],"collection":[{"href":"https:\/\/ledshoponline.be\/fr\/wp-json\/wp\/v2\/product"}],"about":[{"href":"https:\/\/ledshoponline.be\/fr\/wp-json\/wp\/v2\/types\/product"}],"replies":[{"embeddable":true,"href":"https:\/\/ledshoponline.be\/fr\/wp-json\/wp\/v2\/comments?post=19223"}],"version-history":[{"count":0,"href":"https:\/\/ledshoponline.be\/fr\/wp-json\/wp\/v2\/product\/19223\/revisions"}],"wp:featuredmedia":[{"embeddable":true,"href":"https:\/\/ledshoponline.be\/fr\/wp-json\/wp\/v2\/media\/19224"}],"wp:attachment":[{"href":"https:\/\/ledshoponline.be\/fr\/wp-json\/wp\/v2\/media?parent=19223"}],"wp:term":[{"taxonomy":"product_brand","embeddable":true,"href":"https:\/\/ledshoponline.be\/fr\/wp-json\/wp\/v2\/product_brand?post=19223"},{"taxonomy":"product_cat","embeddable":true,"href":"https:\/\/ledshoponline.be\/fr\/wp-json\/wp\/v2\/product_cat?post=19223"},{"taxonomy":"product_tag","embeddable":true,"href":"https:\/\/ledshoponline.be\/fr\/wp-json\/wp\/v2\/product_tag?post=19223"}],"curies":[{"name":"wp","href":"https:\/\/api.w.org\/{rel}","templated":true}]}}